{"id":279,"date":"2020-02-10T14:20:23","date_gmt":"2020-02-10T14:20:23","guid":{"rendered":"https:\/\/mmkt.dev\/market\/?page_id=279"},"modified":"2022-03-09T11:00:32","modified_gmt":"2022-03-09T11:00:32","slug":"targetes","status":"publish","type":"page","link":"https:\/\/market.citilab.eu\/ca\/targetes\/","title":{"rendered":"Comen\u00e7a a programar"},"content":{"rendered":"<div class=\"wpb-content-wrapper\">[vc_section][vc_row][vc_column][vc_column_text]\n<h2>Targetes<\/h2>\n<p><span style=\"font-weight: 400;\">Descarrega\u2019t les targetes de programaci\u00f3 <\/span><a href=\"https:\/\/cloud.citilab.eu\/s\/gBngxbAfctZ4g6o\" target=\"_blank\" rel=\"noopener noreferrer\"><span style=\"font-weight: 400;\">microBlocks ED1<\/span><\/a><span style=\"font-weight: 400;\"> per comen\u00e7ar. Segueix els reptes que es proposen pas a pas i descobreix aix\u00ed les funcions b\u00e0siques que t\u2019ajudaran a comen\u00e7ar els teus primers projectes!<\/span>[\/vc_column_text][\/vc_column][\/vc_row][vc_row][vc_column]<div class=\"wpex-slider-preloaderimg wpex-relative no-stretch\"><img width=\"500\" height=\"352\" src=\"https:\/\/market.citilab.eu\/wp-content\/uploads\/2020\/02\/Targetes-microBlocks-ED1-1color.jpg\" class=\"skip-lazy\" alt=\"\" data-no-lazy=\"1\" srcset=\"https:\/\/market.citilab.eu\/wp-content\/uploads\/2020\/02\/Targetes-microBlocks-ED1-1color.jpg 500w, https:\/\/market.citilab.eu\/wp-content\/uploads\/2020\/02\/Targetes-microBlocks-ED1-1color-300x211.jpg 300w\" sizes=\"(max-width: 500px) 100vw, 500px\" \/><\/div><div class=\"vcex-image-slider vcex-module wpex-slider slider-pro wpex-clr no-stretch wpex-lightbox-group\" data-loop=\"true\" data-auto-play-delay=\"5000\" data-buttons=\"false\" data-fade-arrows=\"false\" data-animation-speed=\"600\" data-height-animation-duration=\"500\" data-thumbnail-height=\"70\" data-thumbnail-width=\"70\" data-reach-video-action=\"none\" data-touch-swipe-desktop=\"false\" data-show_title=\"false\"><div class=\"wpex-slider-slides sp-slides\"><div class=\"wpex-slider-slide sp-slide\"><div class=\"wpex-slider-media wpex-relative\"><a href=\"https:\/\/market.citilab.eu\/wp-content\/uploads\/2020\/02\/Targetes-microBlocks-ED1-1color.jpg\" class=\"vcex-flexslider-entry-img wpex-slider-media-link wpex-lightbox-group-item\"><img width=\"500\" height=\"352\" src=\"https:\/\/market.citilab.eu\/wp-content\/uploads\/2020\/02\/Targetes-microBlocks-ED1-1color.jpg\" class=\"skip-lazy\" alt=\"\" data-no-lazy=\"1\" srcset=\"https:\/\/market.citilab.eu\/wp-content\/uploads\/2020\/02\/Targetes-microBlocks-ED1-1color.jpg 500w, https:\/\/market.citilab.eu\/wp-content\/uploads\/2020\/02\/Targetes-microBlocks-ED1-1color-300x211.jpg 300w\" sizes=\"(max-width: 500px) 100vw, 500px\" \/><\/a><\/div><\/div><div class=\"wpex-slider-slide sp-slide\"><div class=\"wpex-slider-media wpex-relative\"><a href=\"https:\/\/market.citilab.eu\/wp-content\/uploads\/2020\/02\/Targetes-microBlocks-ED1-2color.jpg\" class=\"vcex-flexslider-entry-img wpex-slider-media-link wpex-lightbox-group-item\"><img width=\"500\" height=\"352\" src=\"https:\/\/market.citilab.eu\/wp-content\/uploads\/2020\/02\/Targetes-microBlocks-ED1-2color.jpg\" class=\"skip-lazy\" alt=\"\" data-no-lazy=\"1\" srcset=\"https:\/\/market.citilab.eu\/wp-content\/uploads\/2020\/02\/Targetes-microBlocks-ED1-2color.jpg 500w, https:\/\/market.citilab.eu\/wp-content\/uploads\/2020\/02\/Targetes-microBlocks-ED1-2color-300x211.jpg 300w\" sizes=\"(max-width: 500px) 100vw, 500px\" \/><\/a><\/div><\/div><div class=\"wpex-slider-slide sp-slide\"><div class=\"wpex-slider-media wpex-relative\"><a href=\"https:\/\/market.citilab.eu\/wp-content\/uploads\/2020\/02\/Targetes-microBlocks-ED1-3color.jpg\" class=\"vcex-flexslider-entry-img wpex-slider-media-link wpex-lightbox-group-item\"><img width=\"500\" height=\"352\" src=\"https:\/\/market.citilab.eu\/wp-content\/uploads\/2020\/02\/Targetes-microBlocks-ED1-3color.jpg\" class=\"skip-lazy\" alt=\"\" data-no-lazy=\"1\" srcset=\"https:\/\/market.citilab.eu\/wp-content\/uploads\/2020\/02\/Targetes-microBlocks-ED1-3color.jpg 500w, https:\/\/market.citilab.eu\/wp-content\/uploads\/2020\/02\/Targetes-microBlocks-ED1-3color-300x211.jpg 300w\" sizes=\"(max-width: 500px) 100vw, 500px\" \/><\/a><\/div><\/div><div class=\"wpex-slider-slide sp-slide\"><div class=\"wpex-slider-media wpex-relative\"><a href=\"https:\/\/market.citilab.eu\/wp-content\/uploads\/2020\/02\/Targetes-microBlocks-ED1-4color.jpg\" class=\"vcex-flexslider-entry-img wpex-slider-media-link wpex-lightbox-group-item\"><img width=\"500\" height=\"352\" src=\"https:\/\/market.citilab.eu\/wp-content\/uploads\/2020\/02\/Targetes-microBlocks-ED1-4color.jpg\" class=\"skip-lazy\" alt=\"\" data-no-lazy=\"1\" srcset=\"https:\/\/market.citilab.eu\/wp-content\/uploads\/2020\/02\/Targetes-microBlocks-ED1-4color.jpg 500w, https:\/\/market.citilab.eu\/wp-content\/uploads\/2020\/02\/Targetes-microBlocks-ED1-4color-300x211.jpg 300w\" sizes=\"(max-width: 500px) 100vw, 500px\" \/><\/a><\/div><\/div><div class=\"wpex-slider-slide sp-slide\"><div class=\"wpex-slider-media wpex-relative\"><a href=\"https:\/\/market.citilab.eu\/wp-content\/uploads\/2020\/12\/Targetes-microBlocks-ED1_5-1.png\" class=\"vcex-flexslider-entry-img wpex-slider-media-link wpex-lightbox-group-item\"><img width=\"500\" height=\"351\" src=\"https:\/\/market.citilab.eu\/wp-content\/uploads\/2020\/12\/Targetes-microBlocks-ED1_5-1.png\" class=\"skip-lazy\" alt=\"\" data-no-lazy=\"1\" srcset=\"https:\/\/market.citilab.eu\/wp-content\/uploads\/2020\/12\/Targetes-microBlocks-ED1_5-1.png 500w, https:\/\/market.citilab.eu\/wp-content\/uploads\/2020\/12\/Targetes-microBlocks-ED1_5-1-300x211.png 300w\" sizes=\"(max-width: 500px) 100vw, 500px\" \/><\/a><\/div><\/div><\/div><\/div><div class=\"vcex-spacing wpex-w-100 wpex-clear visible-desktop-large\" style=\"height:100px;\"><\/div><style>.vcex-button.vcex_69dac64c67754{background:#f07121;color:#ffffff!important;padding-block:15px;padding-inline:100px;}<\/style><div class=\"theme-button-wrap textcenter theme-button-block-wrap wpex-block wpex-clear wpex-clr\"><a href=\"https:\/\/cloud.citilab.eu\/s\/gBngxbAfctZ4g6o\" class=\"vcex-button theme-button small align-center block vcex_69dac64c67754\" target=\"_blank\" rel=\"nofollow noopener noreferrer\" download><span class=\"vcex-button-inner theme-button-inner wpex-flex wpex-flex-wrap wpex-items-center wpex-justify-center\"><span class=\"vcex-button-icon vcex-icon-wrap theme-button-icon-left\"><span aria-hidden=\"true\" class=\"far fa-file-alt\"><\/span><\/span>Descarregar PDF<\/span><\/a><\/div> [\/vc_column][\/vc_row][vc_row][vc_column][vc_column_text]\n<h2>Videos d&#8217;exemple<\/h2>\n<p><span style=\"font-weight: 400;\">V\u00eddeos curts amb exemples d&#8217;\u00fas d&#8217;alguns elements de la placa ED1 i la seva programaci\u00f3 fent servir <span class=\"hiddenSpellError\">microBlocks<\/span>.<\/span>[\/vc_column_text][\/vc_column][\/vc_row][vc_row][vc_column][vc_video link=&#8221;https:\/\/youtu.be\/jx22ShZ-OMI&#8221; el_width=&#8221;50&#8243; align=&#8221;center&#8221; title=&#8221;Canvi de color de la pantalla&#8221;][\/vc_column][\/vc_row][vc_row][vc_column][vc_video link=&#8221;https:\/\/youtu.be\/Wa-Bdg9RVCo&#8221; el_width=&#8221;50&#8243; align=&#8221;center&#8221; title=&#8221;Iteraci\u00f3 de quadrats&#8221;][vc_column_text]\n<p style=\"text-align: center;\"><a href=\"https:\/\/microblocks.fun\/run\/microblocks.html#scripts=GP%20Script%0Adepends%20%27ED1%20Buttons%27%20%27TFT%27%0A%0Ascript%20400%20163%20%7B%0AwhenCondition%20%28%27OK%20button%27%29%0Aforever%20%7B%0A%20%20for%20i%20%28%28%27%5Btft%3AgetWidth%5D%27%29%20%2F%202%29%20%7B%0A%20%20%20%20%27%5Btft%3Arect%5D%27%20i%20i%20%28%28%27%5Btft%3AgetWidth%5D%27%29%20-%20%28i%20%2A%202%29%29%20%28%28%27%5Btft%3AgetHeight%5D%27%29%20-%20%28i%20%2A%202%29%29%20%28randomColor%29%20false%0A%20%20%7D%0A%20%20waitMillis%2040%0A%7D%0A%7D%0A%0A\" target=\"_blank\" rel=\"noopener\">Obrir microBlocks<\/a> amb el codi de l&#8217;exemple.<\/p>\n[\/vc_column_text][\/vc_column][\/vc_row][vc_row][vc_column][vc_video link=&#8221;https:\/\/youtu.be\/6u4Hd6OYTHg&#8221; el_width=&#8221;50&#8243; align=&#8221;center&#8221; title=&#8221;Suma de figures&#8221;][vc_column_text]\n<p style=\"text-align: center;\"><a href=\"https:\/\/microblocks.fun\/run\/microblocks.html#scripts=GP%20Scripts%0Adepends%20%27ED1%20Buttons%27%20%27LED%20Display%27%20%27TFT%27%0A%0Ascript%20427%2086%20%7B%0AwhenCondition%20%28%27down%20button%27%29%0A%27%5Bdisplay%3AmbDisplayOff%5D%27%0A%27%5Btft%3Acircle%5D%27%2030%2060%2020%20%28colorSwatch%20255%20255%20255%20255%29%0A%27%5Btft%3Acircle%5D%27%2090%2060%2020%20%28colorSwatch%20255%20255%20255%20255%29%0A%27%5Btft%3Acircle%5D%27%2090%2065%2010%20%28colorSwatch%204%204%204%20255%29%0A%27%5Btft%3Acircle%5D%27%2030%2065%2010%20%28colorSwatch%204%204%204%20255%29%0AwaitMillis%20500%0A%7D%0A%0Ascript%20882%2091%20%7B%0AwhenCondition%20%28%27up%20button%27%29%0A%27%5Bdisplay%3AmbDisplayOff%5D%27%0A%27%5Btft%3Acircle%5D%27%2030%2060%2020%20%28colorSwatch%20255%20255%20255%20255%29%0A%27%5Btft%3Acircle%5D%27%2090%2060%2020%20%28colorSwatch%20255%20255%20255%20255%29%0A%27%5Btft%3Acircle%5D%27%2090%2055%2010%20%28colorSwatch%204%204%204%20255%29%0A%27%5Btft%3Acircle%5D%27%2030%2055%2010%20%28colorSwatch%204%204%204%20255%29%0AwaitUntil%20%28not%20%28%27up%20button%27%29%29%0A%7D%0A%0A\" target=\"_blank\" rel=\"noopener\">Obrir microBlocks<\/a> amb el codi de l&#8217;exemple.<\/p>\n[\/vc_column_text][\/vc_column][\/vc_row][vc_row][vc_column][vc_video link=&#8221;https:\/\/youtu.be\/MdojGUPlu2A&#8221; el_width=&#8221;50&#8243; align=&#8221;center&#8221; title=&#8221;Mostra de text a la pantalla&#8221;][vc_column_text]\n<p style=\"text-align: center;\"><a href=\"https:\/\/microblocks.fun\/run\/microblocks.html#scripts=GP%20Script%0Adepends%20%27LED%20Display%27%20%27TFT%27%0A%0Ascript%20557%20118%20%7B%0AwhenStarted%0A%27%5Bdisplay%3AmbDisplayOff%5D%27%0Afor%20i%2010%20%7B%0A%20%20escala%20%3D%20i%0A%20%20%27%5Btft%3Atext%5D%27%20%27ED1%27%20%28%28%28%27%5Btft%3AgetWidth%5D%27%29%20-%20%28%28size%20%27ED1%27%29%20%2A%20%285%20%2A%20escala%29%29%29%20%2F%202%29%20%28%28%28%27%5Btft%3AgetHeight%5D%27%29%20-%20%281%20%2A%20%287%20%2A%20escala%29%29%29%20%2F%202%29%20%28randomColor%29%20escala%20false%0A%20%20waitMillis%20200%0A%7D%0A%7D%0A%0A\" target=\"_blank\" rel=\"noopener\">Obrir microBlocks<\/a> amb el codi de l&#8217;exemple.<\/p>\n[\/vc_column_text][\/vc_column][\/vc_row][vc_row][vc_column][vc_video link=&#8221;https:\/\/youtu.be\/6UhCFGEqUxw&#8221; el_width=&#8221;50&#8243; align=&#8221;center&#8221; title=&#8221;Dibuix lineal&#8221;][vc_column_text]\n<p style=\"text-align: center;\"><a href=\"https:\/\/microblocks.fun\/run\/microblocks.html#scripts=GP%20Script%0Adepends%20%27ED1%20Buttons%27%20%27LED%20Display%27%20%27TFT%27%20%27Turtle%27%0A%0Ascript%20497%20105%20%7B%0AwhenStarted%0Ahome%0A%27set%20pen%20color%20to%27%20%28colorSwatch%2035%20190%2030%20255%29%0A%27pen%20down%27%0Aforever%20%7B%0A%20%20if%20%28%27up%20button%27%29%20%7B%0A%20%20%20%20setHeading%20270%0A%20%20%20%20move%202%0A%20%20%7D%20%28%27down%20button%27%29%20%7B%0A%20%20%20%20setHeading%2090%0A%20%20%20%20move%202%0A%20%20%7D%20%28%27left%20button%27%29%20%7B%0A%20%20%20%20setHeading%20180%0A%20%20%20%20move%202%0A%20%20%7D%20%28%27right%20button%27%29%20%7B%0A%20%20%20%20setHeading%200%0A%20%20%20%20move%202%0A%20%20%7D%20%28%27cancel%20button%27%29%20%7B%0A%20%20%20%20%27%5Bdisplay%3AmbDisplayOff%5D%27%0A%20%20%7D%0A%20%20waitMillis%2050%0A%7D%0A%7D%0A%0A\" target=\"_blank\" rel=\"noopener\">Obrir microBlocks<\/a> amb el codi de l&#8217;exemple.<\/p>\n[\/vc_column_text][\/vc_column][\/vc_row][vc_row][vc_column][vc_video link=&#8221;https:\/\/youtu.be\/ZyQwo388P0c&#8221; el_width=&#8221;50&#8243; align=&#8221;center&#8221; title=&#8221;Dibuix d&#8217;una mandala&#8221;][vc_column_text]\n<p style=\"text-align: center;\"><a href=\"https:\/\/microblocks.fun\/run\/microblocks.html#scripts=GP%20Script%0Adepends%20%27LED%20Display%27%20%27TFT%27%20%27Turtle%27%0A%0Ascript%20458%2090%20%7B%0AwhenStarted%0Ahome%0A%27pen%20down%27%0A%27%5Bdisplay%3AmbDisplayOff%5D%27%0Avegades%20%3D%20%28random%2010%2020%29%0Arepeat%20vegades%20%7B%0A%20%20%27set%20pen%20color%20to%27%20%28randomColor%29%0A%20%20repeat%204%20%7B%0A%20%20%20%20move%2040%0A%20%20%20%20turnBy%2090%0A%20%20%7D%0A%20%20turnFraction%201%20vegades%0A%7D%0A%7D%0A%0A\" target=\"_blank\" rel=\"noopener\">Obrir microBlocks<\/a> amb el codi de l&#8217;exemple.<\/p>\n[\/vc_column_text][\/vc_column][\/vc_row][\/vc_section]\n<\/div>","protected":false},"excerpt":{"rendered":"<p>[vc_section][vc_row][vc_column][vc_column_text] Targetes Descarrega\u2019t les targetes de programaci\u00f3 microBlocks ED1 per comen\u00e7ar. Segueix els reptes que es proposen pas a pas i descobreix aix\u00ed les funcions b\u00e0siques que t\u2019ajudaran a comen\u00e7ar els teus primers projectes![\/vc_column_text][\/vc_column][\/vc_row][vc_row][vc_column][\/vc_column][\/vc_row][vc_row][vc_column][vc_column_text] Videos d&#8217;exemple V\u00eddeos curts amb exemples d&#8217;\u00fas d&#8217;alguns elements de la placa ED1 i la seva programaci\u00f3 fent servir microBlocks.[\/vc_column_text][\/vc_column][\/vc_row][vc_row][vc_column][vc_video link=&#8221;https:\/\/youtu.be\/jx22ShZ-OMI&#8221;&hellip;<\/p>\n","protected":false},"author":1,"featured_media":0,"parent":0,"menu_order":0,"comment_status":"closed","ping_status":"closed","template":"","meta":{"footnotes":""},"class_list":["post-279","page","type-page","status-publish","hentry","entry","no-media"],"_links":{"self":[{"href":"https:\/\/market.citilab.eu\/ca\/wp-json\/wp\/v2\/pages\/279","targetHints":{"allow":["GET"]}}],"collection":[{"href":"https:\/\/market.citilab.eu\/ca\/wp-json\/wp\/v2\/pages"}],"about":[{"href":"https:\/\/market.citilab.eu\/ca\/wp-json\/wp\/v2\/types\/page"}],"author":[{"embeddable":true,"href":"https:\/\/market.citilab.eu\/ca\/wp-json\/wp\/v2\/users\/1"}],"replies":[{"embeddable":true,"href":"https:\/\/market.citilab.eu\/ca\/wp-json\/wp\/v2\/comments?post=279"}],"version-history":[{"count":25,"href":"https:\/\/market.citilab.eu\/ca\/wp-json\/wp\/v2\/pages\/279\/revisions"}],"predecessor-version":[{"id":1269,"href":"https:\/\/market.citilab.eu\/ca\/wp-json\/wp\/v2\/pages\/279\/revisions\/1269"}],"wp:attachment":[{"href":"https:\/\/market.citilab.eu\/ca\/wp-json\/wp\/v2\/media?parent=279"}],"curies":[{"name":"wp","href":"https:\/\/api.w.org\/{rel}","templated":true}]}}