{"id":324,"date":"2020-02-11T09:05:07","date_gmt":"2020-02-11T09:05:07","guid":{"rendered":"https:\/\/mmkt.dev\/market\/?page_id=324"},"modified":"2022-01-24T12:04:02","modified_gmt":"2022-01-24T12:04:02","slug":"installacio-de-microblocks","status":"publish","type":"page","link":"https:\/\/market.citilab.eu\/ca\/installacio-de-microblocks\/","title":{"rendered":"Posada en marxa de l&#8217;ED1"},"content":{"rendered":"<div class=\"wpb-content-wrapper\">[vc_section][vc_row][vc_column][vc_column_text width=&#8221;440&#8243; align=&#8221;center&#8221;]\n<div style=\"width: 640px;\" class=\"wp-video\"><video class=\"wp-video-shortcode\" id=\"video-324-1\" width=\"640\" height=\"360\" loop autoplay preload=\"auto\" controls=\"controls\"><source type=\"video\/mp4\" src=\"https:\/\/market.citilab.eu\/wp-content\/uploads\/2022\/01\/concurrency.mp4?_=1\" \/><a href=\"https:\/\/market.citilab.eu\/wp-content\/uploads\/2022\/01\/concurrency.mp4\">https:\/\/market.citilab.eu\/wp-content\/uploads\/2022\/01\/concurrency.mp4<\/a><\/video><\/div>\n[\/vc_column_text][\/vc_column][\/vc_row][vc_row][vc_column][vc_column_text]\n<h3 style=\"text-align: center;\"><span style=\"font-size: 16px; color: #ff9900;\">En aquesta p\u00e0gina es presenten una s\u00e8rie de v\u00eddeos breus que introdueixen la placa ED1 i el seu entorn de programaci\u00f3 MicroBlocks.<\/span><\/h3>\n<h3 style=\"text-align: center;\"><span style=\"font-size: 16px; color: #ff9900;\">\u00c9s important fer tots els passos que es recomanen abans de comen\u00e7ar a crear i programar. D\u2019aquesta manera s\u2019estar\u00e0 fent un \u00fas m\u00e9s segur de la placa i de l\u2019eina.<\/span><\/h3>\n[\/vc_column_text][\/vc_column][\/vc_row][vc_row][vc_column width=&#8221;1\/2&#8243;][vc_video link=&#8221;https:\/\/www.youtube.com\/watch?v=JgwhCjOixS4&#8243;][\/vc_column][vc_column width=&#8221;1\/2&#8243;][vc_empty_space][vc_custom_heading text=&#8221;\u2b05\ufe0f \u2b05\ufe0f DESCARREGA&#8217;T MICROBLOCKS&#8221; font_container=&#8221;tag:h2|text_align:center|color:%23dd9933&#8243; google_fonts=&#8221;font_family:Fira%20Sans%3A300%2C300italic%2C400%2C400italic%2C500%2C500italic%2C700%2C700italic|font_style:400%20regular%3A400%3Anormal&#8221;][vc_empty_space][vc_custom_heading text=&#8221;Per programar amb MicroBlocks es pot fer utilitzant la versi\u00f3 web d&#8217;aquest entorn o b\u00e9, descarregar-lo en local.<br \/>\nLa versi\u00f3 instal\u00b7lada \u00e9s m\u00e9s r\u00e0pida i es connecta autom\u00e0ticament a la placa.&#8221; font_container=&#8221;tag:h3|text_align:center&#8221; google_fonts=&#8221;font_family:Fira%20Sans%3A300%2C300italic%2C400%2C400italic%2C500%2C500italic%2C700%2C700italic|font_style:400%20regular%3A400%3Anormal&#8221;][\/vc_column][\/vc_row][\/vc_section][vc_row][vc_column width=&#8221;1\/2&#8243;][vc_empty_space][vc_custom_heading text=&#8221;INSTAL\u00b7LACI\u00d3 DEL DRIVER \u27a1\ufe0f \u27a1\ufe0f&#8221; font_container=&#8221;tag:h2|text_align:center|color:%23dd9933&#8243; google_fonts=&#8221;font_family:Fira%20Sans%3A300%2C300italic%2C400%2C400italic%2C500%2C500italic%2C700%2C700italic|font_style:400%20regular%3A400%3Anormal&#8221;][vc_empty_space][vc_custom_heading text=&#8221;La instal\u00b7laci\u00f3 del driver \u00e9s necess\u00e0ria perqu\u00e8 l\u2019ordinador pugui detectar la placa connectada.<br \/>\nEl driver enlla\u00e7a el dispositiu amb l\u2019ordinador.&#8221; font_container=&#8221;tag:h3|text_align:center&#8221; google_fonts=&#8221;font_family:Fira%20Sans%3A300%2C300italic%2C400%2C400italic%2C500%2C500italic%2C700%2C700italic|font_style:400%20regular%3A400%3Anormal&#8221;][\/vc_column][vc_column width=&#8221;1\/2&#8243;][vc_video link=&#8221;https:\/\/www.youtube.com\/watch?v=O_ycmwdx3tc&#8221; align=&#8221;center&#8221;][\/vc_column][\/vc_row][vc_row][vc_column width=&#8221;1\/2&#8243;][vc_video link=&#8221;https:\/\/www.youtube.com\/watch?v=07BavfoTIx0&#8243; align=&#8221;center&#8221;][\/vc_column][vc_column width=&#8221;1\/2&#8243;][vc_empty_space][vc_custom_heading text=&#8221;\u2b05\ufe0f \u2b05\ufe0f REINICIA LA PLACA&#8221; font_container=&#8221;tag:h2|text_align:center|color:%23dd9933&#8243; google_fonts=&#8221;font_family:Fira%20Sans%3A300%2C300italic%2C400%2C400italic%2C500%2C500italic%2C700%2C700italic|font_style:400%20regular%3A400%3Anormal&#8221;][vc_empty_space][vc_custom_heading text=&#8221;Saber esborrar la informaci\u00f3 de la placa i actualitzar-ne el firmware \u00e9s clau per restaurar-la si es queda penjada o hi ha una actualitzaci\u00f3 important.&#8221; font_container=&#8221;tag:h3|text_align:center&#8221; google_fonts=&#8221;font_family:Fira%20Sans%3A300%2C300italic%2C400%2C400italic%2C500%2C500italic%2C700%2C700italic|font_style:400%20regular%3A400%3Anormal&#8221;][\/vc_column][\/vc_row][vc_row][vc_column width=&#8221;1\/2&#8243;][vc_empty_space][vc_custom_heading text=&#8221;COMPROVA ELS SENSORS I ACTUADORS DE LA PLACA \u27a1\ufe0f \u27a1\ufe0f&#8221; font_container=&#8221;tag:h2|text_align:center|color:%23dd9933&#8243; google_fonts=&#8221;font_family:Fira%20Sans%3A300%2C300italic%2C400%2C400italic%2C500%2C500italic%2C700%2C700italic|font_style:400%20regular%3A400%3Anormal&#8221;][vc_empty_space][vc_custom_heading text=&#8221;Es recomana fer una comprovaci\u00f3 de tots els sensors i actuadors que porta incorporats la placa, per verificar que tot funciona correctament.&#8221; font_container=&#8221;tag:h3|text_align:center&#8221; google_fonts=&#8221;font_family:Fira%20Sans%3A300%2C300italic%2C400%2C400italic%2C500%2C500italic%2C700%2C700italic|font_style:400%20regular%3A400%3Anormal&#8221;][\/vc_column][vc_column width=&#8221;1\/2&#8243;][vc_video link=&#8221;https:\/\/youtu.be\/pTvw1iZAALM&#8221; align=&#8221;center&#8221;][\/vc_column][\/vc_row][vc_row][vc_column width=&#8221;1\/2&#8243;][vc_video link=&#8221;https:\/\/www.youtube.com\/watch?v=B7wJuaF4oqs&#8221; align=&#8221;center&#8221;][\/vc_column][vc_column width=&#8221;1\/2&#8243;][vc_empty_space][vc_custom_heading text=&#8221;\u2b05\ufe0f \u2b05\ufe0f CARREGA LA BATERIA&#8221; font_container=&#8221;tag:h2|text_align:center|color:%23dd9933&#8243; google_fonts=&#8221;font_family:Fira%20Sans%3A300%2C300italic%2C400%2C400italic%2C500%2C500italic%2C700%2C700italic|font_style:400%20regular%3A400%3Anormal&#8221;][vc_empty_space][vc_custom_heading text=&#8221;Gr\u00e0cies a l\u2019entorn MicroBlocks i el sistema d\u2019alimentaci\u00f3 de la placa ED1, \u00e9s possible desconnectar la placa de l\u2019ordinador i seguir treballant de forma desendollada.&#8221; font_container=&#8221;tag:h3|text_align:center&#8221; google_fonts=&#8221;font_family:Fira%20Sans%3A300%2C300italic%2C400%2C400italic%2C500%2C500italic%2C700%2C700italic|font_style:400%20regular%3A400%3Anormal&#8221;][\/vc_column][\/vc_row][vc_row][vc_column width=&#8221;1\/2&#8243;][vc_empty_space][vc_custom_heading text=&#8221;COMPONENTES COMPATIBLES<br \/>\nAMB LA PLACA \u27a1\ufe0f \u27a1\ufe0f&#8221; font_container=&#8221;tag:h2|text_align:center|color:%23dd9933&#8243; google_fonts=&#8221;font_family:Fira%20Sans%3A300%2C300italic%2C400%2C400italic%2C500%2C500italic%2C700%2C700italic|font_style:400%20regular%3A400%3Anormal&#8221;][vc_empty_space][vc_custom_heading text=&#8221;La placa ED1 disposa de pins i connectors per fer servir components externs.&#8221; font_container=&#8221;tag:h3|text_align:center&#8221; google_fonts=&#8221;font_family:Fira%20Sans%3A300%2C300italic%2C400%2C400italic%2C500%2C500italic%2C700%2C700italic|font_style:400%20regular%3A400%3Anormal&#8221;][\/vc_column][vc_column width=&#8221;1\/2&#8243;][vc_video link=&#8221;https:\/\/www.youtube.com\/watch?v=IIbnz-F0Nc0&#8243; align=&#8221;center&#8221;][\/vc_column][\/vc_row][vc_row][vc_column][vc_empty_space][vc_custom_heading text=&#8221;\u25e6 \u25e6 \u25e6 \u25e6 \u25e6 \u25e6 \u25e6 \u25e6 \u25e6 \u25e6 \u25e6 \u25e6 \u25e6 \u25e6 \u25e6 \u25e6 \u25e6 \u25e6 \u25e6 \u25e6 \u25e6 \ud83d\udce3\ud83d\udce3 ATENCI\u00d3! \ud83d\udce3\ud83d\udce3 \u25e6 \u25e6 \u25e6 \u25e6 \u25e6 \u25e6 \u25e6 \u25e6 \u25e6 \u25e6 \u25e6 \u25e6 \u25e6 \u25e6 \u25e6 \u25e6 \u25e6 \u25e6 \u25e6 \u25e6 \u25e6&#8221; font_container=&#8221;tag:h2|text_align:center|color:%23dd9933&#8243; google_fonts=&#8221;font_family:Fira%20Sans%3A300%2C300italic%2C400%2C400italic%2C500%2C500italic%2C700%2C700italic|font_style:400%20regular%3A400%3Anormal&#8221;][vc_empty_space][vc_custom_heading text=&#8221;Juga a connectar el m\u00f3n real de MicroBlocks i la placa ED1, amb el m\u00f3n virtual d&#8217;Snap!&#8221; font_container=&#8221;tag:h2|text_align:center&#8221; google_fonts=&#8221;font_family:Fira%20Sans%3A300%2C300italic%2C400%2C400italic%2C500%2C500italic%2C700%2C700italic|font_style:400%20regular%3A400%3Anormal&#8221;][vc_empty_space][vc_video link=&#8221;https:\/\/www.youtube.com\/watch?v=OC3TKJnURqY&#8221; el_width=&#8221;60&#8243; align=&#8221;center&#8221;][\/vc_column][\/vc_row]\n<\/div>","protected":false},"excerpt":{"rendered":"<p>[vc_section][vc_row][vc_column][vc_column_text width=&#8221;440&#8243; align=&#8221;center&#8221;] [\/vc_column_text][\/vc_column][\/vc_row][vc_row][vc_column][vc_column_text] En aquesta p\u00e0gina es presenten una s\u00e8rie de v\u00eddeos breus que introdueixen la placa ED1 i el seu entorn de programaci\u00f3 MicroBlocks. \u00c9s important fer tots els passos que es recomanen abans de comen\u00e7ar a crear i programar. D\u2019aquesta manera s\u2019estar\u00e0 fent un \u00fas m\u00e9s segur de la placa i de&hellip;<\/p>\n","protected":false},"author":1,"featured_media":0,"parent":0,"menu_order":0,"comment_status":"closed","ping_status":"closed","template":"","meta":{"footnotes":""},"class_list":["post-324","page","type-page","status-publish","hentry","entry","no-media"],"_links":{"self":[{"href":"https:\/\/market.citilab.eu\/ca\/wp-json\/wp\/v2\/pages\/324","targetHints":{"allow":["GET"]}}],"collection":[{"href":"https:\/\/market.citilab.eu\/ca\/wp-json\/wp\/v2\/pages"}],"about":[{"href":"https:\/\/market.citilab.eu\/ca\/wp-json\/wp\/v2\/types\/page"}],"author":[{"embeddable":true,"href":"https:\/\/market.citilab.eu\/ca\/wp-json\/wp\/v2\/users\/1"}],"replies":[{"embeddable":true,"href":"https:\/\/market.citilab.eu\/ca\/wp-json\/wp\/v2\/comments?post=324"}],"version-history":[{"count":40,"href":"https:\/\/market.citilab.eu\/ca\/wp-json\/wp\/v2\/pages\/324\/revisions"}],"predecessor-version":[{"id":1244,"href":"https:\/\/market.citilab.eu\/ca\/wp-json\/wp\/v2\/pages\/324\/revisions\/1244"}],"wp:attachment":[{"href":"https:\/\/market.citilab.eu\/ca\/wp-json\/wp\/v2\/media?parent=324"}],"curies":[{"name":"wp","href":"https:\/\/api.w.org\/{rel}","templated":true}]}}