{"id":338,"date":"2020-02-11T09:23:58","date_gmt":"2020-02-11T09:23:58","guid":{"rendered":"https:\/\/mmkt.dev\/market\/?page_id=338"},"modified":"2020-07-08T14:32:15","modified_gmt":"2020-07-08T14:32:15","slug":"historia","status":"publish","type":"page","link":"https:\/\/market.citilab.eu\/ca\/historia\/","title":{"rendered":"Hist\u00f2ria"},"content":{"rendered":"<div class=\"wpb-content-wrapper\">[vc_section][vc_row content_placement=&#8221;middle&#8221;][vc_column width=&#8221;1\/2&#8243;][vc_column_text]El kit de rob\u00f2tica ED1 del Citilab es va comen\u00e7ar a dissenyar a partir de les necessitats que es van trobar al projecte <a href=\"https:\/\/www.citilab.eu\/projecte\/edulab-programacio-robotica-per-nens\/\">Edulab<\/a> de les escoles de Cornell\u00e0.<\/p>\n<p><strong>El precedent: l\u2019EduKit basat en Arduino<\/strong><\/p>\n<p>Ja existia un precedent, l\u2019EduKit basat en Arduino, que es va fer servir en algunes escoles i instituts. La idea era disposar d\u2019un kit econ\u00f2mic, que contingu\u00e9s tot el necessari per treballar activitats rellevants per l\u2019entorn educatiu i que fos f\u00e0cil de programar, en aquest cas amb S4A i Snap! for Arduino.[\/vc_column_text][\/vc_column][vc_column width=&#8221;1\/2&#8243;]<div class=\"wpex-slider-preloaderimg wpex-relative no-stretch\"><img data-no-lazy=\"1\" class=\"skip-lazy\" src=\"https:\/\/market.citilab.eu\/wp-content\/uploads\/2020\/02\/F33.jpg\" alt=\"\" width=\"500\" height=\"375\"><\/div><div class=\"vcex-image-slider vcex-module wpex-slider slider-pro wpex-clr no-stretch\" data-loop=\"true\" data-auto-play-delay=\"5000\" data-buttons=\"false\" data-fade-arrows=\"false\" data-animation-speed=\"600\" data-height-animation-duration=\"500\" data-thumbnail-height=\"70\" data-thumbnail-width=\"70\" data-reach-video-action=\"none\"><div class=\"wpex-slider-slides sp-slides\"><div class=\"wpex-slider-slide sp-slide\"><div class=\"wpex-slider-media wpex-relative\"><img data-no-lazy=\"1\" class=\"skip-lazy\" src=\"https:\/\/market.citilab.eu\/wp-content\/uploads\/2020\/02\/F33.jpg\" alt=\"\" width=\"500\" height=\"375\"><\/div><\/div><div class=\"wpex-slider-slide sp-slide\"><div class=\"wpex-slider-media wpex-relative\"><img data-no-lazy=\"1\" class=\"skip-lazy\" src=\"https:\/\/market.citilab.eu\/wp-content\/uploads\/2020\/02\/F34.jpg\" alt=\"\" width=\"500\" height=\"375\"><\/div><\/div><div class=\"wpex-slider-slide sp-slide\"><div class=\"wpex-slider-media wpex-relative\"><img data-no-lazy=\"1\" class=\"skip-lazy\" src=\"https:\/\/market.citilab.eu\/wp-content\/uploads\/2020\/02\/F35-opt.jpg\" alt=\"\" width=\"500\" height=\"375\"><\/div><\/div><\/div><\/div>[\/vc_column][\/vc_row][vc_row content_placement=&#8221;middle&#8221;][vc_column width=&#8221;1\/2&#8243;]<div class=\"wpex-slider-preloaderimg wpex-relative no-stretch\"><img width=\"500\" height=\"375\" src=\"https:\/\/market.citilab.eu\/wp-content\/uploads\/2020\/02\/F36.jpg\" class=\"skip-lazy\" alt=\"\" data-no-lazy=\"1\" srcset=\"https:\/\/market.citilab.eu\/wp-content\/uploads\/2020\/02\/F36.jpg 500w, https:\/\/market.citilab.eu\/wp-content\/uploads\/2020\/02\/F36-300x225.jpg 300w\" sizes=\"(max-width: 500px) 100vw, 500px\" \/><\/div><div class=\"vcex-image-slider vcex-module wpex-slider slider-pro wpex-clr no-stretch\" data-loop=\"true\" data-auto-play-delay=\"5000\" data-buttons=\"false\" data-fade-arrows=\"false\" data-animation-speed=\"600\" data-height-animation-duration=\"500\" data-thumbnail-height=\"70\" data-thumbnail-width=\"70\" data-reach-video-action=\"none\"><div class=\"wpex-slider-slides sp-slides\"><div class=\"wpex-slider-slide sp-slide\"><div class=\"wpex-slider-media wpex-relative\"><img width=\"500\" height=\"375\" src=\"https:\/\/market.citilab.eu\/wp-content\/uploads\/2020\/02\/F36.jpg\" class=\"skip-lazy\" alt=\"\" data-no-lazy=\"1\" srcset=\"https:\/\/market.citilab.eu\/wp-content\/uploads\/2020\/02\/F36.jpg 500w, https:\/\/market.citilab.eu\/wp-content\/uploads\/2020\/02\/F36-300x225.jpg 300w\" sizes=\"(max-width: 500px) 100vw, 500px\" \/><\/div><\/div><div class=\"wpex-slider-slide sp-slide\"><div class=\"wpex-slider-media wpex-relative\"><img width=\"500\" height=\"375\" src=\"https:\/\/market.citilab.eu\/wp-content\/uploads\/2020\/02\/F37.jpg\" class=\"skip-lazy\" alt=\"\" data-no-lazy=\"1\" srcset=\"https:\/\/market.citilab.eu\/wp-content\/uploads\/2020\/02\/F37.jpg 500w, https:\/\/market.citilab.eu\/wp-content\/uploads\/2020\/02\/F37-300x225.jpg 300w\" sizes=\"(max-width: 500px) 100vw, 500px\" \/><\/div><\/div><div class=\"wpex-slider-slide sp-slide\"><div class=\"wpex-slider-media wpex-relative\"><img width=\"500\" height=\"375\" src=\"https:\/\/market.citilab.eu\/wp-content\/uploads\/2020\/02\/F38-opt.jpg\" class=\"skip-lazy\" alt=\"\" data-no-lazy=\"1\" srcset=\"https:\/\/market.citilab.eu\/wp-content\/uploads\/2020\/02\/F38-opt.jpg 500w, https:\/\/market.citilab.eu\/wp-content\/uploads\/2020\/02\/F38-opt-300x225.jpg 300w\" sizes=\"(max-width: 500px) 100vw, 500px\" \/><\/div><\/div><\/div><\/div>[\/vc_column][vc_column width=&#8221;1\/2&#8243;][vc_column_text]<strong>La primera versi\u00f3<\/strong><\/p>\n<p>Un dels reptes del projecte EduLab, era incloure materials d\u2019electr\u00f2nica i rob\u00f2tica a l\u2019Educaci\u00f3 Prim\u00e0ria. A partir de l\u2019experi\u00e8ncia amb l\u2019EduKit es va fer servir aquest material a l\u2019Escola Dolors Almeda de Cornell\u00e0 durant el curs 2017-2018, el centre educatiu en el qual es va dur a terme el disseny pilot del projecte EduLab.<\/p>\n<p>El projecte Edulab a les escoles suposava un gran repte, ja que es tractava d\u2019incloure materials d\u2019electr\u00f2nica creativa i rob\u00f2tica a prim\u00e0ria. El disseny pilot, es va fer amb l\u2019Escola Dolors Almeda de Cornell\u00e0 i estava basat en Arduino.<\/p>\n<p>El xass\u00eds del robot estava fet amb impressi\u00f3 3D i portava una semiesfera de poliespan desmuntable, que decorava l\u2019alumnat de Cicle Mitj\u00e0. La semiesfera disposava de 6 sensors t\u00e0ctils fets amb xinxetes, connectats a un Arduino Nano amb una petita placa dissenyada al Citilab. L&#8217;energia la proporcionava una bateria per carregar m\u00f2bils, ubicada a la part inferior del xass\u00eds.<br \/>\nEl robot funcionava amb motors de rotaci\u00f3 cont\u00ednua i li faltava certa precisi\u00f3 per moure&#8217;s dins dels requadres de les catifes quadriculades que es feien servir a Cicle Infantil. A m\u00e9s, per fer-ho aut\u00f2nom era necessari treballar directament en Arduino.[\/vc_column_text][\/vc_column][\/vc_row][\/vc_section][vc_section][vc_row content_placement=&#8221;middle&#8221; el_class=&#8221;row-responsive&#8221;][vc_column width=&#8221;1\/2&#8243;][vc_column_text]<b>La segona versi\u00f3\u00a0<\/b><\/p>\n<p>A l\u2019estiu del 2018 es comen\u00e7a el disseny d&#8217;una nova versi\u00f3 del robot, anomenada internament EduBot 2. Es va considerar necessari fer una revisi\u00f3 i actualitzaci\u00f3 completa: nous motors, nou xass\u00eds i nova placa.<\/p>\n<p>Aix\u00ed doncs, es va formar un grup de treball format per l\u2019equip d\u2019EduLab del Citilab, Miguel Ferrera de CSS Ib\u00e8rica per als prototips de la placa, Kike Montanyes pel disseny 3D i Bernat Romagosa en la part de programaci\u00f3.<\/p>\n<p>Es van fer servir motors pas a pas per augmentar la precisi\u00f3, es va dissenyar un xass\u00eds f\u00e0cil de muntar i va n\u00e9ixer la placa ED1 programable amb microBlocks.<\/p>\n[\/vc_column_text][\/vc_column][vc_column width=&#8221;1\/2&#8243;]<div class=\"wpex-slider-preloaderimg wpex-relative no-stretch\"><img width=\"500\" height=\"375\" src=\"https:\/\/market.citilab.eu\/wp-content\/uploads\/2020\/02\/F39.jpg\" class=\"skip-lazy\" alt=\"\" data-no-lazy=\"1\" srcset=\"https:\/\/market.citilab.eu\/wp-content\/uploads\/2020\/02\/F39.jpg 500w, https:\/\/market.citilab.eu\/wp-content\/uploads\/2020\/02\/F39-300x225.jpg 300w\" sizes=\"(max-width: 500px) 100vw, 500px\" \/><\/div><div class=\"vcex-image-slider vcex-module wpex-slider slider-pro wpex-clr no-stretch\" data-loop=\"true\" data-auto-play-delay=\"5000\" data-buttons=\"false\" data-fade-arrows=\"false\" data-animation-speed=\"600\" data-height-animation-duration=\"500\" data-thumbnail-height=\"70\" data-thumbnail-width=\"70\" data-reach-video-action=\"none\"><div class=\"wpex-slider-slides sp-slides\"><div class=\"wpex-slider-slide sp-slide\"><div class=\"wpex-slider-media wpex-relative\"><img width=\"500\" height=\"375\" src=\"https:\/\/market.citilab.eu\/wp-content\/uploads\/2020\/02\/F39.jpg\" class=\"skip-lazy\" alt=\"\" data-no-lazy=\"1\" srcset=\"https:\/\/market.citilab.eu\/wp-content\/uploads\/2020\/02\/F39.jpg 500w, https:\/\/market.citilab.eu\/wp-content\/uploads\/2020\/02\/F39-300x225.jpg 300w\" sizes=\"(max-width: 500px) 100vw, 500px\" \/><\/div><\/div><div class=\"wpex-slider-slide sp-slide\"><div class=\"wpex-slider-media wpex-relative\"><img width=\"500\" height=\"375\" src=\"https:\/\/market.citilab.eu\/wp-content\/uploads\/2020\/02\/F40.jpg\" class=\"skip-lazy\" alt=\"\" data-no-lazy=\"1\" srcset=\"https:\/\/market.citilab.eu\/wp-content\/uploads\/2020\/02\/F40.jpg 500w, https:\/\/market.citilab.eu\/wp-content\/uploads\/2020\/02\/F40-300x225.jpg 300w\" sizes=\"(max-width: 500px) 100vw, 500px\" \/><\/div><\/div><div class=\"wpex-slider-slide sp-slide\"><div class=\"wpex-slider-media wpex-relative\"><img width=\"500\" height=\"375\" src=\"https:\/\/market.citilab.eu\/wp-content\/uploads\/2020\/02\/F41.jpg\" class=\"skip-lazy\" alt=\"\" data-no-lazy=\"1\" srcset=\"https:\/\/market.citilab.eu\/wp-content\/uploads\/2020\/02\/F41.jpg 500w, https:\/\/market.citilab.eu\/wp-content\/uploads\/2020\/02\/F41-300x225.jpg 300w\" sizes=\"(max-width: 500px) 100vw, 500px\" \/><\/div><\/div><\/div><\/div>[\/vc_column][\/vc_row][vc_row content_placement=&#8221;middle&#8221; el_class=&#8221;row-responsive&#8221;][vc_column width=&#8221;1\/2&#8243;]<figure class=\"vcex-image vcex-module wpex-text-center\"><div class=\"vcex-image-inner wpex-relative wpex-inline-block\"><img width=\"500\" height=\"375\" src=\"https:\/\/market.citilab.eu\/wp-content\/uploads\/2020\/02\/F42.jpg\" class=\"vcex-image-img wpex-align-middle\" alt=\"\" loading=\"lazy\" decoding=\"async\" srcset=\"https:\/\/market.citilab.eu\/wp-content\/uploads\/2020\/02\/F42.jpg 500w, https:\/\/market.citilab.eu\/wp-content\/uploads\/2020\/02\/F42-300x225.jpg 300w\" sizes=\"auto, (max-width: 500px) 100vw, 500px\" \/><\/div><\/figure>[\/vc_column][vc_column width=&#8221;1\/2&#8243;][vc_column_text]El kit es pot fer servir des de Cicle Infantil fins a Cicle Superior, el robot t\u00e9 molta m\u00e9s precisi\u00f3 que l&#8217;anterior i la placa ED1 inclou pantalla a color, botons, pantalla, sensors, connectivitat i permet fer servir 2 motors pas a pas directament.<\/p>\n<p>El resultat \u00e9s prou satisfactori, per\u00f2 de cara al curs 2019-2020 es millora el kit d&#8217;acord amb l\u2019experi\u00e8ncia d&#8217;\u00fas a les escoles i amb la finalitat de reduir costos de producci\u00f3, per tal d\u2019arribar al m\u00e0xim possible de p\u00fablic.<\/p>\n<p>El robot t\u00e9 un nou xass\u00eds fet a partir d\u2019impressi\u00f3 3D i pl\u00e0stic metacrilat, un material m\u00e9s econ\u00f2mic que permetr\u00e0 que el Fant\u00e0stic arribi a m\u00e9s escoles.[\/vc_column_text][\/vc_column][\/vc_row][vc_row content_placement=&#8221;middle&#8221;][vc_column width=&#8221;1\/2&#8243;][vc_column_text]<span style=\"font-weight: 400;\">En definitiva, s\u2019espera que a partir d\u2019ara l\u2019evoluci\u00f3 del robot Fant\u00e0stic sigui compartida amb les idees aportades per la comunitat.<\/span><\/p>\n<p style=\"text-align: center; font-size: 26px;\"><span style=\"font-weight: 400; color: #f07121;\">\u201cEl m\u00e0xim goig \u00e9s compartir coneixement\u201d<\/span><\/p>\n<p style=\"font-size: 26px; text-align: center;\"><span style=\"font-weight: 400; color: #f07121;\">&#8211;\u00a0 Jorge Wagensberg &#8211;\u00a0<\/span><\/p>\n[\/vc_column_text][\/vc_column][vc_column width=&#8221;1\/2&#8243;]<div class=\"wpex-slider-preloaderimg wpex-relative no-stretch\"><img width=\"500\" height=\"375\" src=\"https:\/\/market.citilab.eu\/wp-content\/uploads\/2020\/02\/F43.jpg\" class=\"skip-lazy\" alt=\"\" data-no-lazy=\"1\" srcset=\"https:\/\/market.citilab.eu\/wp-content\/uploads\/2020\/02\/F43.jpg 500w, https:\/\/market.citilab.eu\/wp-content\/uploads\/2020\/02\/F43-300x225.jpg 300w\" sizes=\"(max-width: 500px) 100vw, 500px\" \/><\/div><div class=\"vcex-image-slider vcex-module wpex-slider slider-pro wpex-clr no-stretch\" data-loop=\"true\" data-auto-play-delay=\"5000\" data-buttons=\"false\" data-fade-arrows=\"false\" data-animation-speed=\"600\" data-height-animation-duration=\"500\" data-thumbnail-height=\"70\" data-thumbnail-width=\"70\" data-reach-video-action=\"none\"><div class=\"wpex-slider-slides sp-slides\"><div class=\"wpex-slider-slide sp-slide\"><div class=\"wpex-slider-media wpex-relative\"><img width=\"500\" height=\"375\" src=\"https:\/\/market.citilab.eu\/wp-content\/uploads\/2020\/02\/F43.jpg\" class=\"skip-lazy\" alt=\"\" data-no-lazy=\"1\" srcset=\"https:\/\/market.citilab.eu\/wp-content\/uploads\/2020\/02\/F43.jpg 500w, https:\/\/market.citilab.eu\/wp-content\/uploads\/2020\/02\/F43-300x225.jpg 300w\" sizes=\"(max-width: 500px) 100vw, 500px\" \/><\/div><\/div><div class=\"wpex-slider-slide sp-slide\"><div class=\"wpex-slider-media wpex-relative\"><img width=\"500\" height=\"375\" src=\"https:\/\/market.citilab.eu\/wp-content\/uploads\/2020\/02\/F44.jpg\" class=\"skip-lazy\" alt=\"\" data-no-lazy=\"1\" srcset=\"https:\/\/market.citilab.eu\/wp-content\/uploads\/2020\/02\/F44.jpg 500w, https:\/\/market.citilab.eu\/wp-content\/uploads\/2020\/02\/F44-300x225.jpg 300w\" sizes=\"(max-width: 500px) 100vw, 500px\" \/><\/div><\/div><\/div><\/div>[\/vc_column][\/vc_row][\/vc_section][vc_section full_width=&#8221;stretch_row&#8221; css=&#8221;.vc_custom_1581321711171{background-color: #f07121 !important;}&#8221;][vc_row][vc_column]<div class=\"vcex-spacing wpex-w-100 wpex-clear\"><\/div>[\/vc_column][\/vc_row][vc_row][vc_column]<style>.vcex-heading.vcex_69e0faed8b72c{border-color:#ffffff;font-size:28px;}<\/style><h3 class=\"vcex-heading vcex-heading-bottom-border-w-color vcex-module wpex-heading wpex-text-2xl wpex-border-b-2 wpex-border-solid wpex-border-main title-white vcex_69e0faed8b72c\"><span class=\"vcex-heading-inner wpex-inline-block wpex-relative wpex-pb-5 wpex-border-b-2 wpex-border-solid wpex-border-accent\">Desc\u00e0rregues<\/span><\/h3>[\/vc_column][\/vc_row][vc_row][vc_column]<div class=\"vcex-spacing wpex-w-100 wpex-clear\" style=\"height:15px;\"><\/div>[\/vc_column][\/vc_row][vc_row][vc_column width=&#8221;1\/2&#8243;]<style>.vcex-icon-box.vcex_69e0faed8c70a .vcex-icon-box-content{color:#ffffff;}.vcex-icon-box.vcex_69e0faed8c70a .vcex-icon-box-heading{color:#ffffff;font-size:22px;font-weight:500;}.vcex-icon-box.vcex_69e0faed8c70a .vcex-icon-box-icon{font-size:40px;color:#ffffff;border-radius:50%;width:50px;}<\/style><a class=\"vcex-module vcex-icon-box vcex-icon-box-two vcex-icon-box-has-link wpex-inherit-color wpex-no-underline wpex-block wpex-text-center vcex_69e0faed8c70a\" href=\"https:\/\/cloud.citilab.eu\/s\/AkzBTLnz4bfmESA#pdfviewer\" target=\"_blank\" rel=\"noopener noreferrer\"><div class=\"vcex-icon-box-symbol vcex-icon-box-symbol--icon wpex-mb-20\"><div class=\"vcex-icon-box-icon wpex-items-center wpex-justify-center wpex-child-inherit-color wpex-text-center wpex-leading-none wpex-inline-flex wpex-text-1\"><span class=\"wpex-flex far fa-file-alt\" aria-hidden=\"true\"><\/span><\/div><\/div><div class=\"vcex-icon-box-text\"><h2 class=\"vcex-icon-box-heading wpex-heading wpex-mb-10\">Placa ED1<\/h2><div class=\"vcex-icon-box-content wpex-last-mb-0 wpex-clr\"><p style=\"text-align: center\">Disposeu aqu\u00ed dels esquemes de la placa ED1<\/p>\n<\/div><\/div><\/a>[\/vc_column][vc_column width=&#8221;1\/2&#8243;]<style>.vcex-icon-box.vcex_69e0faed8cefe .vcex-icon-box-content{color:#ffffff;}.vcex-icon-box.vcex_69e0faed8cefe .vcex-icon-box-heading{color:#ffffff;font-size:22px;font-weight:500;}.vcex-icon-box.vcex_69e0faed8cefe .vcex-icon-box-icon{font-size:40px;color:#ffffff;border-radius:50%;}<\/style><a class=\"vcex-module vcex-icon-box vcex-icon-box-two vcex-icon-box-has-link wpex-inherit-color wpex-no-underline wpex-block wpex-text-center vcex_69e0faed8cefe\" href=\"https:\/\/cloud.citilab.eu\/s\/tdqGATHCJbZHiQx\" target=\"_blank\" rel=\"noopener noreferrer\"><div class=\"vcex-icon-box-symbol vcex-icon-box-symbol--icon wpex-mb-20\"><div class=\"vcex-icon-box-icon wpex-items-center wpex-justify-center wpex-child-inherit-color wpex-text-center wpex-leading-none wpex-inline-flex wpex-text-1\"><span class=\"wpex-flex far fa-file-alt\" aria-hidden=\"true\"><\/span><\/div><\/div><div class=\"vcex-icon-box-text\"><h2 class=\"vcex-icon-box-heading wpex-heading wpex-mb-10\">Documentaci\u00f3<\/h2><div class=\"vcex-icon-box-content wpex-last-mb-0 wpex-clr\"><p style=\"text-align: center\">Disposeu aqu\u00ed dels dissenys del xasss\u00eds i els complements del robot<\/p>\n<\/div><\/div><\/a>[\/vc_column][\/vc_row][vc_row][vc_column]<div class=\"vcex-spacing wpex-w-100 wpex-clear\"><\/div>[\/vc_column][\/vc_row][\/vc_section]\n<\/div>","protected":false},"excerpt":{"rendered":"<p>[vc_section][vc_row content_placement=&#8221;middle&#8221;][vc_column width=&#8221;1\/2&#8243;][vc_column_text]El kit de rob\u00f2tica ED1 del Citilab es va comen\u00e7ar a dissenyar a partir de les necessitats que es van trobar al projecte Edulab de les escoles de Cornell\u00e0. El precedent: l\u2019EduKit basat en Arduino Ja existia un precedent, l\u2019EduKit basat en Arduino, que es va fer servir en algunes escoles i instituts.&hellip;<\/p>\n","protected":false},"author":1,"featured_media":0,"parent":0,"menu_order":0,"comment_status":"closed","ping_status":"closed","template":"","meta":{"footnotes":""},"class_list":["post-338","page","type-page","status-publish","hentry","entry","no-media"],"_links":{"self":[{"href":"https:\/\/market.citilab.eu\/ca\/wp-json\/wp\/v2\/pages\/338","targetHints":{"allow":["GET"]}}],"collection":[{"href":"https:\/\/market.citilab.eu\/ca\/wp-json\/wp\/v2\/pages"}],"about":[{"href":"https:\/\/market.citilab.eu\/ca\/wp-json\/wp\/v2\/types\/page"}],"author":[{"embeddable":true,"href":"https:\/\/market.citilab.eu\/ca\/wp-json\/wp\/v2\/users\/1"}],"replies":[{"embeddable":true,"href":"https:\/\/market.citilab.eu\/ca\/wp-json\/wp\/v2\/comments?post=338"}],"version-history":[{"count":10,"href":"https:\/\/market.citilab.eu\/ca\/wp-json\/wp\/v2\/pages\/338\/revisions"}],"predecessor-version":[{"id":922,"href":"https:\/\/market.citilab.eu\/ca\/wp-json\/wp\/v2\/pages\/338\/revisions\/922"}],"wp:attachment":[{"href":"https:\/\/market.citilab.eu\/ca\/wp-json\/wp\/v2\/media?parent=338"}],"curies":[{"name":"wp","href":"https:\/\/api.w.org\/{rel}","templated":true}]}}