{"id":10,"date":"2020-01-23T15:32:56","date_gmt":"2020-01-23T15:32:56","guid":{"rendered":"https:\/\/mmkt.dev\/market\/?post_type=product&#038;p=10"},"modified":"2023-06-12T15:28:42","modified_gmt":"2023-06-12T15:28:42","slug":"kit-robotica-ed1","status":"publish","type":"product","link":"https:\/\/market.citilab.eu\/ca\/producte\/kit-robotica-ed1\/","title":{"rendered":"Kit rob\u00f2tica ED1"},"content":{"rendered":"<div class=\"wpb-content-wrapper\">[vc_row content_placement=&#8221;middle&#8221; css=&#8221;.vc_custom_1580289548072{margin-top: 60px !important;}&#8221;][vc_column width=&#8221;1\/2&#8243;]<style>.vcex-heading.vcex_69dec31e6ac9a{border-color:#f07121;}<\/style><h3 class=\"vcex-heading vcex-heading-bottom-border-w-color vcex-module wpex-heading wpex-text-2xl wpex-border-b-2 wpex-border-solid wpex-border-main subtitles-product vcex_69dec31e6ac9a\"><span class=\"vcex-heading-inner wpex-inline-block wpex-relative wpex-pb-5 wpex-border-b-2 wpex-border-solid wpex-border-accent\">Informaci\u00f3 general<\/span><\/h3><div class=\"vcex-spacing wpex-w-100 wpex-clear\"><\/div>[vc_column_text]<span style=\"font-weight: 400;\">El Citilab impulsa que les nenes i els nens esdevinguin competents en les habilitats del segle XXI, buscant la creativitat, el pensament anal\u00edtic i la innovaci\u00f3.<\/span><\/p>\n<p><span style=\"font-weight: 400;\">La creaci\u00f3 del kit de rob\u00f2tica Citilab ED1 \u00e9s fruit de la necessitat de transformar algunes de les pr\u00e0ctiques habituals a les aules en el marc del projecte EduLab. En relaci\u00f3 al document <\/span><i><span style=\"font-weight: 400;\">\u201c<\/span><\/i><a href=\"https:\/\/www.oecd.org\/education\/2030-project\/\"><i><span style=\"font-weight: 400;\">The Future of Education and Skills: Education 2030\u201d<\/span><\/i><\/a><span style=\"font-weight: 400;\">, on s\u2019identifiquen nombrosos reptes als quals s\u2019enfronta la societat actual, s\u2019ha volgut dissenyar una eina que ajudi a promoure aquest canvi. <\/span><\/p>\n<p><span style=\"font-weight: 400;\">Aix\u00ed mateix, el Kit Citilab ED1 facilita l\u2019experimentaci\u00f3 de les disciplines STEAM, per\u00f2 tamb\u00e9 \u00e9s una bona eina per desenvolupar activitats interdisciplinars amb d\u2019altres continguts curriculars de forma motivadora i innovadora.\u00a0\u00a0<\/span><\/p>\n<p><span style=\"font-weight: 400;\">La placa ED1, dissenyada al Citilab, es programa amb l\u2019entorn <\/span><a href=\"http:\/\/microblocks.fun\/\"><span style=\"font-weight: 400;\">microBlocks<\/span><\/a><span style=\"font-weight: 400;\">, un nou llenguatge de programaci\u00f3 visual per blocs semblant a l\u2019Scratch, que funciona dins la placa i permet treballar tant projectes interactius com aut\u00f2noms de forma transparent.<\/span><\/p>\n<p><span style=\"font-weight: 400;\">El kit inclou els materials necessaris per realitzar el muntatge del robot Fant\u00e0stic; la placa ED1, els motors, el cable USB i la bateria. A m\u00e9s, disposa de la possibilitat de personalitzar el robot a trav\u00e9s d\u2019un patr\u00f3 model que facilita la creaci\u00f3 d\u2019un vestit.\u00a0<\/span><\/p>\n<p>L\u2019aplicaci\u00f3 del robot \u00e9s molt amplia degut que permet ser utilitzat des dels tres anys fins a l\u2019etapa adulta. Disposa de diferents nivells d\u2019\u00fas que cal consultar abans d\u2019utilitzar.<\/p>\n<p>En definitiva, remarcar que la placa ED1 i el disseny del xass\u00eds del robot s\u00f3n oberts permetent aix\u00ed millorar el producte i fer-ne modificacions al gust. Tamb\u00e9 s\u2019ha ajustat al m\u00e0xim el seu cost econ\u00f2mic, per arribar d&#8217;aquesta forma a m\u00e9s p\u00fablic.[\/vc_column_text][\/vc_column][vc_column width=&#8221;1\/2&#8243;]<div class=\"vcex-spacing wpex-w-100 wpex-clear\" style=\"height:20px;\"><\/div>[vc_video link=&#8221;https:\/\/www.youtube.com\/watch?v=ZGvE_8RV73w&#8221;]<div class=\"vcex-spacing wpex-w-100 wpex-clear\"><\/div><style>.vcex-button.vcex_69dec31e6bd9f{background:#f07121;color:#ffffff!important;padding-block:15px;padding-inline:100px;}<\/style><div class=\"theme-button-wrap textcenter theme-button-block-wrap wpex-block wpex-clear wpex-clr\"><a href=\"https:\/\/www.youtube.com\/channel\/UCN-E583ha902JhhQwQ3Xq_g\" class=\"vcex-button theme-button medium align-center block button-youtube vcex_69dec31e6bd9f\" target=\"_blank\" rel=\"nofollow noopener noreferrer\"><span class=\"vcex-button-inner theme-button-inner wpex-flex wpex-flex-wrap wpex-items-center wpex-justify-center\">Visita el nostre canal<\/span><\/a><\/div> [\/vc_column][\/vc_row][vc_row][vc_column width=&#8221;1\/2&#8243;]<style>.vcex-heading.vcex_69dec31e6c23e{border-color:#f07121;color:#f07121;}<\/style><h3 class=\"vcex-heading vcex-heading-bottom-border-w-color vcex-module wpex-heading wpex-text-2xl wpex-border-b-2 wpex-border-solid wpex-border-main subtitles-product vcex_69dec31e6c23e\"><span class=\"vcex-heading-inner wpex-inline-block wpex-relative wpex-pb-5 wpex-border-b-2 wpex-border-solid wpex-border-accent\">Caracter\u00edstiques<\/span><\/h3><div class=\"vcex-spacing wpex-w-100 wpex-clear\"><\/div>[vc_column_text el_class=&#8221;text-product&#8221;]\n<h4><span  style=\"color:f07121;margin-right:15px;font-size:24px;\" class=\"wpex-icon\" aria-hidden=\"true\"><svg xmlns=\"http:\/\/www.w3.org\/2000\/svg\" viewBox=\"0 0 448 512\"><path d=\"M349.4 44.6c5.9-13.7 1.5-29.7-10.6-38.5s-28.6-8-39.9 1.8l-256 224c-10 8.8-13.6 22.9-8.9 35.3S50.7 288 64 288H175.5L98.6 467.4c-5.9 13.7-1.5 29.7 10.6 38.5s28.6 8 39.9-1.8l256-224c10-8.8 13.6-22.9 8.9-35.3s-16.6-20.7-30-20.7H272.5L349.4 44.6z\"\/><\/svg><\/span>Components electr\u00f2nics<\/h4>\n<ul style=\"margin-bottom: 60px;\">\n<li>Placa Citilab ED1<\/li>\n<li>Dos motors pas a pas, model 28 BY J-48 de 5V<\/li>\n<li>Cable USB tipus C de c\u00e0rrega i dades de longitud entre 0,8m i 1m<\/li>\n<li>Bateria recargable de 3,7V tipus 16340 o RCR 123A<\/li>\n<\/ul>\n<h4><span  style=\"color:f07121;margin-right:15px;font-size:24px;\" class=\"wpex-icon\" aria-hidden=\"true\"><svg xmlns=\"http:\/\/www.w3.org\/2000\/svg\" viewBox=\"0 0 512 512\"><path d=\"M184 48H328c4.4 0 8 3.6 8 8V96H176V56c0-4.4 3.6-8 8-8zm-56 8V96H64C28.7 96 0 124.7 0 160v96H192 320 512V160c0-35.3-28.7-64-64-64H384V56c0-30.9-25.1-56-56-56H184c-30.9 0-56 25.1-56 56zM512 288H320v32c0 17.7-14.3 32-32 32H224c-17.7 0-32-14.3-32-32V288H0V416c0 35.3 28.7 64 64 64H448c35.3 0 64-28.7 64-64V288z\"\/><\/svg><\/span>Xass\u00eds i muntatge<\/h4>\n<ul style=\"margin-bottom: 60px;\">\n<li>Tres peces per muntatge del xass\u00eds, en metacrilat tallat amb l\u00e0ser.<\/li>\n<li>Quatre separadors hexagonals M3 25mm MF, alumini.<\/li>\n<li>Dos separadors hexagonals M3 25mm F, alumini.<\/li>\n<li>Sis cargols M3, cap allen i longitud 10mm, acer.<\/li>\n<li>Dos rosques M3 3 mm, acer.<\/li>\n<li>Clau allen 2,5 de 56mm<\/li>\n<\/ul>\n<h4><span  style=\"color:f07121;margin-right:15px;font-size:24px;\" class=\"wpex-icon\" aria-hidden=\"true\"><svg xmlns=\"http:\/\/www.w3.org\/2000\/svg\" viewBox=\"0 0 512 512\"><path d=\"M32 32H480c17.7 0 32 14.3 32 32V96c0 17.7-14.3 32-32 32H32C14.3 128 0 113.7 0 96V64C0 46.3 14.3 32 32 32zm0 128H480V416c0 35.3-28.7 64-64 64H96c-35.3 0-64-28.7-64-64V160zm128 80c0 8.8 7.2 16 16 16H336c8.8 0 16-7.2 16-16s-7.2-16-16-16H176c-8.8 0-16 7.2-16 16z\"\/><\/svg><\/span>Caixa i altres<\/h4>\n<ul style=\"margin-bottom: 60px;\">\n<li>Caixa de cartr\u00f3 en format DIN A4, de 5cm d&#8217;altura.<\/li>\n<li>Planxa d&#8217;escuma interior per ordenar els components.<\/li>\n<li>Bossa de pl\u00e0stic o equivalent per guardar cargols, rosques, separadors i clau.<\/li>\n<li>Instruccions de muntatge a la tapa interior de la caixa<\/li>\n<li>Fulla interior en format DINA4 a doble cara amb instruccions b\u00e0siques per a la programaci\u00f3 del robot.<\/li>\n<\/ul>\n[\/vc_column_text][\/vc_column][vc_column width=&#8221;1\/2&#8243;]<style>.vcex-heading.vcex_69dec31e6c773{border-color:#f07121;}<\/style><h3 class=\"vcex-heading vcex-heading-bottom-border-w-color vcex-module wpex-heading wpex-text-2xl wpex-border-b-2 wpex-border-solid wpex-border-main subtitles-product vcex_69dec31e6c773\"><span class=\"vcex-heading-inner wpex-inline-block wpex-relative wpex-pb-5 wpex-border-b-2 wpex-border-solid wpex-border-accent\">Parts desglossades del kit<\/span><\/h3><div class=\"wpex-slider-preloaderimg wpex-relative\"><img width=\"500\" height=\"359\" src=\"https:\/\/market.citilab.eu\/wp-content\/uploads\/2020\/01\/512-376-max-2.jpg\" class=\"skip-lazy\" alt=\"\" data-no-lazy=\"1\" srcset=\"https:\/\/market.citilab.eu\/wp-content\/uploads\/2020\/01\/512-376-max-2.jpg 500w, https:\/\/market.citilab.eu\/wp-content\/uploads\/2020\/01\/512-376-max-2-300x215.jpg 300w\" sizes=\"(max-width: 500px) 100vw, 500px\" \/><\/div><div class=\"vcex-image-slider vcex-module wpex-slider slider-pro wpex-clr slider-products\" data-auto-play-delay=\"5000\" data-buttons=\"false\" data-fade-arrows=\"false\" data-animation-speed=\"600\" data-height-animation-duration=\"500\" data-thumbnail-height=\"70\" data-thumbnail-width=\"70\" data-reach-video-action=\"none\"><div class=\"wpex-slider-slides sp-slides\"><div class=\"wpex-slider-slide sp-slide\"><div class=\"wpex-slider-media wpex-relative\"><img width=\"500\" height=\"359\" src=\"https:\/\/market.citilab.eu\/wp-content\/uploads\/2020\/01\/512-376-max-2.jpg\" class=\"skip-lazy\" alt=\"\" data-no-lazy=\"1\" srcset=\"https:\/\/market.citilab.eu\/wp-content\/uploads\/2020\/01\/512-376-max-2.jpg 500w, https:\/\/market.citilab.eu\/wp-content\/uploads\/2020\/01\/512-376-max-2-300x215.jpg 300w\" sizes=\"(max-width: 500px) 100vw, 500px\" \/><\/div><\/div><div class=\"wpex-slider-slide sp-slide\"><div class=\"wpex-slider-media wpex-relative\"><img width=\"500\" height=\"359\" src=\"https:\/\/market.citilab.eu\/wp-content\/uploads\/2020\/01\/512-376-max-1.jpg\" class=\"skip-lazy\" alt=\"\" data-no-lazy=\"1\" srcset=\"https:\/\/market.citilab.eu\/wp-content\/uploads\/2020\/01\/512-376-max-1.jpg 500w, https:\/\/market.citilab.eu\/wp-content\/uploads\/2020\/01\/512-376-max-1-300x215.jpg 300w\" sizes=\"(max-width: 500px) 100vw, 500px\" \/><\/div><\/div><\/div><\/div><div class=\"vcex-spacing wpex-w-100 wpex-clear\" style=\"height:35px;\"><\/div><div class=\"wpex-slider-preloaderimg wpex-relative\"><img width=\"960\" height=\"720\" src=\"https:\/\/market.citilab.eu\/wp-content\/uploads\/2020\/01\/Caixa-CAT.png\" class=\"skip-lazy\" alt=\"\" data-no-lazy=\"1\" srcset=\"https:\/\/market.citilab.eu\/wp-content\/uploads\/2020\/01\/Caixa-CAT.png 960w, https:\/\/market.citilab.eu\/wp-content\/uploads\/2020\/01\/Caixa-CAT-300x225.png 300w, https:\/\/market.citilab.eu\/wp-content\/uploads\/2020\/01\/Caixa-CAT-768x576.png 768w, https:\/\/market.citilab.eu\/wp-content\/uploads\/2020\/01\/Caixa-CAT-600x450.png 600w\" sizes=\"(max-width: 960px) 100vw, 960px\" \/><\/div><div class=\"vcex-image-slider vcex-module wpex-slider slider-pro wpex-clr\" data-auto-play-delay=\"5000\" data-buttons=\"false\" data-fade-arrows=\"false\" data-animation-speed=\"600\" data-height-animation-duration=\"500\" data-thumbnail-height=\"70\" data-thumbnail-width=\"70\" data-reach-video-action=\"none\"><div class=\"wpex-slider-slides sp-slides\"><div class=\"wpex-slider-slide sp-slide\"><div class=\"wpex-slider-media wpex-relative\"><img width=\"960\" height=\"720\" src=\"https:\/\/market.citilab.eu\/wp-content\/uploads\/2020\/01\/Caixa-CAT.png\" class=\"skip-lazy\" alt=\"\" data-no-lazy=\"1\" srcset=\"https:\/\/market.citilab.eu\/wp-content\/uploads\/2020\/01\/Caixa-CAT.png 960w, https:\/\/market.citilab.eu\/wp-content\/uploads\/2020\/01\/Caixa-CAT-300x225.png 300w, https:\/\/market.citilab.eu\/wp-content\/uploads\/2020\/01\/Caixa-CAT-768x576.png 768w, https:\/\/market.citilab.eu\/wp-content\/uploads\/2020\/01\/Caixa-CAT-600x450.png 600w\" sizes=\"(max-width: 960px) 100vw, 960px\" \/><\/div><\/div><div class=\"wpex-slider-slide sp-slide\"><div class=\"wpex-slider-media wpex-relative\"><img width=\"1280\" height=\"803\" src=\"https:\/\/market.citilab.eu\/wp-content\/uploads\/2020\/01\/Caja_con_Tapa.jpg\" class=\"skip-lazy\" alt=\"\" data-no-lazy=\"1\" srcset=\"https:\/\/market.citilab.eu\/wp-content\/uploads\/2020\/01\/Caja_con_Tapa.jpg 1280w, https:\/\/market.citilab.eu\/wp-content\/uploads\/2020\/01\/Caja_con_Tapa-300x188.jpg 300w, https:\/\/market.citilab.eu\/wp-content\/uploads\/2020\/01\/Caja_con_Tapa-1024x642.jpg 1024w, https:\/\/market.citilab.eu\/wp-content\/uploads\/2020\/01\/Caja_con_Tapa-768x482.jpg 768w, https:\/\/market.citilab.eu\/wp-content\/uploads\/2020\/01\/Caja_con_Tapa-600x376.jpg 600w\" sizes=\"(max-width: 1280px) 100vw, 1280px\" \/><\/div><\/div><div class=\"wpex-slider-slide sp-slide\"><div class=\"wpex-slider-media wpex-relative\"><img width=\"900\" height=\"647\" src=\"https:\/\/market.citilab.eu\/wp-content\/uploads\/2020\/01\/Caja_con_Componentes.jpg\" class=\"skip-lazy\" alt=\"\" data-no-lazy=\"1\" srcset=\"https:\/\/market.citilab.eu\/wp-content\/uploads\/2020\/01\/Caja_con_Componentes.jpg 900w, https:\/\/market.citilab.eu\/wp-content\/uploads\/2020\/01\/Caja_con_Componentes-300x216.jpg 300w, https:\/\/market.citilab.eu\/wp-content\/uploads\/2020\/01\/Caja_con_Componentes-768x552.jpg 768w, https:\/\/market.citilab.eu\/wp-content\/uploads\/2020\/01\/Caja_con_Componentes-600x431.jpg 600w\" sizes=\"(max-width: 900px) 100vw, 900px\" \/><\/div><\/div><\/div><\/div>[\/vc_column][\/vc_row][vc_row][vc_column]<style>.vcex-heading.vcex_69dec31e70855{border-color:#f07121;color:#f07121;}<\/style><h3 class=\"vcex-heading vcex-heading-bottom-border-w-color vcex-module wpex-heading wpex-text-2xl wpex-border-b-2 wpex-border-solid wpex-border-main subtitles-product vcex_69dec31e70855\"><span class=\"vcex-heading-inner wpex-inline-block wpex-relative wpex-pb-5 wpex-border-b-2 wpex-border-solid wpex-border-accent\">Seguretat<\/span><\/h3><div class=\"vcex-spacing wpex-w-100 wpex-clear\"><\/div>[vc_column_text]<strong>Indicacions de seguretat:<\/strong><\/p>\n<ol style=\"line-height: 40px;\">\n<li>El kit ED1 est\u00e0 dissenyat amb fins pedag\u00f2gics i s\u2019ha d\u2019utilitzar sota la supervisi\u00f3 d&#8217;instructors adults.<\/li>\n<li>La placa ED1 inclosa en el kit no pot ser utilitzada per menors de 8 anys.<\/li>\n<li>No col\u00b7locar objectes met\u00e0l\u00b7lics sobre cap de les dues cares de la placa ED1, ni utilitzar sobre superf\u00edcies met\u00e0l\u00b7liques.<\/li>\n<li>No utilitzar en contacte amb l\u00edquids o amb les mans mullades.<\/li>\n<li>No deixar la placa connectada a cap dispositiu sense supervisi\u00f3.<\/li>\n<li>En cas de connectar dispositius a la placa ED1 respectar les polaritats i valors el\u00e8ctrics suportats per la placa. Per a les sortides la intensitat m\u00e0xima \u00e9s de 100mA i per a les entrades la tensi\u00f3 m\u00e0xima \u00e9s de 5V.<\/li>\n<li>Desconnectar l&#8217;interruptor d&#8217;encesa de la placa sempre que es guardi o no s&#8217;utilitzi.<\/li>\n<\/ol>\n[\/vc_column_text][\/vc_column][\/vc_row]\n<\/div>","protected":false},"excerpt":{"rendered":"<p>[vc_row content_placement=&#8221;middle&#8221; css=&#8221;.vc_custom_1580289548072{margin-top: 60px !important;}&#8221;][vc_column width=&#8221;1\/2&#8243;][vc_column_text]El Citilab impulsa que les nenes i els nens esdevinguin competents en les habilitats del segle XXI, buscant la creativitat, el pensament anal\u00edtic i la innovaci\u00f3. La creaci\u00f3 del kit de rob\u00f2tica Citilab ED1 \u00e9s fruit de la necessitat de transformar algunes de les pr\u00e0ctiques habituals a les aules en&hellip;<\/p>\n","protected":false},"featured_media":102,"template":"","meta":[],"product_brand":[],"product_cat":[15],"product_tag":[],"class_list":{"0":"post-10","1":"product","2":"type-product","3":"status-publish","4":"has-post-thumbnail","6":"product_cat-robotica","7":"entry","8":"has-media","10":"first","11":"instock","12":"taxable","13":"shipping-taxable","14":"purchasable","15":"product-type-variable"},"_links":{"self":[{"href":"https:\/\/market.citilab.eu\/ca\/wp-json\/wp\/v2\/product\/10","targetHints":{"allow":["GET"]}}],"collection":[{"href":"https:\/\/market.citilab.eu\/ca\/wp-json\/wp\/v2\/product"}],"about":[{"href":"https:\/\/market.citilab.eu\/ca\/wp-json\/wp\/v2\/types\/product"}],"wp:featuredmedia":[{"embeddable":true,"href":"https:\/\/market.citilab.eu\/ca\/wp-json\/wp\/v2\/media\/102"}],"wp:attachment":[{"href":"https:\/\/market.citilab.eu\/ca\/wp-json\/wp\/v2\/media?parent=10"}],"wp:term":[{"taxonomy":"product_brand","embeddable":true,"href":"https:\/\/market.citilab.eu\/ca\/wp-json\/wp\/v2\/product_brand?post=10"},{"taxonomy":"product_cat","embeddable":true,"href":"https:\/\/market.citilab.eu\/ca\/wp-json\/wp\/v2\/product_cat?post=10"},{"taxonomy":"product_tag","embeddable":true,"href":"https:\/\/market.citilab.eu\/ca\/wp-json\/wp\/v2\/product_tag?post=10"}],"curies":[{"name":"wp","href":"https:\/\/api.w.org\/{rel}","templated":true}]}}