{"id":793,"date":"2020-06-17T16:22:17","date_gmt":"2020-06-17T16:22:17","guid":{"rendered":"https:\/\/market.citilab.eu\/?page_id=793"},"modified":"2020-07-08T14:35:33","modified_gmt":"2020-07-08T14:35:33","slug":"comunidad","status":"publish","type":"page","link":"https:\/\/market.citilab.eu\/es\/comunidad\/","title":{"rendered":"Comunidad"},"content":{"rendered":"<div class=\"wpb-content-wrapper\">[vc_row][vc_column width=&#8221;2\/3&#8243;]<style>.vcex-heading.vcex_69e35e95605c9{border-color:#f07121;color:#f07121;font-size:28px;}<\/style><h3 class=\"vcex-heading vcex-heading-bottom-border-w-color vcex-module wpex-heading wpex-text-2xl wpex-border-b-2 wpex-border-solid wpex-border-main vcex_69e35e95605c9\"><span class=\"vcex-heading-inner wpex-inline-block wpex-relative wpex-pb-5 wpex-border-b-2 wpex-border-solid wpex-border-accent\">Experiencias<\/span><\/h3><div class=\"vcex-spacing wpex-w-100 wpex-clear\" style=\"height:15px;\"><\/div>[vc_column_text]<span style=\"font-weight: 400;\">En esta secci\u00f3n recogeremos experiencias con el robot<\/span><i><span style=\"font-weight: 400;\"> Fant\u00e0stic<\/span><\/i><span style=\"font-weight: 400;\"> y la placa Citilab ED1. Si quieres colaborar <a href=\"https:\/\/www.citilab.eu\/contacte-laboratori-ciutada-innovacio-digital\/\">contacta con nosotros<\/a>.<\/span>[\/vc_column_text]<div class=\"vcex-spacing wpex-w-100 wpex-clear\" style=\"height:15px;\"><\/div>[vc_column_text]<b>Taller para ni\u00f1os hospitalizados en el Hospital San Juan de Dios de Barcelona.<\/b><\/p>\n<p><span style=\"font-weight: 400;\">La iniciativa ha sido impulsada y ideada por Jaume Romagosa, contando con la colaboraci\u00f3n del Citilab.<\/span><\/p>\n<p><a href=\"https:\/\/www.citilab.eu\/actualitat\/2019\/10\/22\/citilab-collabora-en-un-taller-per-a-infants-hospitalitzats-a-lhospital-sant-joan-de-deu-de-barcelona\/\">M\u00e1s info<\/a>[\/vc_column_text]<div class=\"vcex-spacing wpex-w-100 wpex-clear\" style=\"height:15px;\"><\/div><div class=\"vcex-image-slider vcex-module wpex-slider slider-pro wpex-clr\" data-shuffle=\"true\"  data-loop=\"true\" data-auto-play-delay=\"5000\" data-thumbnails=\"true\" data-animation-speed=\"600\" data-height-animation-duration=\"500\" data-thumbnail-height=\"70\" data-thumbnail-width=\"70\"><div class=\"wpex-slider-slides sp-slides\"><div class=\"wpex-slider-slide sp-slide\"><div class=\"wpex-slider-media wpex-relative\"><img width=\"1240\" height=\"698\" src=\"https:\/\/market.citilab.eu\/wp-content\/uploads\/2020\/06\/SJD5.jpg\" class=\"skip-lazy\" alt=\"\" data-no-lazy=\"1\" srcset=\"https:\/\/market.citilab.eu\/wp-content\/uploads\/2020\/06\/SJD5.jpg 1240w, https:\/\/market.citilab.eu\/wp-content\/uploads\/2020\/06\/SJD5-300x169.jpg 300w, https:\/\/market.citilab.eu\/wp-content\/uploads\/2020\/06\/SJD5-1024x576.jpg 1024w, https:\/\/market.citilab.eu\/wp-content\/uploads\/2020\/06\/SJD5-768x432.jpg 768w, https:\/\/market.citilab.eu\/wp-content\/uploads\/2020\/06\/SJD5-600x338.jpg 600w\" sizes=\"(max-width: 1240px) 100vw, 1240px\" \/><div class=\"wpex-slider-caption sp-black sp-layer\"data-position=\"bottomCenter\" data-show-delay=\"500\" data-show-transition=\"up\" data-hide-transition=\"down\" data-width=\"100%\">Fant\u00e0stic a Sant Joan de Deu<\/div><\/div><\/div><div class=\"wpex-slider-slide sp-slide\"><div class=\"wpex-slider-media wpex-relative\"><img width=\"1240\" height=\"698\" src=\"https:\/\/market.citilab.eu\/wp-content\/uploads\/2020\/06\/SJD3.jpg\" class=\"skip-lazy\" alt=\"\" data-no-lazy=\"1\" srcset=\"https:\/\/market.citilab.eu\/wp-content\/uploads\/2020\/06\/SJD3.jpg 1240w, https:\/\/market.citilab.eu\/wp-content\/uploads\/2020\/06\/SJD3-300x169.jpg 300w, https:\/\/market.citilab.eu\/wp-content\/uploads\/2020\/06\/SJD3-1024x576.jpg 1024w, https:\/\/market.citilab.eu\/wp-content\/uploads\/2020\/06\/SJD3-768x432.jpg 768w, https:\/\/market.citilab.eu\/wp-content\/uploads\/2020\/06\/SJD3-600x338.jpg 600w\" sizes=\"(max-width: 1240px) 100vw, 1240px\" \/><div class=\"wpex-slider-caption sp-black sp-layer\"data-position=\"bottomCenter\" data-show-delay=\"500\" data-show-transition=\"up\" data-hide-transition=\"down\" data-width=\"100%\">Endavant Fant\u00e0stic<\/div><\/div><\/div><div class=\"wpex-slider-slide sp-slide\"><div class=\"wpex-slider-media wpex-relative\"><img width=\"1240\" height=\"698\" src=\"https:\/\/market.citilab.eu\/wp-content\/uploads\/2020\/06\/SJD2.jpg\" class=\"skip-lazy\" alt=\"\" data-no-lazy=\"1\" srcset=\"https:\/\/market.citilab.eu\/wp-content\/uploads\/2020\/06\/SJD2.jpg 1240w, https:\/\/market.citilab.eu\/wp-content\/uploads\/2020\/06\/SJD2-300x169.jpg 300w, https:\/\/market.citilab.eu\/wp-content\/uploads\/2020\/06\/SJD2-1024x576.jpg 1024w, https:\/\/market.citilab.eu\/wp-content\/uploads\/2020\/06\/SJD2-768x432.jpg 768w, https:\/\/market.citilab.eu\/wp-content\/uploads\/2020\/06\/SJD2-600x338.jpg 600w\" sizes=\"(max-width: 1240px) 100vw, 1240px\" \/><div class=\"wpex-slider-caption sp-black sp-layer\"data-position=\"bottomCenter\" data-show-delay=\"500\" data-show-transition=\"up\" data-hide-transition=\"down\" data-width=\"100%\">Programant el recorregut<\/div><\/div><\/div><div class=\"wpex-slider-slide sp-slide\"><div class=\"wpex-slider-media wpex-relative\"><img width=\"1240\" height=\"698\" src=\"https:\/\/market.citilab.eu\/wp-content\/uploads\/2020\/06\/SJD6.jpg\" class=\"skip-lazy\" alt=\"\" data-no-lazy=\"1\" srcset=\"https:\/\/market.citilab.eu\/wp-content\/uploads\/2020\/06\/SJD6.jpg 1240w, https:\/\/market.citilab.eu\/wp-content\/uploads\/2020\/06\/SJD6-300x169.jpg 300w, https:\/\/market.citilab.eu\/wp-content\/uploads\/2020\/06\/SJD6-1024x576.jpg 1024w, https:\/\/market.citilab.eu\/wp-content\/uploads\/2020\/06\/SJD6-768x432.jpg 768w, https:\/\/market.citilab.eu\/wp-content\/uploads\/2020\/06\/SJD6-600x338.jpg 600w\" sizes=\"(max-width: 1240px) 100vw, 1240px\" \/><div class=\"wpex-slider-caption sp-black sp-layer\"data-position=\"bottomCenter\" data-show-delay=\"500\" data-show-transition=\"up\" data-hide-transition=\"down\" data-width=\"100%\">El robot Fant\u00e0stic personalitzat amb peces de Lego<\/div><\/div><\/div><\/div><div class=\"wpex-slider-thumbnails sp-thumbnails\"><img width=\"1240\" height=\"698\" src=\"https:\/\/market.citilab.eu\/wp-content\/uploads\/2020\/06\/SJD5.jpg\" class=\"wpex-slider-thumbnail sp-thumbnail skip-lazy\" alt=\"\" data-no-lazy=\"1\" srcset=\"https:\/\/market.citilab.eu\/wp-content\/uploads\/2020\/06\/SJD5.jpg 1240w, https:\/\/market.citilab.eu\/wp-content\/uploads\/2020\/06\/SJD5-300x169.jpg 300w, https:\/\/market.citilab.eu\/wp-content\/uploads\/2020\/06\/SJD5-1024x576.jpg 1024w, https:\/\/market.citilab.eu\/wp-content\/uploads\/2020\/06\/SJD5-768x432.jpg 768w, https:\/\/market.citilab.eu\/wp-content\/uploads\/2020\/06\/SJD5-600x338.jpg 600w\" sizes=\"(max-width: 1240px) 100vw, 1240px\" \/><img width=\"1240\" height=\"698\" src=\"https:\/\/market.citilab.eu\/wp-content\/uploads\/2020\/06\/SJD3.jpg\" class=\"wpex-slider-thumbnail sp-thumbnail skip-lazy\" alt=\"\" data-no-lazy=\"1\" srcset=\"https:\/\/market.citilab.eu\/wp-content\/uploads\/2020\/06\/SJD3.jpg 1240w, https:\/\/market.citilab.eu\/wp-content\/uploads\/2020\/06\/SJD3-300x169.jpg 300w, https:\/\/market.citilab.eu\/wp-content\/uploads\/2020\/06\/SJD3-1024x576.jpg 1024w, https:\/\/market.citilab.eu\/wp-content\/uploads\/2020\/06\/SJD3-768x432.jpg 768w, https:\/\/market.citilab.eu\/wp-content\/uploads\/2020\/06\/SJD3-600x338.jpg 600w\" sizes=\"(max-width: 1240px) 100vw, 1240px\" \/><img width=\"1240\" height=\"698\" src=\"https:\/\/market.citilab.eu\/wp-content\/uploads\/2020\/06\/SJD2.jpg\" class=\"wpex-slider-thumbnail sp-thumbnail skip-lazy\" alt=\"\" data-no-lazy=\"1\" srcset=\"https:\/\/market.citilab.eu\/wp-content\/uploads\/2020\/06\/SJD2.jpg 1240w, https:\/\/market.citilab.eu\/wp-content\/uploads\/2020\/06\/SJD2-300x169.jpg 300w, https:\/\/market.citilab.eu\/wp-content\/uploads\/2020\/06\/SJD2-1024x576.jpg 1024w, https:\/\/market.citilab.eu\/wp-content\/uploads\/2020\/06\/SJD2-768x432.jpg 768w, https:\/\/market.citilab.eu\/wp-content\/uploads\/2020\/06\/SJD2-600x338.jpg 600w\" sizes=\"(max-width: 1240px) 100vw, 1240px\" \/><img width=\"1240\" height=\"698\" src=\"https:\/\/market.citilab.eu\/wp-content\/uploads\/2020\/06\/SJD6.jpg\" class=\"wpex-slider-thumbnail sp-thumbnail skip-lazy\" alt=\"\" data-no-lazy=\"1\" srcset=\"https:\/\/market.citilab.eu\/wp-content\/uploads\/2020\/06\/SJD6.jpg 1240w, https:\/\/market.citilab.eu\/wp-content\/uploads\/2020\/06\/SJD6-300x169.jpg 300w, https:\/\/market.citilab.eu\/wp-content\/uploads\/2020\/06\/SJD6-1024x576.jpg 1024w, https:\/\/market.citilab.eu\/wp-content\/uploads\/2020\/06\/SJD6-768x432.jpg 768w, https:\/\/market.citilab.eu\/wp-content\/uploads\/2020\/06\/SJD6-600x338.jpg 600w\" sizes=\"(max-width: 1240px) 100vw, 1240px\" \/><\/div><\/div><div class=\"vcex-spacing wpex-w-100 wpex-clear\" style=\"height:15px;\"><\/div>[vc_column_text]\n<h4><b>Experimentos con la ED1<\/b><\/h4>\n<p><span style=\"font-weight: 400;\">Kike de @ Opcion3D ha dise\u00f1ando algunos ejemplos muy interesantes, combinando la ED1 y el dise\u00f1o 3D. Gracias Kike !<\/span>[\/vc_column_text]<div class=\"vcex-spacing wpex-w-100 wpex-clear\" style=\"height:15px;\"><\/div><div class=\"vcex-image-slider vcex-module wpex-slider slider-pro wpex-clr\" data-shuffle=\"true\"  data-loop=\"true\" data-auto-play-delay=\"5000\" data-thumbnails=\"true\" data-animation-speed=\"600\" data-height-animation-duration=\"500\" data-thumbnail-height=\"70\" data-thumbnail-width=\"70\" data-reach-video-action=\"none\"><div class=\"wpex-slider-slides sp-slides\"><div class=\"wpex-slider-slide sp-slide\"><div class=\"wpex-slider-media wpex-relative\"><img width=\"1920\" height=\"1080\" src=\"https:\/\/market.citilab.eu\/wp-content\/uploads\/2020\/06\/ed1_spider.png\" class=\"skip-lazy\" alt=\"\" data-no-lazy=\"1\" srcset=\"https:\/\/market.citilab.eu\/wp-content\/uploads\/2020\/06\/ed1_spider.png 1920w, https:\/\/market.citilab.eu\/wp-content\/uploads\/2020\/06\/ed1_spider-300x169.png 300w, https:\/\/market.citilab.eu\/wp-content\/uploads\/2020\/06\/ed1_spider-1024x576.png 1024w, https:\/\/market.citilab.eu\/wp-content\/uploads\/2020\/06\/ed1_spider-768x432.png 768w, https:\/\/market.citilab.eu\/wp-content\/uploads\/2020\/06\/ed1_spider-1536x864.png 1536w, https:\/\/market.citilab.eu\/wp-content\/uploads\/2020\/06\/ed1_spider-600x338.png 600w\" sizes=\"(max-width: 1920px) 100vw, 1920px\" \/><div class=\"wpex-slider-caption sp-black sp-layer\"data-position=\"bottomCenter\" data-show-delay=\"500\" data-show-transition=\"up\" data-hide-transition=\"down\" data-width=\"100%\">ed1_spider<\/div><\/div><\/div><div class=\"wpex-slider-slide sp-slide\"><div class=\"wpex-slider-media wpex-relative\"><img width=\"1280\" height=\"720\" src=\"https:\/\/market.citilab.eu\/wp-content\/uploads\/2020\/06\/ed1_spider2.jpg\" class=\"skip-lazy\" alt=\"\" data-no-lazy=\"1\" srcset=\"https:\/\/market.citilab.eu\/wp-content\/uploads\/2020\/06\/ed1_spider2.jpg 1280w, https:\/\/market.citilab.eu\/wp-content\/uploads\/2020\/06\/ed1_spider2-300x169.jpg 300w, https:\/\/market.citilab.eu\/wp-content\/uploads\/2020\/06\/ed1_spider2-1024x576.jpg 1024w, https:\/\/market.citilab.eu\/wp-content\/uploads\/2020\/06\/ed1_spider2-768x432.jpg 768w, https:\/\/market.citilab.eu\/wp-content\/uploads\/2020\/06\/ed1_spider2-600x338.jpg 600w\" sizes=\"(max-width: 1280px) 100vw, 1280px\" \/><div class=\"wpex-slider-caption sp-black sp-layer\"data-position=\"bottomCenter\" data-show-delay=\"500\" data-show-transition=\"up\" data-hide-transition=\"down\" data-width=\"100%\">ed1_spider2<\/div><\/div><\/div><div class=\"wpex-slider-slide sp-slide\"><div class=\"wpex-slider-media wpex-relative\"><img width=\"1280\" height=\"849\" src=\"https:\/\/market.citilab.eu\/wp-content\/uploads\/2020\/06\/ed1_dancer.jpg\" class=\"skip-lazy\" alt=\"\" data-no-lazy=\"1\" srcset=\"https:\/\/market.citilab.eu\/wp-content\/uploads\/2020\/06\/ed1_dancer.jpg 1280w, https:\/\/market.citilab.eu\/wp-content\/uploads\/2020\/06\/ed1_dancer-300x199.jpg 300w, https:\/\/market.citilab.eu\/wp-content\/uploads\/2020\/06\/ed1_dancer-1024x679.jpg 1024w, https:\/\/market.citilab.eu\/wp-content\/uploads\/2020\/06\/ed1_dancer-768x509.jpg 768w, https:\/\/market.citilab.eu\/wp-content\/uploads\/2020\/06\/ed1_dancer-600x398.jpg 600w\" sizes=\"(max-width: 1280px) 100vw, 1280px\" \/><div class=\"wpex-slider-caption sp-black sp-layer\"data-position=\"bottomCenter\" data-show-delay=\"500\" data-show-transition=\"up\" data-hide-transition=\"down\" data-width=\"100%\">ed1_dancer<\/div><\/div><\/div><div class=\"wpex-slider-slide sp-slide\"><div class=\"wpex-slider-media wpex-relative\"><img width=\"1280\" height=\"864\" src=\"https:\/\/market.citilab.eu\/wp-content\/uploads\/2020\/06\/ed1_minirobot.jpg\" class=\"skip-lazy\" alt=\"\" data-no-lazy=\"1\" srcset=\"https:\/\/market.citilab.eu\/wp-content\/uploads\/2020\/06\/ed1_minirobot.jpg 1280w, https:\/\/market.citilab.eu\/wp-content\/uploads\/2020\/06\/ed1_minirobot-300x203.jpg 300w, https:\/\/market.citilab.eu\/wp-content\/uploads\/2020\/06\/ed1_minirobot-1024x691.jpg 1024w, https:\/\/market.citilab.eu\/wp-content\/uploads\/2020\/06\/ed1_minirobot-768x518.jpg 768w, https:\/\/market.citilab.eu\/wp-content\/uploads\/2020\/06\/ed1_minirobot-600x405.jpg 600w\" sizes=\"(max-width: 1280px) 100vw, 1280px\" \/><div class=\"wpex-slider-caption sp-black sp-layer\"data-position=\"bottomCenter\" data-show-delay=\"500\" data-show-transition=\"up\" data-hide-transition=\"down\" data-width=\"100%\">ed1_minirobot<\/div><\/div><\/div><\/div><div class=\"wpex-slider-thumbnails sp-thumbnails\"><img width=\"1920\" height=\"1080\" src=\"https:\/\/market.citilab.eu\/wp-content\/uploads\/2020\/06\/ed1_spider.png\" class=\"wpex-slider-thumbnail sp-thumbnail skip-lazy\" alt=\"\" data-no-lazy=\"1\" srcset=\"https:\/\/market.citilab.eu\/wp-content\/uploads\/2020\/06\/ed1_spider.png 1920w, https:\/\/market.citilab.eu\/wp-content\/uploads\/2020\/06\/ed1_spider-300x169.png 300w, https:\/\/market.citilab.eu\/wp-content\/uploads\/2020\/06\/ed1_spider-1024x576.png 1024w, https:\/\/market.citilab.eu\/wp-content\/uploads\/2020\/06\/ed1_spider-768x432.png 768w, https:\/\/market.citilab.eu\/wp-content\/uploads\/2020\/06\/ed1_spider-1536x864.png 1536w, https:\/\/market.citilab.eu\/wp-content\/uploads\/2020\/06\/ed1_spider-600x338.png 600w\" sizes=\"(max-width: 1920px) 100vw, 1920px\" \/><img width=\"1280\" height=\"720\" src=\"https:\/\/market.citilab.eu\/wp-content\/uploads\/2020\/06\/ed1_spider2.jpg\" class=\"wpex-slider-thumbnail sp-thumbnail skip-lazy\" alt=\"\" data-no-lazy=\"1\" srcset=\"https:\/\/market.citilab.eu\/wp-content\/uploads\/2020\/06\/ed1_spider2.jpg 1280w, https:\/\/market.citilab.eu\/wp-content\/uploads\/2020\/06\/ed1_spider2-300x169.jpg 300w, https:\/\/market.citilab.eu\/wp-content\/uploads\/2020\/06\/ed1_spider2-1024x576.jpg 1024w, https:\/\/market.citilab.eu\/wp-content\/uploads\/2020\/06\/ed1_spider2-768x432.jpg 768w, https:\/\/market.citilab.eu\/wp-content\/uploads\/2020\/06\/ed1_spider2-600x338.jpg 600w\" sizes=\"(max-width: 1280px) 100vw, 1280px\" \/><img width=\"1280\" height=\"849\" src=\"https:\/\/market.citilab.eu\/wp-content\/uploads\/2020\/06\/ed1_dancer.jpg\" class=\"wpex-slider-thumbnail sp-thumbnail skip-lazy\" alt=\"\" data-no-lazy=\"1\" srcset=\"https:\/\/market.citilab.eu\/wp-content\/uploads\/2020\/06\/ed1_dancer.jpg 1280w, https:\/\/market.citilab.eu\/wp-content\/uploads\/2020\/06\/ed1_dancer-300x199.jpg 300w, https:\/\/market.citilab.eu\/wp-content\/uploads\/2020\/06\/ed1_dancer-1024x679.jpg 1024w, https:\/\/market.citilab.eu\/wp-content\/uploads\/2020\/06\/ed1_dancer-768x509.jpg 768w, https:\/\/market.citilab.eu\/wp-content\/uploads\/2020\/06\/ed1_dancer-600x398.jpg 600w\" sizes=\"(max-width: 1280px) 100vw, 1280px\" \/><img width=\"1280\" height=\"864\" src=\"https:\/\/market.citilab.eu\/wp-content\/uploads\/2020\/06\/ed1_minirobot.jpg\" class=\"wpex-slider-thumbnail sp-thumbnail skip-lazy\" alt=\"\" data-no-lazy=\"1\" srcset=\"https:\/\/market.citilab.eu\/wp-content\/uploads\/2020\/06\/ed1_minirobot.jpg 1280w, https:\/\/market.citilab.eu\/wp-content\/uploads\/2020\/06\/ed1_minirobot-300x203.jpg 300w, https:\/\/market.citilab.eu\/wp-content\/uploads\/2020\/06\/ed1_minirobot-1024x691.jpg 1024w, https:\/\/market.citilab.eu\/wp-content\/uploads\/2020\/06\/ed1_minirobot-768x518.jpg 768w, https:\/\/market.citilab.eu\/wp-content\/uploads\/2020\/06\/ed1_minirobot-600x405.jpg 600w\" sizes=\"(max-width: 1280px) 100vw, 1280px\" \/><\/div><\/div><div class=\"vcex-spacing wpex-w-100 wpex-clear\" style=\"height:15px;\"><\/div>[vc_column_text]\n<h4><b>Yomo festival<\/b><\/h4>\n<p><span style=\"font-weight: 400;\">Citilab particip\u00f3 en Yomo 2019: The Youth Mobile Festival organizando un taller de programaci\u00f3n por bloques, electr\u00f3nica y metodolog\u00eda Tinkering, en el que los participantes transformaban la placa ED1 en un instrumento de m\u00fasica electr\u00f3nica.<\/span>[\/vc_column_text]<div class=\"vcex-spacing wpex-w-100 wpex-clear\" style=\"height:15px;\"><\/div><div class=\"vcex-image-slider vcex-module wpex-slider slider-pro wpex-clr\" data-shuffle=\"true\"  data-loop=\"true\" data-auto-play-delay=\"5000\" data-thumbnails=\"true\" data-animation-speed=\"600\" data-height-animation-duration=\"500\" data-thumbnail-height=\"70\" data-thumbnail-width=\"70\" data-reach-video-action=\"none\"><div class=\"wpex-slider-slides sp-slides\"><div class=\"wpex-slider-slide sp-slide\"><div class=\"wpex-slider-media wpex-relative\"><img width=\"652\" height=\"490\" src=\"https:\/\/market.citilab.eu\/wp-content\/uploads\/2020\/07\/YoMO-2019.jpg\" class=\"skip-lazy\" alt=\"\" data-no-lazy=\"1\" srcset=\"https:\/\/market.citilab.eu\/wp-content\/uploads\/2020\/07\/YoMO-2019.jpg 652w, https:\/\/market.citilab.eu\/wp-content\/uploads\/2020\/07\/YoMO-2019-300x225.jpg 300w, https:\/\/market.citilab.eu\/wp-content\/uploads\/2020\/07\/YoMO-2019-600x451.jpg 600w\" sizes=\"(max-width: 652px) 100vw, 652px\" \/><div class=\"wpex-slider-caption sp-black sp-layer\"data-position=\"bottomCenter\" data-show-delay=\"500\" data-show-transition=\"up\" data-hide-transition=\"down\" data-width=\"100%\">YoMO 2019<\/div><\/div><\/div><div class=\"wpex-slider-slide sp-slide\"><div class=\"wpex-slider-media wpex-relative\"><img width=\"1484\" height=\"1112\" src=\"https:\/\/market.citilab.eu\/wp-content\/uploads\/2020\/07\/YoMo-2.jpg\" class=\"skip-lazy\" alt=\"\" data-no-lazy=\"1\" srcset=\"https:\/\/market.citilab.eu\/wp-content\/uploads\/2020\/07\/YoMo-2.jpg 1484w, https:\/\/market.citilab.eu\/wp-content\/uploads\/2020\/07\/YoMo-2-300x225.jpg 300w, https:\/\/market.citilab.eu\/wp-content\/uploads\/2020\/07\/YoMo-2-1024x767.jpg 1024w, https:\/\/market.citilab.eu\/wp-content\/uploads\/2020\/07\/YoMo-2-768x575.jpg 768w, https:\/\/market.citilab.eu\/wp-content\/uploads\/2020\/07\/YoMo-2-600x450.jpg 600w\" sizes=\"(max-width: 1484px) 100vw, 1484px\" \/><div class=\"wpex-slider-caption sp-black sp-layer\"data-position=\"bottomCenter\" data-show-delay=\"500\" data-show-transition=\"up\" data-hide-transition=\"down\" data-width=\"100%\">YoMo 2<\/div><\/div><\/div><\/div><div class=\"wpex-slider-thumbnails sp-thumbnails\"><img width=\"652\" height=\"490\" src=\"https:\/\/market.citilab.eu\/wp-content\/uploads\/2020\/07\/YoMO-2019.jpg\" class=\"wpex-slider-thumbnail sp-thumbnail skip-lazy\" alt=\"\" data-no-lazy=\"1\" srcset=\"https:\/\/market.citilab.eu\/wp-content\/uploads\/2020\/07\/YoMO-2019.jpg 652w, https:\/\/market.citilab.eu\/wp-content\/uploads\/2020\/07\/YoMO-2019-300x225.jpg 300w, https:\/\/market.citilab.eu\/wp-content\/uploads\/2020\/07\/YoMO-2019-600x451.jpg 600w\" sizes=\"(max-width: 652px) 100vw, 652px\" \/><img width=\"1484\" height=\"1112\" src=\"https:\/\/market.citilab.eu\/wp-content\/uploads\/2020\/07\/YoMo-2.jpg\" class=\"wpex-slider-thumbnail sp-thumbnail skip-lazy\" alt=\"\" data-no-lazy=\"1\" srcset=\"https:\/\/market.citilab.eu\/wp-content\/uploads\/2020\/07\/YoMo-2.jpg 1484w, https:\/\/market.citilab.eu\/wp-content\/uploads\/2020\/07\/YoMo-2-300x225.jpg 300w, https:\/\/market.citilab.eu\/wp-content\/uploads\/2020\/07\/YoMo-2-1024x767.jpg 1024w, https:\/\/market.citilab.eu\/wp-content\/uploads\/2020\/07\/YoMo-2-768x575.jpg 768w, https:\/\/market.citilab.eu\/wp-content\/uploads\/2020\/07\/YoMo-2-600x450.jpg 600w\" sizes=\"(max-width: 1484px) 100vw, 1484px\" \/><\/div><\/div><div class=\"vcex-spacing wpex-w-100 wpex-clear\" style=\"height:15px;\"><\/div>[\/vc_column][vc_column width=&#8221;1\/3&#8243;]<style>.vcex-heading.vcex_69e35e9569b02{border-color:#f07121;color:#f07121;font-size:28px;}<\/style><h3 class=\"vcex-heading vcex-heading-bottom-border-w-color vcex-module wpex-heading wpex-text-2xl wpex-border-b-2 wpex-border-solid wpex-border-main vcex_69e35e9569b02\"><span class=\"vcex-heading-inner wpex-inline-block wpex-relative wpex-pb-5 wpex-border-b-2 wpex-border-solid wpex-border-accent\">Twitter<\/span><\/h3><div class=\"vcex-spacing wpex-w-100 wpex-clear\" style=\"height:15px;\"><\/div>[vc_column_text]\n<!-- Custom Twitter Feeds by Smash Balloon -->\n<div id=\"ctf\" class=\" ctf ctf-type-usertimeline ctf-rebranded ctf-feed-705866060  ctf-styles ctf-list ctf-regular-style\"   data-ctfshortcode=\"{&quot;buttontext&quot;:&quot;M\\u00e9s...&quot;}\"   data-ctfdisablelinks=\"false\" data-ctflinktextcolor=\"#\" data-header-size=\"small\" data-feedid=\"705866060\" data-postid=\"793\"  data-ctfintents=\"1\"  data-ctfneeded=\"5\">\n            <div id=\"ctf\" class=\"ctf\">\n            <div class=\"ctf-error\">\n                <div class=\"ctf-error-user\">\n\t\t\t\t\tEl feed de Twitter no est\u00e1 disponible en este momento.                <\/div>\n            <\/div>\n        <\/div>\n\t\t    <div class=\"ctf-tweets\">\n   \t\t    <\/div>\n    \n<\/div>\n[\/vc_column_text]<div class=\"vcex-spacing wpex-w-100 wpex-clear\"><\/div>[\/vc_column][\/vc_row]\n<\/div>","protected":false},"excerpt":{"rendered":"<p>[vc_row][vc_column width=&#8221;2\/3&#8243;][vc_column_text]En esta secci\u00f3n recogeremos experiencias con el robot Fant\u00e0stic y la placa Citilab ED1. Si quieres colaborar contacta con nosotros.[\/vc_column_text][vc_column_text]Taller para ni\u00f1os hospitalizados en el Hospital San Juan de Dios de Barcelona. La iniciativa ha sido impulsada y ideada por Jaume Romagosa, contando con la colaboraci\u00f3n del Citilab. M\u00e1s info[\/vc_column_text][vc_column_text] Experimentos con la ED1&hellip;<\/p>\n","protected":false},"author":1,"featured_media":0,"parent":0,"menu_order":0,"comment_status":"closed","ping_status":"closed","template":"","meta":{"footnotes":""},"class_list":["post-793","page","type-page","status-publish","hentry","entry","no-media"],"_links":{"self":[{"href":"https:\/\/market.citilab.eu\/es\/wp-json\/wp\/v2\/pages\/793","targetHints":{"allow":["GET"]}}],"collection":[{"href":"https:\/\/market.citilab.eu\/es\/wp-json\/wp\/v2\/pages"}],"about":[{"href":"https:\/\/market.citilab.eu\/es\/wp-json\/wp\/v2\/types\/page"}],"author":[{"embeddable":true,"href":"https:\/\/market.citilab.eu\/es\/wp-json\/wp\/v2\/users\/1"}],"replies":[{"embeddable":true,"href":"https:\/\/market.citilab.eu\/es\/wp-json\/wp\/v2\/comments?post=793"}],"version-history":[{"count":5,"href":"https:\/\/market.citilab.eu\/es\/wp-json\/wp\/v2\/pages\/793\/revisions"}],"predecessor-version":[{"id":930,"href":"https:\/\/market.citilab.eu\/es\/wp-json\/wp\/v2\/pages\/793\/revisions\/930"}],"wp:attachment":[{"href":"https:\/\/market.citilab.eu\/es\/wp-json\/wp\/v2\/media?parent=793"}],"curies":[{"name":"wp","href":"https:\/\/api.w.org\/{rel}","templated":true}]}}