{"id":799,"date":"2020-06-17T16:28:57","date_gmt":"2020-06-17T16:28:57","guid":{"rendered":"https:\/\/market.citilab.eu\/?page_id=799"},"modified":"2023-11-08T20:21:42","modified_gmt":"2023-11-08T20:21:42","slug":"instalacion-de-microblocks","status":"publish","type":"page","link":"https:\/\/market.citilab.eu\/es\/instalacion-de-microblocks\/","title":{"rendered":"Puesta en marcha de la ED1"},"content":{"rendered":"<div class=\"wpb-content-wrapper\">[vc_row][vc_column][vc_column_text width=&#8221;440&#8243;]\n<div style=\"width: 640px;\" class=\"wp-video\"><video class=\"wp-video-shortcode\" id=\"video-799-1\" width=\"640\" height=\"360\" loop autoplay preload=\"auto\" controls=\"controls\"><source type=\"video\/mp4\" src=\"https:\/\/market.citilab.eu\/wp-content\/uploads\/2022\/01\/concurrency.mp4?_=1\" \/><a href=\"https:\/\/market.citilab.eu\/wp-content\/uploads\/2022\/01\/concurrency.mp4\">https:\/\/market.citilab.eu\/wp-content\/uploads\/2022\/01\/concurrency.mp4<\/a><\/video><\/div>\n[\/vc_column_text][\/vc_column][\/vc_row][vc_section][vc_row][vc_column][vc_custom_heading text=&#8221;En esta p\u00e1gina se presentan una serie de v\u00eddeos cortos sobre el uso de la placa ED1 y el entorno de programaci\u00f3n MicroBlocks.<\/p>\n<p>Es importante conocer todos los pasos que se recomiendan antes de comenzar<br \/>\na conectar y programar. De esta forma se estar\u00e1 haciendo un uso m\u00e1s seguro de la placa y la herramienta.&#8221; font_container=&#8221;tag:h3|text_align:center|color:%23dd9933&#8243; google_fonts=&#8221;font_family:Fira%20Sans%3A300%2C300italic%2C400%2C400italic%2C500%2C500italic%2C700%2C700italic|font_style:400%20regular%3A400%3Anormal&#8221;][\/vc_column][\/vc_row][vc_row][vc_column width=&#8221;1\/2&#8243;][vc_video link=&#8221;https:\/\/www.youtube.com\/watch?v=qyQZplS1ilA&#8221;][\/vc_column][vc_column width=&#8221;1\/2&#8243;][vc_empty_space][vc_custom_heading text=&#8221;&lt; &lt; DESC\u00c1RGATE MICROBLOCKS&#8221; font_container=&#8221;tag:h2|text_align:center|color:%23dd9933&#8243; google_fonts=&#8221;font_family:Fira%20Sans%3A300%2C300italic%2C400%2C400italic%2C500%2C500italic%2C700%2C700italic|font_style:400%20regular%3A400%3Anormal&#8221;][vc_empty_space][vc_custom_heading text=&#8221;Para programar con MicroBlocks se puede utilizar la versi\u00f3n web de este entorno o descargarlo en local. La versi\u00f3n instalada es m\u00e1s r\u00e1pida y se conecta autom\u00e1ticamente a la placa.&#8221; font_container=&#8221;tag:h3|text_align:center&#8221; google_fonts=&#8221;font_family:Cabin%3Aregular%2Citalic%2C500%2C500italic%2C600%2C600italic%2C700%2C700italic|font_style:400%20regular%3A400%3Anormal&#8221;][\/vc_column][\/vc_row][\/vc_section][vc_row][vc_column width=&#8221;1\/2&#8243;][vc_empty_space][vc_custom_heading text=&#8221;INSTALACI\u00d3N DEL DRIVER &gt;&gt;&#8221; font_container=&#8221;tag:h2|text_align:center|color:%23dd9933&#8243; google_fonts=&#8221;font_family:Fira%20Sans%3A300%2C300italic%2C400%2C400italic%2C500%2C500italic%2C700%2C700italic|font_style:400%20regular%3A400%3Anormal&#8221;][vc_empty_space][vc_custom_heading text=&#8221;La instalaci\u00f3n del driver es necesaria para que el ordenador pueda detectar la placa conectada.<br \/>\nEl driver enlaza el dispositivo con el ordenador.&#8221; font_container=&#8221;tag:h3|text_align:center&#8221; google_fonts=&#8221;font_family:Cabin%3Aregular%2Citalic%2C500%2C500italic%2C600%2C600italic%2C700%2C700italic|font_style:400%20regular%3A400%3Anormal&#8221;][\/vc_column][vc_column width=&#8221;1\/2&#8243;][vc_video link=&#8221;https:\/\/www.youtube.com\/watch?v=y2p4CfLo-IE&#8221; align=&#8221;center&#8221;][\/vc_column][\/vc_row][vc_row][vc_column width=&#8221;1\/2&#8243;][vc_video link=&#8221;https:\/\/www.youtube.com\/watch?v=0TfPV5D_0g8&#8243; align=&#8221;center&#8221;][\/vc_column][vc_column width=&#8221;1\/2&#8243;][vc_empty_space][vc_custom_heading text=&#8221;&lt;&lt; REINICIA LA PLACA&#8221; font_container=&#8221;tag:h2|text_align:center|color:%23dd9933&#8243; google_fonts=&#8221;font_family:Fira%20Sans%3A300%2C300italic%2C400%2C400italic%2C500%2C500italic%2C700%2C700italic|font_style:400%20regular%3A400%3Anormal&#8221;][vc_empty_space][vc_custom_heading text=&#8221;Saber borrar la informaci\u00f3n de la placa y actualizar su firmware es clave para restaurarla si se queda colgada o existe una actualizaci\u00f3n importante.&#8221; font_container=&#8221;tag:h3|text_align:center&#8221; google_fonts=&#8221;font_family:Cabin%3Aregular%2Citalic%2C500%2C500italic%2C600%2C600italic%2C700%2C700italic|font_style:400%20regular%3A400%3Anormal&#8221;][\/vc_column][\/vc_row][vc_row][vc_column width=&#8221;1\/2&#8243;][vc_empty_space][vc_custom_heading text=&#8221;COMPRUEBA LOS SENSORES Y ACTUADORES DE LA PLACA &gt;&gt;&#8221; font_container=&#8221;tag:h2|text_align:center|color:%23dd9933&#8243; google_fonts=&#8221;font_family:Fira%20Sans%3A300%2C300italic%2C400%2C400italic%2C500%2C500italic%2C700%2C700italic|font_style:400%20regular%3A400%3Anormal&#8221;][vc_empty_space][vc_custom_heading text=&#8221;Se recomienda realizar una comprobaci\u00f3n de todos los sensores y actuadores que lleva incorporados la placa para verificar que todo funciona correctamente.&#8221; font_container=&#8221;tag:h3|text_align:center&#8221; google_fonts=&#8221;font_family:Cabin%3Aregular%2Citalic%2C500%2C500italic%2C600%2C600italic%2C700%2C700italic|font_style:400%20regular%3A400%3Anormal&#8221;][\/vc_column][vc_column width=&#8221;1\/2&#8243;][vc_video link=&#8221;https:\/\/youtu.be\/L4uwlqeAMKA&#8221; align=&#8221;center&#8221;][\/vc_column][\/vc_row][vc_row][vc_column width=&#8221;1\/2&#8243;][vc_video link=&#8221;https:\/\/www.youtube.com\/watch?v=dDExXvQ3EAA&#8221; align=&#8221;center&#8221;][\/vc_column][vc_column width=&#8221;1\/2&#8243;][vc_empty_space][vc_custom_heading text=&#8221;&lt;&lt; CARGA LA BATER\u00edA&#8221; font_container=&#8221;tag:h2|text_align:center|color:%23dd9933&#8243; google_fonts=&#8221;font_family:Fira%20Sans%3A300%2C300italic%2C400%2C400italic%2C500%2C500italic%2C700%2C700italic|font_style:400%20regular%3A400%3Anormal&#8221;][vc_empty_space][vc_custom_heading text=&#8221;Gracias al entorno MicroBlocks y el sistema de alimentaci\u00f3n de la placa ED1, es posible desconectar la placa del ordenador y seguir trabajando de forma aut\u00f3noma.&#8221; font_container=&#8221;tag:h3|text_align:center&#8221; google_fonts=&#8221;font_family:Cabin%3Aregular%2Citalic%2C500%2C500italic%2C600%2C600italic%2C700%2C700italic|font_style:400%20regular%3A400%3Anormal&#8221;][\/vc_column][\/vc_row][vc_row][vc_column width=&#8221;1\/2&#8243;][vc_empty_space][vc_custom_heading text=&#8221;COMPONENTES COMPATIBLES CON LA PLACA &gt;&gt;&#8221; font_container=&#8221;tag:h2|text_align:center|color:%23dd9933&#8243; google_fonts=&#8221;font_family:Fira%20Sans%3A300%2C300italic%2C400%2C400italic%2C500%2C500italic%2C700%2C700italic|font_style:400%20regular%3A400%3Anormal&#8221;][vc_empty_space][vc_custom_heading text=&#8221;La placa ED1 dispone de pins y conectores para usar componentes externos.&#8221; font_container=&#8221;tag:h3|text_align:center&#8221; google_fonts=&#8221;font_family:Cabin%3Aregular%2Citalic%2C500%2C500italic%2C600%2C600italic%2C700%2C700italic|font_style:400%20regular%3A400%3Anormal&#8221;][\/vc_column][vc_column width=&#8221;1\/2&#8243;][vc_video link=&#8221;https:\/\/www.youtube.com\/watch?v=wYD9NQ-OAnA&#8221; align=&#8221;center&#8221;][\/vc_column][\/vc_row][vc_row][vc_column][vc_empty_space][vc_custom_heading text=&#8221;\u25e6 \u25e6 \u25e6 \u25e6 \u25e6 \u25e6 \u25e6 \u25e6 \u25e6 \u25e6 \u25e6 \u25e6 \u25e6 \u25e6 \u25e6 \u25e6 \u25e6 \u25e6 \u25e6 \u25e6 \u25e6 \ud83d\udce3\ud83d\udce3 \u00a1ATENCI\u00d3N! \ud83d\udce3\ud83d\udce3 \u25e6 \u25e6 \u25e6 \u25e6 \u25e6 \u25e6 \u25e6 \u25e6 \u25e6 \u25e6 \u25e6 \u25e6 \u25e6 \u25e6 \u25e6 \u25e6 \u25e6 \u25e6 \u25e6 \u25e6 \u25e6&#8221; font_container=&#8221;tag:h2|text_align:center|color:%23dd9933&#8243; google_fonts=&#8221;font_family:Fira%20Sans%3A300%2C300italic%2C400%2C400italic%2C500%2C500italic%2C700%2C700italic|font_style:400%20regular%3A400%3Anormal&#8221;][vc_empty_space][vc_custom_heading text=&#8221;Juega a conectar el mundo real de MicroBlocks y la placa ED1, con el mundo virtual de Snap!&#8221; font_container=&#8221;tag:h2|text_align:center&#8221; google_fonts=&#8221;font_family:Cabin%3Aregular%2Citalic%2C500%2C500italic%2C600%2C600italic%2C700%2C700italic|font_style:400%20regular%3A400%3Anormal&#8221;][vc_empty_space][vc_video link=&#8221;https:\/\/www.youtube.com\/watch?v=ipJSom2kFkA&#8221; el_width=&#8221;60&#8243; align=&#8221;center&#8221;][\/vc_column][\/vc_row]\n<\/div>","protected":false},"excerpt":{"rendered":"<p>[vc_row][vc_column][vc_column_text width=&#8221;440&#8243;] [\/vc_column_text][\/vc_column][\/vc_row][vc_section][vc_row][vc_column][vc_custom_heading text=&#8221;En esta p\u00e1gina se presentan una serie de v\u00eddeos cortos sobre el uso de la placa ED1 y el entorno de programaci\u00f3n MicroBlocks. Es importante conocer todos los pasos que se recomiendan antes de comenzar a conectar y programar. De esta forma se estar\u00e1 haciendo un uso m\u00e1s seguro de la placa&hellip;<\/p>\n","protected":false},"author":1,"featured_media":0,"parent":0,"menu_order":0,"comment_status":"closed","ping_status":"closed","template":"","meta":{"footnotes":""},"class_list":["post-799","page","type-page","status-publish","hentry","entry","no-media"],"_links":{"self":[{"href":"https:\/\/market.citilab.eu\/es\/wp-json\/wp\/v2\/pages\/799","targetHints":{"allow":["GET"]}}],"collection":[{"href":"https:\/\/market.citilab.eu\/es\/wp-json\/wp\/v2\/pages"}],"about":[{"href":"https:\/\/market.citilab.eu\/es\/wp-json\/wp\/v2\/types\/page"}],"author":[{"embeddable":true,"href":"https:\/\/market.citilab.eu\/es\/wp-json\/wp\/v2\/users\/1"}],"replies":[{"embeddable":true,"href":"https:\/\/market.citilab.eu\/es\/wp-json\/wp\/v2\/comments?post=799"}],"version-history":[{"count":23,"href":"https:\/\/market.citilab.eu\/es\/wp-json\/wp\/v2\/pages\/799\/revisions"}],"predecessor-version":[{"id":1299,"href":"https:\/\/market.citilab.eu\/es\/wp-json\/wp\/v2\/pages\/799\/revisions\/1299"}],"wp:attachment":[{"href":"https:\/\/market.citilab.eu\/es\/wp-json\/wp\/v2\/media?parent=799"}],"curies":[{"name":"wp","href":"https:\/\/api.w.org\/{rel}","templated":true}]}}