{"id":804,"date":"2020-06-17T16:30:57","date_gmt":"2020-06-17T16:30:57","guid":{"rendered":"https:\/\/market.citilab.eu\/?page_id=804"},"modified":"2022-03-09T10:46:47","modified_gmt":"2022-03-09T10:46:47","slug":"tarjetas","status":"publish","type":"page","link":"https:\/\/market.citilab.eu\/es\/tarjetas\/","title":{"rendered":"Comienza a programar"},"content":{"rendered":"<div class=\"wpb-content-wrapper\">[vc_row][vc_column][vc_column_text]\n<h2>Tarjetas<\/h2>\n[\/vc_column_text][\/vc_column][\/vc_row][vc_section][vc_row][vc_column][vc_column_text]<span style=\"font-weight: 400;\">Descarga las tarjetas de programaci\u00f3n <\/span><a href=\"https:\/\/cloud.citilab.eu\/s\/gBngxbAfctZ4g6o\"><span style=\"font-weight: 400;\">microBlocks ED1<\/span><\/a><span style=\"font-weight: 400;\"> para comenzar. Sigue los retos que se proponen paso a paso y descubre as\u00ed las funciones b\u00e1sicas que te ayudar\u00e1n a empezar tus primeros proyectos!<\/span>[\/vc_column_text][\/vc_column][\/vc_row][vc_row][vc_column]<div class=\"wpex-slider-preloaderimg wpex-relative no-stretch\"><img width=\"500\" height=\"351\" src=\"https:\/\/market.citilab.eu\/wp-content\/uploads\/2020\/12\/Tarjetas-microBlocks-ED1_1.png\" class=\"skip-lazy\" alt=\"\" data-no-lazy=\"1\" srcset=\"https:\/\/market.citilab.eu\/wp-content\/uploads\/2020\/12\/Tarjetas-microBlocks-ED1_1.png 500w, https:\/\/market.citilab.eu\/wp-content\/uploads\/2020\/12\/Tarjetas-microBlocks-ED1_1-300x211.png 300w\" sizes=\"(max-width: 500px) 100vw, 500px\" \/><\/div><div class=\"vcex-image-slider vcex-module wpex-slider slider-pro wpex-clr no-stretch wpex-lightbox-group\" data-loop=\"true\" data-auto-play-delay=\"5000\" data-buttons=\"false\" data-fade-arrows=\"false\" data-animation-speed=\"600\" data-height-animation-duration=\"500\" data-thumbnail-height=\"70\" data-thumbnail-width=\"70\" data-reach-video-action=\"none\" data-touch-swipe-desktop=\"false\" data-show_title=\"false\"><div class=\"wpex-slider-slides sp-slides\"><div class=\"wpex-slider-slide sp-slide\"><div class=\"wpex-slider-media wpex-relative\"><a href=\"https:\/\/market.citilab.eu\/wp-content\/uploads\/2020\/12\/Tarjetas-microBlocks-ED1_1.png\" class=\"vcex-flexslider-entry-img wpex-slider-media-link wpex-lightbox-group-item\"><img width=\"500\" height=\"351\" src=\"https:\/\/market.citilab.eu\/wp-content\/uploads\/2020\/12\/Tarjetas-microBlocks-ED1_1.png\" class=\"skip-lazy\" alt=\"\" data-no-lazy=\"1\" srcset=\"https:\/\/market.citilab.eu\/wp-content\/uploads\/2020\/12\/Tarjetas-microBlocks-ED1_1.png 500w, https:\/\/market.citilab.eu\/wp-content\/uploads\/2020\/12\/Tarjetas-microBlocks-ED1_1-300x211.png 300w\" sizes=\"(max-width: 500px) 100vw, 500px\" \/><\/a><\/div><\/div><div class=\"wpex-slider-slide sp-slide\"><div class=\"wpex-slider-media wpex-relative\"><a href=\"https:\/\/market.citilab.eu\/wp-content\/uploads\/2020\/12\/Tarjetas-microBlocks-ED1_2.png\" class=\"vcex-flexslider-entry-img wpex-slider-media-link wpex-lightbox-group-item\"><img width=\"500\" height=\"352\" src=\"https:\/\/market.citilab.eu\/wp-content\/uploads\/2020\/12\/Tarjetas-microBlocks-ED1_2.png\" class=\"skip-lazy\" alt=\"\" data-no-lazy=\"1\" srcset=\"https:\/\/market.citilab.eu\/wp-content\/uploads\/2020\/12\/Tarjetas-microBlocks-ED1_2.png 500w, https:\/\/market.citilab.eu\/wp-content\/uploads\/2020\/12\/Tarjetas-microBlocks-ED1_2-300x211.png 300w\" sizes=\"(max-width: 500px) 100vw, 500px\" \/><\/a><\/div><\/div><div class=\"wpex-slider-slide sp-slide\"><div class=\"wpex-slider-media wpex-relative\"><a href=\"https:\/\/market.citilab.eu\/wp-content\/uploads\/2020\/12\/Tarjetas-microBlocks-ED1_3.png\" class=\"vcex-flexslider-entry-img wpex-slider-media-link wpex-lightbox-group-item\"><img width=\"500\" height=\"351\" src=\"https:\/\/market.citilab.eu\/wp-content\/uploads\/2020\/12\/Tarjetas-microBlocks-ED1_3.png\" class=\"skip-lazy\" alt=\"\" data-no-lazy=\"1\" srcset=\"https:\/\/market.citilab.eu\/wp-content\/uploads\/2020\/12\/Tarjetas-microBlocks-ED1_3.png 500w, https:\/\/market.citilab.eu\/wp-content\/uploads\/2020\/12\/Tarjetas-microBlocks-ED1_3-300x211.png 300w\" sizes=\"(max-width: 500px) 100vw, 500px\" \/><\/a><\/div><\/div><div class=\"wpex-slider-slide sp-slide\"><div class=\"wpex-slider-media wpex-relative\"><a href=\"https:\/\/market.citilab.eu\/wp-content\/uploads\/2020\/12\/Tarjetas-microBlocks-ED1_4.png\" class=\"vcex-flexslider-entry-img wpex-slider-media-link wpex-lightbox-group-item\"><img width=\"500\" height=\"351\" src=\"https:\/\/market.citilab.eu\/wp-content\/uploads\/2020\/12\/Tarjetas-microBlocks-ED1_4.png\" class=\"skip-lazy\" alt=\"\" data-no-lazy=\"1\" srcset=\"https:\/\/market.citilab.eu\/wp-content\/uploads\/2020\/12\/Tarjetas-microBlocks-ED1_4.png 500w, https:\/\/market.citilab.eu\/wp-content\/uploads\/2020\/12\/Tarjetas-microBlocks-ED1_4-300x211.png 300w\" sizes=\"(max-width: 500px) 100vw, 500px\" \/><\/a><\/div><\/div><div class=\"wpex-slider-slide sp-slide\"><div class=\"wpex-slider-media wpex-relative\"><a href=\"https:\/\/market.citilab.eu\/wp-content\/uploads\/2020\/12\/Tarjetas-microBlocks-ED1_5.png\" class=\"vcex-flexslider-entry-img wpex-slider-media-link wpex-lightbox-group-item\"><img width=\"500\" height=\"351\" src=\"https:\/\/market.citilab.eu\/wp-content\/uploads\/2020\/12\/Tarjetas-microBlocks-ED1_5.png\" class=\"skip-lazy\" alt=\"\" data-no-lazy=\"1\" srcset=\"https:\/\/market.citilab.eu\/wp-content\/uploads\/2020\/12\/Tarjetas-microBlocks-ED1_5.png 500w, https:\/\/market.citilab.eu\/wp-content\/uploads\/2020\/12\/Tarjetas-microBlocks-ED1_5-300x211.png 300w\" sizes=\"(max-width: 500px) 100vw, 500px\" \/><\/a><\/div><\/div><\/div><\/div><div class=\"vcex-spacing wpex-w-100 wpex-clear visible-desktop-large\" style=\"height:100px;\"><\/div><style>.vcex-button.vcex_69d19d17e297c{background:#f07121;color:#ffffff!important;padding-block:15px;padding-inline:100px;}<\/style><div class=\"theme-button-wrap textcenter theme-button-block-wrap wpex-block wpex-clear wpex-clr\"><a href=\"https:\/\/cloud.citilab.eu\/s\/EMrKgwsGqfkGat7\" class=\"vcex-button theme-button small align-center block vcex_69d19d17e297c\" target=\"_blank\" rel=\"nofollow noopener noreferrer\" download><span class=\"vcex-button-inner theme-button-inner wpex-flex wpex-flex-wrap wpex-items-center wpex-justify-center\"><span class=\"vcex-button-icon vcex-icon-wrap theme-button-icon-left\"><span aria-hidden=\"true\" class=\"far fa-file-alt\"><\/span><\/span>Descargar PDF<\/span><\/a><\/div> [\/vc_column][\/vc_row][vc_row][vc_column]<div class=\"vcex-spacing wpex-w-100 wpex-clear visible-desktop-large\" style=\"height:15px;\"><\/div>[\/vc_column][\/vc_row][\/vc_section][vc_row][vc_column][vc_column_text]\n<h2>Videos de ejemplo<\/h2>\n<p>V\u00eddeos cortos con ejemplos de uso de algunos elementos de la placa ED1 y su programaci\u00f3n, utilizando <span class=\"hiddenSpellError\">microBlocks<\/span>.[\/vc_column_text][\/vc_column][\/vc_row][vc_row][vc_column][vc_video link=&#8221;https:\/\/youtu.be\/T1NzLm44zFg&#8221; el_width=&#8221;50&#8243; align=&#8221;center&#8221; title=&#8221;Cambiar el color de la pantalla&#8221;][\/vc_column][\/vc_row][vc_row][vc_column][vc_video link=&#8221;https:\/\/youtu.be\/c2UYpdsG2pQ&#8221; el_width=&#8221;50&#8243; align=&#8221;center&#8221; title=&#8221;Iteraci\u00f3n de cuadrados&#8221;][vc_column_text]\n<p style=\"text-align: center;\"><a href=\"https:\/\/microblocks.fun\/run\/microblocks.html#scripts=GP%20Script%0Adepends%20%27ED1%20Buttons%27%20%27TFT%27%0A%0Ascript%20376%2078%20%7B%0AwhenCondition%20%28%27OK%20button%27%29%0Aforever%20%7B%0A%20%20for%20i%20%28%28%27%5Btft%3AgetWidth%5D%27%29%20%2F%202%29%20%7B%0A%20%20%20%20%27%5Btft%3Arect%5D%27%20i%20i%20%28%28%27%5Btft%3AgetWidth%5D%27%29%20-%20%28i%20%2A%202%29%29%20%28%28%27%5Btft%3AgetHeight%5D%27%29%20-%20%28i%20%2A%202%29%29%20%28randomColor%29%20false%0A%20%20%7D%0A%20%20waitMillis%2040%0A%7D%0A%7D%0A%0A\" target=\"_blank\" rel=\"noopener\">Abrir microBlocks<\/a> con el c\u00f3digo del ejemplo.<\/p>\n[\/vc_column_text][\/vc_column][\/vc_row][vc_row][vc_column][vc_video link=&#8221;https:\/\/youtu.be\/7D15vVMn82E&#8221; el_width=&#8221;50&#8243; align=&#8221;center&#8221; title=&#8221;Suma de figuras&#8221;][vc_column_text]\n<p style=\"text-align: center;\"><a href=\"https:\/\/microblocks.fun\/run\/microblocks.html#scripts=GP%20Scripts%0Adepends%20%27ED1%20Buttons%27%20%27LED%20Display%27%20%27TFT%27%0A%0Ascript%20427%2086%20%7B%0AwhenCondition%20%28%27down%20button%27%29%0A%27%5Bdisplay%3AmbDisplayOff%5D%27%0A%27%5Btft%3Acircle%5D%27%2030%2060%2020%20%28colorSwatch%20255%20255%20255%20255%29%0A%27%5Btft%3Acircle%5D%27%2090%2060%2020%20%28colorSwatch%20255%20255%20255%20255%29%0A%27%5Btft%3Acircle%5D%27%2090%2065%2010%20%28colorSwatch%204%204%204%20255%29%0A%27%5Btft%3Acircle%5D%27%2030%2065%2010%20%28colorSwatch%204%204%204%20255%29%0AwaitMillis%20500%0A%7D%0A%0Ascript%20882%2091%20%7B%0AwhenCondition%20%28%27up%20button%27%29%0A%27%5Bdisplay%3AmbDisplayOff%5D%27%0A%27%5Btft%3Acircle%5D%27%2030%2060%2020%20%28colorSwatch%20255%20255%20255%20255%29%0A%27%5Btft%3Acircle%5D%27%2090%2060%2020%20%28colorSwatch%20255%20255%20255%20255%29%0A%27%5Btft%3Acircle%5D%27%2090%2055%2010%20%28colorSwatch%204%204%204%20255%29%0A%27%5Btft%3Acircle%5D%27%2030%2055%2010%20%28colorSwatch%204%204%204%20255%29%0AwaitUntil%20%28not%20%28%27up%20button%27%29%29%0A%7D%0A%0A\" target=\"_blank\" rel=\"noopener\">Abrir microBlocks<\/a> con el c\u00f3digo del ejemplo.<\/p>\n[\/vc_column_text][\/vc_column][\/vc_row][vc_row][vc_column][vc_video link=&#8221;https:\/\/youtu.be\/nrm5y1FHb0I&#8221; el_width=&#8221;50&#8243; align=&#8221;center&#8221; title=&#8221;Mostrar texto en pantalla&#8221;][vc_column_text]\n<p style=\"text-align: center;\"><a href=\"https:\/\/microblocks.fun\/run\/microblocks.html#scripts=GP%20Script%0Adepends%20%27LED%20Display%27%20%27TFT%27%0A%0Ascript%20557%20118%20%7B%0AwhenStarted%0A%27%5Bdisplay%3AmbDisplayOff%5D%27%0Afor%20i%2010%20%7B%0A%20%20escala%20%3D%20i%0A%20%20%27%5Btft%3Atext%5D%27%20%27ED1%27%20%28%28%28%27%5Btft%3AgetWidth%5D%27%29%20-%20%28%28size%20%27ED1%27%29%20%2A%20%285%20%2A%20escala%29%29%29%20%2F%202%29%20%28%28%28%27%5Btft%3AgetHeight%5D%27%29%20-%20%281%20%2A%20%287%20%2A%20escala%29%29%29%20%2F%202%29%20%28randomColor%29%20escala%20false%0A%20%20waitMillis%20200%0A%7D%0A%7D%0A%0A\" target=\"_blank\" rel=\"noopener\">Abrir microBlocks<\/a> con el c\u00f3digo del ejemplo.<\/p>\n[\/vc_column_text][\/vc_column][\/vc_row][vc_row][vc_column][vc_video link=&#8221;https:\/\/youtu.be\/DiN8qfSdxSE&#8221; el_width=&#8221;50&#8243; align=&#8221;center&#8221; title=&#8221;Dibujo lineal&#8221;][vc_column_text]\n<p style=\"text-align: center;\"><a href=\"https:\/\/microblocks.fun\/run\/microblocks.html#scripts=GP%20Script%0Adepends%20%27ED1%20Buttons%27%20%27LED%20Display%27%20%27TFT%27%20%27Turtle%27%0A%0Ascript%20497%20105%20%7B%0AwhenStarted%0Ahome%0A%27set%20pen%20color%20to%27%20%28colorSwatch%2035%20190%2030%20255%29%0A%27pen%20down%27%0Aforever%20%7B%0A%20%20if%20%28%27up%20button%27%29%20%7B%0A%20%20%20%20setHeading%20270%0A%20%20%20%20move%202%0A%20%20%7D%20%28%27down%20button%27%29%20%7B%0A%20%20%20%20setHeading%2090%0A%20%20%20%20move%202%0A%20%20%7D%20%28%27left%20button%27%29%20%7B%0A%20%20%20%20setHeading%20180%0A%20%20%20%20move%202%0A%20%20%7D%20%28%27right%20button%27%29%20%7B%0A%20%20%20%20setHeading%200%0A%20%20%20%20move%202%0A%20%20%7D%20%28%27cancel%20button%27%29%20%7B%0A%20%20%20%20%27%5Bdisplay%3AmbDisplayOff%5D%27%0A%20%20%7D%0A%20%20waitMillis%2050%0A%7D%0A%7D%0A%0A\" target=\"_blank\" rel=\"noopener\">Abrir microBlocks<\/a> con el c\u00f3digo del ejemplo.<\/p>\n[\/vc_column_text][\/vc_column][\/vc_row][vc_row][vc_column][vc_video link=&#8221;https:\/\/youtu.be\/SOyh-9IpydI&#8221; el_width=&#8221;50&#8243; align=&#8221;center&#8221; title=&#8221;Dibujar un Mandala&#8221;][vc_column_text]\n<p style=\"text-align: center;\"><a href=\"https:\/\/microblocks.fun\/run\/microblocks.html#scripts=GP%20Script%0Adepends%20%27LED%20Display%27%20%27TFT%27%20%27Turtle%27%0A%0Ascript%20458%2090%20%7B%0AwhenStarted%0Ahome%0A%27pen%20down%27%0A%27%5Bdisplay%3AmbDisplayOff%5D%27%0Arepeat%2015%20%7B%0A%20%20%27set%20pen%20color%20to%27%20%28randomColor%29%0A%20%20repeat%204%20%7B%0A%20%20%20%20move%2040%0A%20%20%20%20turnBy%2090%0A%20%20%7D%0A%20%20turnFraction%201%2015%0A%7D%0A%7D%0A%0A\" target=\"_blank\" rel=\"noopener\">Abrir microBlocks<\/a> con el c\u00f3digo del ejemplo.<\/p>\n[\/vc_column_text][\/vc_column][\/vc_row]\n<\/div>","protected":false},"excerpt":{"rendered":"<p>[vc_row][vc_column][vc_column_text] Tarjetas [\/vc_column_text][\/vc_column][\/vc_row][vc_section][vc_row][vc_column][vc_column_text]Descarga las tarjetas de programaci\u00f3n microBlocks ED1 para comenzar. Sigue los retos que se proponen paso a paso y descubre as\u00ed las funciones b\u00e1sicas que te ayudar\u00e1n a empezar tus primeros proyectos![\/vc_column_text][\/vc_column][\/vc_row][vc_row][vc_column][\/vc_column][\/vc_row][vc_row][vc_column][\/vc_column][\/vc_row][\/vc_section][vc_row][vc_column][vc_column_text] Videos de ejemplo V\u00eddeos cortos con ejemplos de uso de algunos elementos de la placa ED1 y su programaci\u00f3n, utilizando microBlocks.[\/vc_column_text][\/vc_column][\/vc_row][vc_row][vc_column][vc_video&hellip;<\/p>\n","protected":false},"author":1,"featured_media":0,"parent":0,"menu_order":0,"comment_status":"closed","ping_status":"closed","template":"","meta":{"footnotes":""},"class_list":["post-804","page","type-page","status-publish","hentry","entry","no-media"],"_links":{"self":[{"href":"https:\/\/market.citilab.eu\/es\/wp-json\/wp\/v2\/pages\/804","targetHints":{"allow":["GET"]}}],"collection":[{"href":"https:\/\/market.citilab.eu\/es\/wp-json\/wp\/v2\/pages"}],"about":[{"href":"https:\/\/market.citilab.eu\/es\/wp-json\/wp\/v2\/types\/page"}],"author":[{"embeddable":true,"href":"https:\/\/market.citilab.eu\/es\/wp-json\/wp\/v2\/users\/1"}],"replies":[{"embeddable":true,"href":"https:\/\/market.citilab.eu\/es\/wp-json\/wp\/v2\/comments?post=804"}],"version-history":[{"count":11,"href":"https:\/\/market.citilab.eu\/es\/wp-json\/wp\/v2\/pages\/804\/revisions"}],"predecessor-version":[{"id":1267,"href":"https:\/\/market.citilab.eu\/es\/wp-json\/wp\/v2\/pages\/804\/revisions\/1267"}],"wp:attachment":[{"href":"https:\/\/market.citilab.eu\/es\/wp-json\/wp\/v2\/media?parent=804"}],"curies":[{"name":"wp","href":"https:\/\/api.w.org\/{rel}","templated":true}]}}