{"id":807,"date":"2020-06-17T16:31:53","date_gmt":"2020-06-17T16:31:53","guid":{"rendered":"https:\/\/market.citilab.eu\/?page_id=807"},"modified":"2020-06-17T16:36:20","modified_gmt":"2020-06-17T16:36:20","slug":"ejemplos","status":"publish","type":"page","link":"https:\/\/market.citilab.eu\/es\/ejemplos\/","title":{"rendered":"Ejemplos"},"content":{"rendered":"<div class=\"wpb-content-wrapper\">[vc_section][vc_row][vc_column][vc_tta_accordion active_section=&#8221;1&#8243; collapsible_all=&#8221;true&#8221;][vc_tta_section i_icon_fontawesome=&#8221;fas fa-skating&#8221; add_icon=&#8221;true&#8221; title=&#8221;Nivel b\u00e1sico&#8221; tab_id=&#8221;1581067755633-3e7de0bd-b898&#8243;][vc_column_text]<span  style=\"color:000;font-size:24px;\" class=\"wpex-icon\" aria-hidden=\"true\"><svg xmlns=\"http:\/\/www.w3.org\/2000\/svg\" viewBox=\"0 0 32 32\"><path d=\"M9.143 22.286v3.429q0 0.714-0.5 1.214t-1.214 0.5h-5.714q-0.714 0-1.214-0.5t-0.5-1.214v-3.429q0-0.714 0.5-1.214t1.214-0.5h5.714q0.714 0 1.214 0.5t0.5 1.214zM9.143 13.143v3.429q0 0.714-0.5 1.214t-1.214 0.5h-5.714q-0.714 0-1.214-0.5t-0.5-1.214v-3.429q0-0.714 0.5-1.214t1.214-0.5h5.714q0.714 0 1.214 0.5t0.5 1.214zM20.571 22.286v3.429q0 0.714-0.5 1.214t-1.214 0.5h-5.714q-0.714 0-1.214-0.5t-0.5-1.214v-3.429q0-0.714 0.5-1.214t1.214-0.5h5.714q0.714 0 1.214 0.5t0.5 1.214zM9.143 4v3.429q0 0.714-0.5 1.214t-1.214 0.5h-5.714q-0.714 0-1.214-0.5t-0.5-1.214v-3.429q0-0.714 0.5-1.214t1.214-0.5h5.714q0.714 0 1.214 0.5t0.5 1.214zM20.571 13.143v3.429q0 0.714-0.5 1.214t-1.214 0.5h-5.714q-0.714 0-1.214-0.5t-0.5-1.214v-3.429q0-0.714 0.5-1.214t1.214-0.5h5.714q0.714 0 1.214 0.5t0.5 1.214zM32 22.286v3.429q0 0.714-0.5 1.214t-1.214 0.5h-5.714q-0.714 0-1.214-0.5t-0.5-1.214v-3.429q0-0.714 0.5-1.214t1.214-0.5h5.714q0.714 0 1.214 0.5t0.5 1.214zM20.571 4v3.429q0 0.714-0.5 1.214t-1.214 0.5h-5.714q-0.714 0-1.214-0.5t-0.5-1.214v-3.429q0-0.714 0.5-1.214t1.214-0.5h5.714q0.714 0 1.214 0.5t0.5 1.214zM32 13.143v3.429q0 0.714-0.5 1.214t-1.214 0.5h-5.714q-0.714 0-1.214-0.5t-0.5-1.214v-3.429q0-0.714 0.5-1.214t1.214-0.5h5.714q0.714 0 1.214 0.5t0.5 1.214zM32 4v3.429q0 0.714-0.5 1.214t-1.214 0.5h-5.714q-0.714 0-1.214-0.5t-0.5-1.214v-3.429q0-0.714 0.5-1.214t1.214-0.5h5.714q0.714 0 1.214 0.5t0.5 1.214z\"><\/path><\/svg><\/span> <span style=\"font-weight: 400; font-size: 18px;\">Alfombra de retos<img decoding=\"async\" class=\"size-full wp-image-405 alignright lazyload\" src=\"data:image\/gif;base64,R0lGODlhAQABAIAAAAAAAP\/\/\/yH5BAEAAAAALAAAAAABAAEAAAIBRAA7\" data-src=\"https:\/\/market.citilab.eu\/wp-content\/uploads\/2020\/06\/fantasticmini.png\" alt=\"\" width=\"44\" height=\"32\" \/><noscript><img decoding=\"async\" class=\"size-full wp-image-405 alignright lazyload\" src=\"https:\/\/market.citilab.eu\/wp-content\/uploads\/2020\/06\/fantasticmini.png\" alt=\"\" width=\"44\" height=\"32\" \/><\/noscript><\/span><\/p>\n<p><span style=\"font-weight: 400;\">Utiliza los botones de direcci\u00f3n del robot para controlarlo. Consigue moverlo hasta los objetivos marcados en la alfombra de cuadrados. ts. <\/span><\/p>\n<p>Descripci\u00f3n detallada<\/p>\n<style> style=\"padding-block:2px;\"<\/style><div class=\"vcex-module vcex-divider-dots wpex-mx-auto wpex-last-mr-0 wpex-text-center\" style=\"padding-block:2px;\"><span class=\"wpex-inline-block wpex-rounded-full wpex-mr-10\" style=\"background:#dd3333;\"><\/span><span class=\"wpex-inline-block wpex-rounded-full wpex-mr-10\" style=\"background:#dd3333;\"><\/span><span class=\"wpex-inline-block wpex-rounded-full wpex-mr-10\" style=\"background:#dd3333;\"><\/span><\/div>\n<span  style=\"color:000;font-size:24px;\" class=\"wpex-icon\" aria-hidden=\"true\"><svg xmlns=\"http:\/\/www.w3.org\/2000\/svg\" viewBox=\"0 0 512 512\"><path d=\"M410.3 231l11.3-11.3-33.9-33.9-62.1-62.1L291.7 89.8l-11.3 11.3-22.6 22.6L58.6 322.9c-10.4 10.4-18 23.3-22.2 37.4L1 480.7c-2.5 8.4-.2 17.5 6.1 23.7s15.3 8.5 23.7 6.1l120.3-35.4c14.1-4.2 27-11.8 37.4-22.2L387.7 253.7 410.3 231zM160 399.4l-9.1 22.7c-4 3.1-8.5 5.4-13.3 6.9L59.4 452l23-78.1c1.4-4.9 3.8-9.4 6.9-13.3l22.7-9.1v32c0 8.8 7.2 16 16 16h32zM362.7 18.7L348.3 33.2 325.7 55.8 314.3 67.1l33.9 33.9 62.1 62.1 33.9 33.9 11.3-11.3 22.6-22.6 14.5-14.5c25-25 25-65.5 0-90.5L453.3 18.7c-25-25-65.5-25-90.5 0zm-47.4 168l-144 144c-6.2 6.2-16.4 6.2-22.6 0s-6.2-16.4 0-22.6l144-144c6.2-6.2 16.4-6.2 22.6 0s6.2 16.4 0 22.6z\"\/><\/svg><\/span> <span style=\"font-weight: 400;\"><span style=\"font-size: 18px;\">Robot pintor<\/span><img decoding=\"async\" class=\"size-full wp-image-405 alignright lazyload\" src=\"data:image\/gif;base64,R0lGODlhAQABAIAAAAAAAP\/\/\/yH5BAEAAAAALAAAAAABAAEAAAIBRAA7\" data-src=\"https:\/\/market.citilab.eu\/wp-content\/uploads\/2020\/06\/fantasticmini.png\" alt=\"\" width=\"44\" height=\"32\" \/><noscript><img decoding=\"async\" class=\"size-full wp-image-405 alignright lazyload\" src=\"https:\/\/market.citilab.eu\/wp-content\/uploads\/2020\/06\/fantasticmini.png\" alt=\"\" width=\"44\" height=\"32\" \/><\/noscript><\/span><\/p>\n<p><span style=\"font-weight: 400;\">Coloca un rotulador al robot y prep\u00e1ralo para dibujar! Prueba de girar en diferentes direcciones a trav\u00e9s de las flechas de la placa ED1 y observa el resultado.<\/span><\/p>\n<p>Descripci\u00f3n detallada[\/vc_column_text][\/vc_tta_section][vc_tta_section i_icon_fontawesome=&#8221;fas fa-skiing-nordic&#8221; add_icon=&#8221;true&#8221; title=&#8221;Nivel medio&#8221; tab_id=&#8221;1581065422329-d923bc18-089b&#8221;][vc_column_text]<span style=\"font-weight: 400;\"><img decoding=\"async\" class=\"alignnone wp-image-381 lazyload\" role=\"img\" src=\"data:image\/gif;base64,R0lGODlhAQABAIAAAAAAAP\/\/\/yH5BAEAAAAALAAAAAABAAEAAAIBRAA7\" data-src=\"https:\/\/market.citilab.eu\/wp-content\/uploads\/2020\/06\/dice-solid.svg\" alt=\"\" width=\"30\" height=\"24\" \/><noscript><img decoding=\"async\" class=\"alignnone wp-image-381 lazyload\" role=\"img\" src=\"https:\/\/market.citilab.eu\/wp-content\/uploads\/2020\/06\/dice-solid.svg\" alt=\"\" width=\"30\" height=\"24\" \/><\/noscript>\u00a0 <span style=\"font-size: 18px;\">Dado electr\u00f3nico<img decoding=\"async\" class=\"size-full wp-image-401 alignright lazyload\" src=\"data:image\/gif;base64,R0lGODlhAQABAIAAAAAAAP\/\/\/yH5BAEAAAAALAAAAAABAAEAAAIBRAA7\" data-src=\"https:\/\/market.citilab.eu\/wp-content\/uploads\/2020\/06\/ed1mini.png\" alt=\"\" width=\"43\" height=\"32\" \/><noscript><img decoding=\"async\" class=\"size-full wp-image-401 alignright lazyload\" src=\"https:\/\/market.citilab.eu\/wp-content\/uploads\/2020\/06\/ed1mini.png\" alt=\"\" width=\"43\" height=\"32\" \/><\/noscript><br \/>\n<\/span><\/span><\/p>\n<p><span style=\"font-weight: 400;\">Crea un dado electr\u00f3nico usando el aceler\u00f3metro de la ED1. Haz que cada vez que se agite la placa cambie el n\u00famero que aparece en pantalla.<\/span><\/p>\n<p><a href=\"https:\/\/cloud.citilab.eu\/s\/4yzi7s38kMZkxSH\">Descripci\u00f3n detallada<\/a><\/p>\n<style> style=\"padding-block:2px;\"<\/style><div class=\"vcex-module vcex-divider-dots wpex-mx-auto wpex-last-mr-0 wpex-text-center\" style=\"padding-block:2px;\"><span class=\"wpex-inline-block wpex-rounded-full wpex-mr-10\" style=\"background:#dd3333;\"><\/span><span class=\"wpex-inline-block wpex-rounded-full wpex-mr-10\" style=\"background:#dd3333;\"><\/span><span class=\"wpex-inline-block wpex-rounded-full wpex-mr-10\" style=\"background:#dd3333;\"><\/span><\/div>\n<p><img decoding=\"async\" class=\"alignnone wp-image-387 lazyload\" role=\"img\" src=\"data:image\/gif;base64,R0lGODlhAQABAIAAAAAAAP\/\/\/yH5BAEAAAAALAAAAAABAAEAAAIBRAA7\" data-src=\"https:\/\/market.citilab.eu\/wp-content\/uploads\/2020\/06\/moon-solid.svg\" alt=\"\" width=\"24\" height=\"24\" \/><noscript><img decoding=\"async\" class=\"alignnone wp-image-387 lazyload\" role=\"img\" src=\"https:\/\/market.citilab.eu\/wp-content\/uploads\/2020\/06\/moon-solid.svg\" alt=\"\" width=\"24\" height=\"24\" \/><\/noscript><img decoding=\"async\" class=\"alignnone wp-image-388 lazyload\" role=\"img\" src=\"data:image\/gif;base64,R0lGODlhAQABAIAAAAAAAP\/\/\/yH5BAEAAAAALAAAAAABAAEAAAIBRAA7\" data-src=\"https:\/\/market.citilab.eu\/wp-content\/uploads\/2020\/06\/sun-solid.svg\" alt=\"\" width=\"24\" height=\"24\" \/><noscript><img decoding=\"async\" class=\"alignnone wp-image-388 lazyload\" role=\"img\" src=\"https:\/\/market.citilab.eu\/wp-content\/uploads\/2020\/06\/sun-solid.svg\" alt=\"\" width=\"24\" height=\"24\" \/><\/noscript>\u00a0 <span style=\"font-size: 18px;\">La Luna y el Sol<img decoding=\"async\" class=\"size-full wp-image-402 alignright lazyload\" src=\"data:image\/gif;base64,R0lGODlhAQABAIAAAAAAAP\/\/\/yH5BAEAAAAALAAAAAABAAEAAAIBRAA7\" data-src=\"https:\/\/market.citilab.eu\/wp-content\/uploads\/2020\/06\/fantasticmini.png\" alt=\"\" width=\"44\" height=\"32\" \/><noscript><img decoding=\"async\" class=\"size-full wp-image-402 alignright lazyload\" src=\"https:\/\/market.citilab.eu\/wp-content\/uploads\/2020\/06\/fantasticmini.png\" alt=\"\" width=\"44\" height=\"32\" \/><\/noscript><\/span><\/p>\n<p><span style=\"font-weight: 400;\">Simula un sistema inteligente capaz de dibujar un sol cuando hay mucha luz en el entorno y una luna cuando se oscurece o baja el nivel de luz.<\/span><\/p>\n<p><a href=\"https:\/\/cloud.citilab.eu\/s\/f5zzrq9JmmfXjtY#pdfviewer\">Descripci\u00f3n detallada<\/a>[\/vc_column_text][\/vc_tta_section][vc_tta_section i_icon_fontawesome=&#8221;fas fa-skiing&#8221; add_icon=&#8221;true&#8221; title=&#8221;Nivell avanzado&#8221; tab_id=&#8221;1581066371414-fdbd740e-df3f&#8221;][vc_column_text]<span style=\"font-weight: 400;\"><img decoding=\"async\" class=\"alignnone wp-image-397 lazyload\" role=\"img\" src=\"data:image\/gif;base64,R0lGODlhAQABAIAAAAAAAP\/\/\/yH5BAEAAAAALAAAAAABAAEAAAIBRAA7\" data-src=\"https:\/\/market.citilab.eu\/wp-content\/uploads\/2020\/06\/cat-solid.svg\" alt=\"\" width=\"24\" height=\"24\" \/><noscript><img decoding=\"async\" class=\"alignnone wp-image-397 lazyload\" role=\"img\" src=\"https:\/\/market.citilab.eu\/wp-content\/uploads\/2020\/06\/cat-solid.svg\" alt=\"\" width=\"24\" height=\"24\" \/><\/noscript><img decoding=\"async\" class=\"alignnone wp-image-398 lazyload\" role=\"img\" src=\"data:image\/gif;base64,R0lGODlhAQABAIAAAAAAAP\/\/\/yH5BAEAAAAALAAAAAABAAEAAAIBRAA7\" data-src=\"https:\/\/market.citilab.eu\/wp-content\/uploads\/2020\/06\/mouse.svg\" alt=\"\" width=\"24\" height=\"24\" \/><noscript><img decoding=\"async\" class=\"alignnone wp-image-398 lazyload\" role=\"img\" src=\"https:\/\/market.citilab.eu\/wp-content\/uploads\/2020\/06\/mouse.svg\" alt=\"\" width=\"24\" height=\"24\" \/><\/noscript>\u00a0 <span style=\"font-size: 18px;\">El gato y el rat\u00f3n <img decoding=\"async\" class=\"size-full wp-image-406 alignright lazyload\" src=\"data:image\/gif;base64,R0lGODlhAQABAIAAAAAAAP\/\/\/yH5BAEAAAAALAAAAAABAAEAAAIBRAA7\" data-src=\"https:\/\/market.citilab.eu\/wp-content\/uploads\/2020\/06\/ed1mini.png\" alt=\"\" width=\"43\" height=\"32\" \/><noscript><img decoding=\"async\" class=\"size-full wp-image-406 alignright lazyload\" src=\"https:\/\/market.citilab.eu\/wp-content\/uploads\/2020\/06\/ed1mini.png\" alt=\"\" width=\"43\" height=\"32\" \/><\/noscript><\/span><br \/>\n<\/span><\/p>\n<p><span style=\"font-weight: 400;\">Haz de la placa ED1 un mando para controlar tu juego virtual. Conoce el protocolo de Mozilla WebThings y conecta la placa ED1 con un juego hecho con Snap!<\/span><\/p>\n<p>Descripci\u00f3n detallada[\/vc_column_text][\/vc_tta_section][\/vc_tta_accordion][\/vc_column][\/vc_row][\/vc_section]\n<\/div>","protected":false},"excerpt":{"rendered":"<p>[vc_section][vc_row][vc_column][vc_tta_accordion active_section=&#8221;1&#8243; collapsible_all=&#8221;true&#8221;][vc_tta_section i_icon_fontawesome=&#8221;fas fa-skating&#8221; add_icon=&#8221;true&#8221; title=&#8221;Nivel b\u00e1sico&#8221; tab_id=&#8221;1581067755633-3e7de0bd-b898&#8243;][vc_column_text] Alfombra de retos Utiliza los botones de direcci\u00f3n del robot para controlarlo. Consigue moverlo hasta los objetivos marcados en la alfombra de cuadrados. ts. Descripci\u00f3n detallada Robot pintor Coloca un rotulador al robot y prep\u00e1ralo para dibujar! Prueba de girar en diferentes direcciones a trav\u00e9s de&hellip;<\/p>\n","protected":false},"author":1,"featured_media":0,"parent":0,"menu_order":0,"comment_status":"closed","ping_status":"closed","template":"","meta":{"footnotes":""},"class_list":["post-807","page","type-page","status-publish","hentry","entry","no-media"],"_links":{"self":[{"href":"https:\/\/market.citilab.eu\/es\/wp-json\/wp\/v2\/pages\/807","targetHints":{"allow":["GET"]}}],"collection":[{"href":"https:\/\/market.citilab.eu\/es\/wp-json\/wp\/v2\/pages"}],"about":[{"href":"https:\/\/market.citilab.eu\/es\/wp-json\/wp\/v2\/types\/page"}],"author":[{"embeddable":true,"href":"https:\/\/market.citilab.eu\/es\/wp-json\/wp\/v2\/users\/1"}],"replies":[{"embeddable":true,"href":"https:\/\/market.citilab.eu\/es\/wp-json\/wp\/v2\/comments?post=807"}],"version-history":[{"count":3,"href":"https:\/\/market.citilab.eu\/es\/wp-json\/wp\/v2\/pages\/807\/revisions"}],"predecessor-version":[{"id":810,"href":"https:\/\/market.citilab.eu\/es\/wp-json\/wp\/v2\/pages\/807\/revisions\/810"}],"wp:attachment":[{"href":"https:\/\/market.citilab.eu\/es\/wp-json\/wp\/v2\/media?parent=807"}],"curies":[{"name":"wp","href":"https:\/\/api.w.org\/{rel}","templated":true}]}}