{"id":811,"date":"2020-06-17T16:36:59","date_gmt":"2020-06-17T16:36:59","guid":{"rendered":"https:\/\/market.citilab.eu\/?page_id=811"},"modified":"2021-02-12T09:54:00","modified_gmt":"2021-02-12T09:54:00","slug":"educadores","status":"publish","type":"page","link":"https:\/\/market.citilab.eu\/es\/educadores\/","title":{"rendered":"Educadores"},"content":{"rendered":"<div class=\"wpb-content-wrapper\">[vc_section][vc_row][vc_column][vc_column_text]<b>Gu\u00eda docente<\/b><\/p>\n<p><span style=\"font-weight: 400;\">El robot Fant\u00e0stic est\u00e1 pensado para poder ser utilizado des de la etapa de Infantil hasta Ciclo Superior de Primaria o inicios de la ESO. Esto es gracias a los diferentes niveles de uso que ofrece. Clasificamos los niveles seg\u00fan: nivel aprendiz, avanzado, experto y maestro.<\/span><\/p>\n<p><b>Nivel aprendiz<\/b><\/p>\n<p><span style=\"font-weight: 400;\">En las etapas de Educaci\u00f3n Infantil y Ciclo Inicial de Primaria se recomienda utilizar el robot Fant\u00e0stic a trav\u00e9s de la <\/span><b>manipulaci\u00f3n directa de los botones<\/b><span style=\"font-weight: 400;\"> del robot.<\/span><\/p>\n<p><span style=\"font-weight: 400;\">El uso del robot en las primeras etapas educativas facilita la experimentaci\u00f3n de la direccionalidad (derecha, izquierda, arriba y abajo), la l\u00f3gica (n\u00famero de pasos para mover el robot) o la secuenciaci\u00f3n (orden en que se realizan los movimientos para llegar al objetivo deseado) de una forma divertida e innovadora.<\/span><\/p>\n<p><b>Din\u00e1mica de uso en nivel aprendiz<\/b><\/p>\n<p><span style=\"font-weight: 400;\">Para comenzar, es necesario cargarle un programa ya dise\u00f1ado capaz de guardar una secuencia de direcciones para a continuaci\u00f3n ejecutarlas una a una.<\/span><\/p>\n<ol>\n<li style=\"font-weight: 400;\"><a href=\"https:\/\/cloud.citilab.eu\/s\/CK6ErCf6BdZEbtC\"><span style=\"font-weight: 400;\">Descarga el programa<\/span><\/a><\/li>\n<li style=\"font-weight: 400;\"><span style=\"font-weight: 400;\">Abre el programa des del entorno de programaci\u00f3n microBlocks<\/span><\/li>\n<li style=\"font-weight: 400;\"><span style=\"font-weight: 400;\">Activalo y comienza a moverlo<\/span><\/li>\n<\/ol>\n<p><img decoding=\"async\" class=\"size-medium wp-image-301 alignleft lazyload\" src=\"data:image\/gif;base64,R0lGODlhAQABAIAAAAAAAP\/\/\/yH5BAEAAAAALAAAAAABAAEAAAIBRAA7\" data-src=\"https:\/\/market.citilab.eu\/wp-content\/uploads\/2020\/02\/F20-1-300x225.jpg\" alt=\"\" width=\"300\" height=\"225\" \/><noscript><img decoding=\"async\" class=\"size-medium wp-image-301 alignleft lazyload\" src=\"https:\/\/market.citilab.eu\/wp-content\/uploads\/2020\/02\/F20-1-300x225.jpg\" alt=\"\" width=\"300\" height=\"225\" srcset=\"https:\/\/market.citilab.eu\/wp-content\/uploads\/2020\/02\/F20-1-300x225.jpg 300w, https:\/\/market.citilab.eu\/wp-content\/uploads\/2020\/02\/F20-1.jpg 500w\" sizes=\"(max-width: 300px) 100vw, 300px\" \/><\/noscript><span style=\"font-weight: 400;\">Este programa consiste en utilizar los cuatro botones de direcci\u00f3n (derecha, izquierda, arriba y abajo), un bot\u00f3n OK que hace la funci\u00f3n de validaci\u00f3n de las instrucciones indicadas y un bot\u00f3n X para borrar la secuencia y poder comenzar una nueva.<\/span><\/p>\n<p><span style=\"font-weight: 400;\">Teniendo en cuenta el funcionamiento del nivel aprendiz, se puede explorar primero el movimiento de forma libre con las tarjetas de direcci\u00f3n.<\/span><\/p>\n<p><span style=\"font-weight: 400;\">A continuaci\u00f3n, se pueden trabajar retos concretos relacionados con contenidos curriculares (colores, animales, formas, pares del cuerpo, letras, etc.) mediante el uso de alfombras de cuadrados (de 20x20cm) y colocando im\u00e1genes impresas en algunos de estos cuadrados como puntos objetivos de los retos.<\/span>[\/vc_column_text][\/vc_column][\/vc_row][vc_row][vc_column width=&#8221;1\/2&#8243;][\/vc_column][vc_column width=&#8221;1\/2&#8243;][\/vc_column][\/vc_row][vc_row content_placement=&#8221;middle&#8221;][vc_column width=&#8221;1\/2&#8243;][vc_column_text]<b>Nivel avanzado<\/b><\/p>\n<p><span style=\"font-weight: 400;\">El segundo estado se enmarcar\u00eda en la etapa de Ciclo Medio de Educaci\u00f3n Primaria. Aqu\u00ed se puede continuar trabajando de forma manipulativa con el robot, adaptando pero, el contenido de las alfombras a la edad correspondiente. Como se trata de una etapa en que est\u00e1n consolidando la lectoescritura, les ayuda el uso de s\u00edmbolos, pudiendo introducir tambi\u00e9n la parte virtual, haciendo uso del robot en la pantalla con el <\/span><a href=\"http:\/\/snap4arduino.rocks\/run\/#loadJr\"><span style=\"font-weight: 400;\">SnapJr<\/span><\/a><span style=\"font-weight: 400;\">.<\/span><\/p>\n<p><b>Din\u00e1mica de uso nivel avanzado<\/b><\/p>\n<p><span style=\"font-weight: 400;\">El robot dispone de extensiones f\u00edsicas, como un l\u00e1piz para dibujar o una pala para poder arrastrar objetos. En este segundo nivel es posible utilizar las extensiones para conseguir actividades m\u00e1s interactivas y complejas.<\/span><\/p>\n<p><span style=\"font-weight: 400;\">En esta etapa tambi\u00e9n se puede introducir la creaci\u00f3n de vestidos para los robots. Se trata de una actividad art\u00edstica y que trabaja la motricidad para conseguir personalizar los robots, haci\u00e9ndolos m\u00e1s amigables seg\u00fan sus gustos.<\/span><\/p>\n<ul>\n<li><span style=\"font-weight: 400;\">Descarga <\/span><a href=\"https:\/\/cloud.citilab.eu\/s\/8CT5dp6efZqMSqP\"><span style=\"font-weight: 400;\">aqu\u00ed<\/span><\/a><span style=\"font-weight: 400;\"> la pala del robot<\/span><\/li>\n<li><span style=\"font-weight: 400;\">Haz clic aqu\u00ed para descargar el <\/span><a href=\"https:\/\/cloud.citilab.eu\/s\/Yk5wF5fQrPNKEJs\"><span style=\"font-weight: 400;\">patr\u00f3n<\/span><\/a><span style=\"font-weight: 400;\"> del disfraz<\/span><\/li>\n<\/ul>\n[\/vc_column_text][\/vc_column][vc_column width=&#8221;1\/2&#8243;][\/vc_column][\/vc_row][vc_row][vc_column]<style class=\"vcex-carousel-preload-css\">.vcex_69dee9d052eb1{--wpex-carousel-gap:15px;}.vcex_69dee9d052eb1{--wpex-carousel-columns:1;}.vcex_69dee9d052eb1.wpex-carousel:not(.wpex-carousel--loaded) > *:not(:nth-child(1n+2)){display: flex !important;}@media only screen and (min-width: 480px) {.vcex_69dee9d052eb1{--wpex-carousel-columns:2;}.vcex_69dee9d052eb1.wpex-carousel:not(.wpex-carousel--loaded) > *:not(:nth-child(1n+3)){display: flex !important;}}@media only screen and (min-width: 768px) {.vcex_69dee9d052eb1{--wpex-carousel-columns:3;}.vcex_69dee9d052eb1.wpex-carousel:not(.wpex-carousel--loaded) > *:not(:nth-child(1n+4)){display: flex !important;}}@media only screen and (min-width: 960px) {.vcex_69dee9d052eb1{--wpex-carousel-columns:4;}.vcex_69dee9d052eb1.wpex-carousel:not(.wpex-carousel--loaded) > *:not(:nth-child(1n+5)){display: flex !important;}}<\/style><div class=\"vcex-image-carousel wpex-carousel wpex-carousel-images wpex-clr vcex-module owl-carousel wpex-carousel--render-onload vcex_69dee9d052eb1 arrwstyle-default arrwpos-default\" data-wpex-carousel=\"{&quot;autoplay&quot;:&quot;true&quot;,&quot;slideBy&quot;:1,&quot;items&quot;:4,&quot;responsive&quot;:{&quot;0&quot;:{&quot;items&quot;:&quot;1&quot;},&quot;480&quot;:{&quot;items&quot;:&quot;2&quot;},&quot;768&quot;:{&quot;items&quot;:&quot;3&quot;},&quot;960&quot;:{&quot;items&quot;:4}},&quot;smartSpeed&quot;:150,&quot;autoplayTimeout&quot;:2000}\"><div class=\"wpex-carousel-slide\"><figure class=\"wpex-carousel-entry-media entry-media wpex-relative\"><a href=\"https:\/\/market.citilab.eu\/wp-content\/uploads\/2020\/06\/F28.jpg\" class=\"wpex-carousel-entry-img\" target=\"_blank\" rel=\"noopener noreferrer\"><img data-no-lazy=\"1\" class=\"wpex-align-middle skip-lazy\" src=\"https:\/\/market.citilab.eu\/wp-content\/uploads\/2020\/06\/F28-300x196.jpg\" alt=\"\" srcset=\"https:\/\/market.citilab.eu\/wp-content\/uploads\/2020\/06\/F28-300x196.jpg 300w, https:\/\/market.citilab.eu\/wp-content\/uploads\/2020\/06\/F28-1024x668.jpg 1024w, https:\/\/market.citilab.eu\/wp-content\/uploads\/2020\/06\/F28-768x501.jpg 768w, https:\/\/market.citilab.eu\/wp-content\/uploads\/2020\/06\/F28-600x391.jpg 600w, https:\/\/market.citilab.eu\/wp-content\/uploads\/2020\/06\/F28-736x480.jpg 736w, https:\/\/market.citilab.eu\/wp-content\/uploads\/2020\/06\/F28.jpg 1125w\" width=\"300\" height=\"196\"><\/a><\/figure><\/div><div class=\"wpex-carousel-slide\"><figure class=\"wpex-carousel-entry-media entry-media wpex-relative\"><a href=\"https:\/\/market.citilab.eu\/wp-content\/uploads\/2020\/06\/F27-e1600168202764.jpg\" class=\"wpex-carousel-entry-img\" target=\"_blank\" rel=\"noopener noreferrer\"><img data-no-lazy=\"1\" class=\"wpex-align-middle skip-lazy\" src=\"https:\/\/market.citilab.eu\/wp-content\/uploads\/2020\/06\/F27-e1600168202764-300x224.jpg\" alt=\"\" width=\"300\" height=\"224\"><\/a><\/figure><\/div><\/div>[\/vc_column][\/vc_row][vc_row][vc_column][vc_column_text]<b>Nivel experto<\/b><\/p>\n<p><span style=\"font-weight: 400;\">A partir de Ciclo Superior, se da importancia al pensamiento y la reflexi\u00f3n y se trabaja el pensamiento l\u00f3gico, el razonamiento cient\u00edfico y la abstracci\u00f3n. Por esto, es el nivel donde se conoce con profundidad cada parte que forma el robot y su funci\u00f3n, como tambi\u00e9n la programaci\u00f3n del mismo a trav\u00e9s del entorno de programaci\u00f3n microBlocks.<\/span>[\/vc_column_text][\/vc_column][\/vc_row][vc_row][vc_column width=&#8221;1\/2&#8243;][\/vc_column][vc_column width=&#8221;1\/2&#8243;][\/vc_column][\/vc_row][vc_row][vc_column][vc_column_text]<b>Din\u00e1mica de uso nivel experto<\/b><\/p>\n<p><span style=\"font-weight: 400;\">En este nivel los alumnos pueden realizar el montaje del robot, descubriendo as\u00ed las funciones de cada parte. Se dispone de instrucciones de montaje para guiar el proceso de construcci\u00f3n. Terminado el montaje el objetivo es mover el robot usando el entorno de programaci\u00f3n microBlocks. Un buen m\u00e9todo de trabajo es proponer retos concretos para que el alumno pueda descubrir a trav\u00e9s de la pr\u00e1ctica c\u00f3mo mover el robot en las diferentes direcciones.<\/span><\/p>\n<p><span style=\"font-weight: 400;\">Con est\u00e1 pr\u00e1ctica trabaja la deducci\u00f3n, la realizaci\u00f3n de c\u00e1lculos matem\u00e1ticos y los \u00e1ngulos. Se recomienda hac<\/span>[\/vc_column_text][\/vc_column][\/vc_row][vc_row][vc_column width=&#8221;1\/2&#8243;][\/vc_column][vc_column width=&#8221;1\/2&#8243;][vc_single_image image=&#8221;513&#8243;][\/vc_column][\/vc_row][vc_row][vc_column][vc_column_text]<span style=\"font-weight: 400;\">Por \u00faltimo, tenemos el nivel maestro que es el que entendemos cu\u00e1ndo el alumno es capaz de explicar el funcionamiento del robot en un nivel aprendiz a otros alumnos m\u00e1s peque\u00f1os. Asimismo el proceso se transforma en un ciclo en que cada estudiante tiene un rol correspondiente a su edad, con la finalidad de poder utiliza el mismo robot como una herramienta mas el su proceso de aprendizaje.\u00a0 <\/span>[\/vc_column_text][\/vc_column][\/vc_row][vc_row][vc_column width=&#8221;1\/2&#8243;][\/vc_column][vc_column width=&#8221;1\/2&#8243;][\/vc_column][\/vc_row][\/vc_section]\n<\/div>","protected":false},"excerpt":{"rendered":"<p>[vc_section][vc_row][vc_column][vc_column_text]Gu\u00eda docente El robot Fant\u00e0stic est\u00e1 pensado para poder ser utilizado des de la etapa de Infantil hasta Ciclo Superior de Primaria o inicios de la ESO. Esto es gracias a los diferentes niveles de uso que ofrece. Clasificamos los niveles seg\u00fan: nivel aprendiz, avanzado, experto y maestro. Nivel aprendiz En las etapas de Educaci\u00f3n&hellip;<\/p>\n","protected":false},"author":1,"featured_media":0,"parent":0,"menu_order":0,"comment_status":"closed","ping_status":"closed","template":"","meta":{"footnotes":""},"class_list":["post-811","page","type-page","status-publish","hentry","entry","no-media"],"_links":{"self":[{"href":"https:\/\/market.citilab.eu\/es\/wp-json\/wp\/v2\/pages\/811","targetHints":{"allow":["GET"]}}],"collection":[{"href":"https:\/\/market.citilab.eu\/es\/wp-json\/wp\/v2\/pages"}],"about":[{"href":"https:\/\/market.citilab.eu\/es\/wp-json\/wp\/v2\/types\/page"}],"author":[{"embeddable":true,"href":"https:\/\/market.citilab.eu\/es\/wp-json\/wp\/v2\/users\/1"}],"replies":[{"embeddable":true,"href":"https:\/\/market.citilab.eu\/es\/wp-json\/wp\/v2\/comments?post=811"}],"version-history":[{"count":7,"href":"https:\/\/market.citilab.eu\/es\/wp-json\/wp\/v2\/pages\/811\/revisions"}],"predecessor-version":[{"id":1122,"href":"https:\/\/market.citilab.eu\/es\/wp-json\/wp\/v2\/pages\/811\/revisions\/1122"}],"wp:attachment":[{"href":"https:\/\/market.citilab.eu\/es\/wp-json\/wp\/v2\/media?parent=811"}],"curies":[{"name":"wp","href":"https:\/\/api.w.org\/{rel}","templated":true}]}}