{"id":834,"date":"2020-06-17T16:58:21","date_gmt":"2020-06-17T16:58:21","guid":{"rendered":"https:\/\/market.citilab.eu\/?page_id=834"},"modified":"2020-07-07T14:14:46","modified_gmt":"2020-07-07T14:14:46","slug":"historia","status":"publish","type":"page","link":"https:\/\/market.citilab.eu\/es\/historia\/","title":{"rendered":"Hist\u00f3ria"},"content":{"rendered":"<div class=\"wpb-content-wrapper\">[vc_section][vc_row content_placement=&#8221;middle&#8221;][vc_column width=&#8221;1\/2&#8243;][vc_column_text]<span style=\"font-weight: 400;\">El kit de rob\u00f3tica ED1 del Citilab se empez\u00f3 a dise\u00f1ar a partir de las necesidades detectadas durante el desarrollo del proyecto EduLab en las escuelas de Cornell\u00e0 de Llobregat.<\/span><\/p>\n<p><span style=\"font-weight: 400;\">Ya exist\u00eda un precedente, el EDUKIT basado en Arduino, que se us\u00f3 en algunas escuelas e institutos. La idea era disponer de un kit econ\u00f3mico, con el material necesario para trabajar actividades relevantes para el entorno educativo y que fuera f\u00e1cil de programar, en este caso con S4A y Snap! for Arduino.<\/span>[\/vc_column_text][\/vc_column][vc_column width=&#8221;1\/2&#8243;][vc_single_image image=&#8221;127&#8243; alignment=&#8221;center&#8221;][\/vc_column][\/vc_row][vc_row content_placement=&#8221;middle&#8221;][vc_column width=&#8221;1\/2&#8243;][\/vc_column][vc_column width=&#8221;1\/2&#8243;][vc_column_text]La semiesfera dispon\u00eda de 6 sensores t\u00e1ctiles hechos con chinchetas, conectados a un Arduino Nano con una peque\u00f1a placa dise\u00f1ada por el Citilab. La energ\u00eda la proporcionaba una bater\u00eda para cargar m\u00f3viles, ubicada en la parte inferior del chasis.<\/p>\n<p>El robot funcionaba con motores de rotaci\u00f3n continua y le faltaba cierta precisi\u00f3n para moverse dentro de los cuadros de las alfombras que se usaban en Ciclo Infantil. Adem\u00e1s, para hacerlo aut\u00f3nomo era necesario trabajar directamente en Arduino.<\/p>\n<p>En el verano de 2018 comienza el dise\u00f1o de una nueva versi\u00f3n del robot, llamada internamente EduBot2. Se consider\u00f3 necesario hacer una revisi\u00f3n y actualizaci\u00f3n completa: nuevos motores, nuevo chasis y nueva placa.<\/p>\n<p>Para el redise\u00f1o se form\u00f3 un grupo de trabajo integrado por el equipo de EduLab del Citilab, Miguel Ferrera de CSSI Ib\u00e9rica para los prototipos de la placa, Kike Monta\u00f1as por el dise\u00f1o 3D y Bernat Romagosa en la parte de programaci\u00f3n.[\/vc_column_text][\/vc_column][\/vc_row][\/vc_section][vc_section][vc_row content_placement=&#8221;middle&#8221;][vc_column width=&#8221;1\/2&#8243;][vc_column_text]<strong><b>El precedente:\u00a0 El EduKit basado en Arduino<\/b><\/strong><\/p>\n<p><span style=\"font-weight: 400;\">Ya exist\u00eda un precedente, el EduKit basado en Arduino, que se us\u00f3 en algunas escuelas e institutos. La idea era disponer de un kit econ\u00f3mico, con el material necesario para trabajar actividades relevantes para el entorno educativo y que fuera f\u00e1cil de programar, en este caso con S4A y Snap! for Arduino.<\/span>[\/vc_column_text][\/vc_column][vc_column width=&#8221;1\/2&#8243;]<div class=\"wpex-slider-preloaderimg wpex-relative no-stretch\"><img data-no-lazy=\"1\" class=\"skip-lazy\" src=\"https:\/\/market.citilab.eu\/wp-content\/uploads\/2020\/02\/F33.jpg\" alt=\"\" width=\"500\" height=\"375\"><\/div><div class=\"vcex-image-slider vcex-module wpex-slider slider-pro wpex-clr no-stretch\" data-loop=\"true\" data-auto-play-delay=\"5000\" data-buttons=\"false\" data-fade-arrows=\"false\" data-animation-speed=\"600\" data-height-animation-duration=\"500\" data-thumbnail-height=\"70\" data-thumbnail-width=\"70\" data-reach-video-action=\"none\"><div class=\"wpex-slider-slides sp-slides\"><div class=\"wpex-slider-slide sp-slide\"><div class=\"wpex-slider-media wpex-relative\"><img data-no-lazy=\"1\" class=\"skip-lazy\" src=\"https:\/\/market.citilab.eu\/wp-content\/uploads\/2020\/02\/F33.jpg\" alt=\"\" width=\"500\" height=\"375\"><\/div><\/div><div class=\"wpex-slider-slide sp-slide\"><div class=\"wpex-slider-media wpex-relative\"><img data-no-lazy=\"1\" class=\"skip-lazy\" src=\"https:\/\/market.citilab.eu\/wp-content\/uploads\/2020\/02\/F34.jpg\" alt=\"\" width=\"500\" height=\"375\"><\/div><\/div><div class=\"wpex-slider-slide sp-slide\"><div class=\"wpex-slider-media wpex-relative\"><img data-no-lazy=\"1\" class=\"skip-lazy\" src=\"https:\/\/market.citilab.eu\/wp-content\/uploads\/2020\/02\/F35-opt.jpg\" alt=\"\" width=\"500\" height=\"375\"><\/div><\/div><\/div><\/div>[\/vc_column][\/vc_row][vc_row content_placement=&#8221;middle&#8221; el_class=&#8221;row-responsive&#8221;][vc_column width=&#8221;1\/2&#8243;]<div class=\"wpex-slider-preloaderimg wpex-relative no-stretch\"><img width=\"500\" height=\"375\" src=\"https:\/\/market.citilab.eu\/wp-content\/uploads\/2020\/02\/F36.jpg\" class=\"skip-lazy\" alt=\"\" data-no-lazy=\"1\" srcset=\"https:\/\/market.citilab.eu\/wp-content\/uploads\/2020\/02\/F36.jpg 500w, https:\/\/market.citilab.eu\/wp-content\/uploads\/2020\/02\/F36-300x225.jpg 300w\" sizes=\"(max-width: 500px) 100vw, 500px\" \/><\/div><div class=\"vcex-image-slider vcex-module wpex-slider slider-pro wpex-clr no-stretch\" data-loop=\"true\" data-auto-play-delay=\"5000\" data-buttons=\"false\" data-fade-arrows=\"false\" data-animation-speed=\"600\" data-height-animation-duration=\"500\" data-thumbnail-height=\"70\" data-thumbnail-width=\"70\" data-reach-video-action=\"none\"><div class=\"wpex-slider-slides sp-slides\"><div class=\"wpex-slider-slide sp-slide\"><div class=\"wpex-slider-media wpex-relative\"><img width=\"500\" height=\"375\" src=\"https:\/\/market.citilab.eu\/wp-content\/uploads\/2020\/02\/F36.jpg\" class=\"skip-lazy\" alt=\"\" data-no-lazy=\"1\" srcset=\"https:\/\/market.citilab.eu\/wp-content\/uploads\/2020\/02\/F36.jpg 500w, https:\/\/market.citilab.eu\/wp-content\/uploads\/2020\/02\/F36-300x225.jpg 300w\" sizes=\"(max-width: 500px) 100vw, 500px\" \/><\/div><\/div><div class=\"wpex-slider-slide sp-slide\"><div class=\"wpex-slider-media wpex-relative\"><img width=\"500\" height=\"375\" src=\"https:\/\/market.citilab.eu\/wp-content\/uploads\/2020\/02\/F37.jpg\" class=\"skip-lazy\" alt=\"\" data-no-lazy=\"1\" srcset=\"https:\/\/market.citilab.eu\/wp-content\/uploads\/2020\/02\/F37.jpg 500w, https:\/\/market.citilab.eu\/wp-content\/uploads\/2020\/02\/F37-300x225.jpg 300w\" sizes=\"(max-width: 500px) 100vw, 500px\" \/><\/div><\/div><div class=\"wpex-slider-slide sp-slide\"><div class=\"wpex-slider-media wpex-relative\"><img width=\"500\" height=\"375\" src=\"https:\/\/market.citilab.eu\/wp-content\/uploads\/2020\/02\/F38-opt.jpg\" class=\"skip-lazy\" alt=\"\" data-no-lazy=\"1\" srcset=\"https:\/\/market.citilab.eu\/wp-content\/uploads\/2020\/02\/F38-opt.jpg 500w, https:\/\/market.citilab.eu\/wp-content\/uploads\/2020\/02\/F38-opt-300x225.jpg 300w\" sizes=\"(max-width: 500px) 100vw, 500px\" \/><\/div><\/div><\/div><\/div>[\/vc_column][vc_column width=&#8221;1\/2&#8243;][vc_column_text]Uno de los retos del proyecto EduLab, era incluir materiales de electr\u00f3nica y rob\u00f3tica en la Educaci\u00f3n Primaria. A partir de la experiencia con el EDUKIT se us\u00f3 este material en la Escuela Dolores Almeda de Cornell\u00e0 durante el curso 2017-2018, el centro educativo en el que se llev\u00f3 a cabo el dise\u00f1o piloto del proyecto EduLab.<\/p>\n<p>El chasis del robot estaba hecho con impresi\u00f3n 3D y usaba una semiesfera de poliespan desmontable, que decoraba el alumnado de Ciclo Medio. La semiesfera dispon\u00eda de 6 sensores t\u00e1ctiles hechos con chinchetas, conectados a un Arduino Nano con una peque\u00f1a placa dise\u00f1ada por el Citilab. La energ\u00eda la proporcionaba una bater\u00eda para cargar m\u00f3viles, ubicada en la parte inferior del chasis.<\/p>\n<p>El robot funcionaba con motores de rotaci\u00f3n continua y le faltaba cierta precisi\u00f3n para moverse dentro de los cuadros de las alfombras que se usaban en Ciclo Infantil. Adem\u00e1s, para hacerlo aut\u00f3nomo era necesario trabajar directamente en Arduino.[\/vc_column_text][\/vc_column][\/vc_row][vc_row content_placement=&#8221;middle&#8221;][vc_column width=&#8221;1\/2&#8243;][vc_column_text]<strong><b>Primera evoluci\u00f3n:\u00a0 El EduBot2<\/b><\/strong><\/p>\n<p>En el verano de 2018 comienza el dise\u00f1o de una nueva versi\u00f3n del robot, llamada internamente EduBot2. Se consider\u00f3 necesario hacer una revisi\u00f3n y actualizaci\u00f3n completa: nuevos motores, nuevo chasis y nueva placa.<\/p>\n<p>Para el redise\u00f1o se form\u00f3 un grupo de trabajo integrado por el equipo de EduLab del Citilab, Miguel Ferrera de CSSI Ib\u00e9rica para los prototipos de la placa, Kike Monta\u00f1as por el dise\u00f1o 3D y Bernat Romagosa en la parte de programaci\u00f3n.<\/p>\n[\/vc_column_text][\/vc_column][vc_column width=&#8221;1\/2&#8243;]<div class=\"wpex-slider-preloaderimg wpex-relative no-stretch\"><img width=\"500\" height=\"375\" src=\"https:\/\/market.citilab.eu\/wp-content\/uploads\/2020\/02\/F39.jpg\" class=\"skip-lazy\" alt=\"\" data-no-lazy=\"1\" srcset=\"https:\/\/market.citilab.eu\/wp-content\/uploads\/2020\/02\/F39.jpg 500w, https:\/\/market.citilab.eu\/wp-content\/uploads\/2020\/02\/F39-300x225.jpg 300w\" sizes=\"(max-width: 500px) 100vw, 500px\" \/><\/div><div class=\"vcex-image-slider vcex-module wpex-slider slider-pro wpex-clr no-stretch\" data-loop=\"true\" data-auto-play-delay=\"5000\" data-buttons=\"false\" data-fade-arrows=\"false\" data-animation-speed=\"600\" data-height-animation-duration=\"500\" data-thumbnail-height=\"70\" data-thumbnail-width=\"70\" data-reach-video-action=\"none\"><div class=\"wpex-slider-slides sp-slides\"><div class=\"wpex-slider-slide sp-slide\"><div class=\"wpex-slider-media wpex-relative\"><img width=\"500\" height=\"375\" src=\"https:\/\/market.citilab.eu\/wp-content\/uploads\/2020\/02\/F39.jpg\" class=\"skip-lazy\" alt=\"\" data-no-lazy=\"1\" srcset=\"https:\/\/market.citilab.eu\/wp-content\/uploads\/2020\/02\/F39.jpg 500w, https:\/\/market.citilab.eu\/wp-content\/uploads\/2020\/02\/F39-300x225.jpg 300w\" sizes=\"(max-width: 500px) 100vw, 500px\" \/><\/div><\/div><div class=\"wpex-slider-slide sp-slide\"><div class=\"wpex-slider-media wpex-relative\"><img width=\"500\" height=\"375\" src=\"https:\/\/market.citilab.eu\/wp-content\/uploads\/2020\/02\/F40.jpg\" class=\"skip-lazy\" alt=\"\" data-no-lazy=\"1\" srcset=\"https:\/\/market.citilab.eu\/wp-content\/uploads\/2020\/02\/F40.jpg 500w, https:\/\/market.citilab.eu\/wp-content\/uploads\/2020\/02\/F40-300x225.jpg 300w\" sizes=\"(max-width: 500px) 100vw, 500px\" \/><\/div><\/div><div class=\"wpex-slider-slide sp-slide\"><div class=\"wpex-slider-media wpex-relative\"><img width=\"500\" height=\"375\" src=\"https:\/\/market.citilab.eu\/wp-content\/uploads\/2020\/02\/F41.jpg\" class=\"skip-lazy\" alt=\"\" data-no-lazy=\"1\" srcset=\"https:\/\/market.citilab.eu\/wp-content\/uploads\/2020\/02\/F41.jpg 500w, https:\/\/market.citilab.eu\/wp-content\/uploads\/2020\/02\/F41-300x225.jpg 300w\" sizes=\"(max-width: 500px) 100vw, 500px\" \/><\/div><\/div><\/div><\/div>[\/vc_column][\/vc_row][vc_row content_placement=&#8221;middle&#8221; el_class=&#8221;row-responsive&#8221;][vc_column width=&#8221;1\/2&#8243;]<figure class=\"vcex-image vcex-module wpex-text-center\"><div class=\"vcex-image-inner wpex-relative wpex-inline-block\"><img width=\"500\" height=\"375\" src=\"https:\/\/market.citilab.eu\/wp-content\/uploads\/2020\/02\/F42.jpg\" class=\"vcex-image-img wpex-align-middle\" alt=\"\" loading=\"lazy\" decoding=\"async\" srcset=\"https:\/\/market.citilab.eu\/wp-content\/uploads\/2020\/02\/F42.jpg 500w, https:\/\/market.citilab.eu\/wp-content\/uploads\/2020\/02\/F42-300x225.jpg 300w\" sizes=\"auto, (max-width: 500px) 100vw, 500px\" \/><\/div><\/figure>[\/vc_column][vc_column width=&#8221;1\/2&#8243;][vc_column_text]<span style=\"font-weight: 400;\">Se utilizaron motores paso a paso para aumentar la precisi\u00f3n, se dise\u00f1\u00f3 un chasis f\u00e1cil de de fabricar y montar y tambi\u00e9n naci\u00f3 la placa ED1 programable con microBlocks.<\/span>[\/vc_column_text][vc_column_text]El a\u00f1o 2019 los primeros kits de rob\u00f3tica ED1 se distribuyen en las escuelas de Cornell\u00e0 de Llobregat. El robot fue bautizado, el nombre fue escogido por las escuelas participantes, y se llam\u00f3 \u201cFant\u00e1stic\u201d (Fant\u00e1stico).<\/p>\n<p>El kit se puede usar desde Ciclo Infantil hasta Ciclo Superior, tiene mucha m\u00e1s precisi\u00f3n que la anterior y la placa ED1 incluye pantalla a color, botones, pantalla, sensores, conectividad y permite utilizar 2 motores paso a paso directamente.<\/p>\n<p>El resultado es bastante satisfactorio, pero de cara al curso 2019-2020 se mejora el kit de acuerdo con la experiencia de uso en las escuelas y con el fin de reducir costes de producci\u00f3n, a fin de llegar al m\u00e1ximo posible de p\u00fablico.<\/p>\n<p>El robot tiene un nuevo chasis hecho a partir de impresi\u00f3n 3D y pl\u00e1stico metacrilato, un material m\u00e1s econ\u00f3mico que permitir\u00e1 que el robot \u201cFant\u00e0stic\u201d llegue a m\u00e1s escuelas.[\/vc_column_text][\/vc_column][\/vc_row][vc_row content_placement=&#8221;middle&#8221;][vc_column width=&#8221;1\/2&#8243;][vc_column_text]<span style=\"font-weight: 400;\">En definitiva, se espera que a partir de ahora la evoluci\u00f3n del robot \u201cFant\u00e0stoc\u201d sea compartida con las ideas aportadas por la comunidad.<\/span><\/p>\n<p style=\"text-align: center; font-size: 26px;\"><span style=\"font-weight: 400; color: #f07121;\">\u201cEl m\u00e1ximo gozo es compartir conocimiento\u201d<\/span><\/p>\n<p style=\"font-size: 26px; text-align: center;\"><span style=\"font-weight: 400; color: #f07121;\">&#8211;\u00a0 Jorge Wagensberg &#8211;\u00a0<\/span><\/p>\n[\/vc_column_text][\/vc_column][vc_column width=&#8221;1\/2&#8243;]<div class=\"wpex-slider-preloaderimg wpex-relative no-stretch\"><img width=\"500\" height=\"375\" src=\"https:\/\/market.citilab.eu\/wp-content\/uploads\/2020\/02\/F43.jpg\" class=\"skip-lazy\" alt=\"\" data-no-lazy=\"1\" srcset=\"https:\/\/market.citilab.eu\/wp-content\/uploads\/2020\/02\/F43.jpg 500w, https:\/\/market.citilab.eu\/wp-content\/uploads\/2020\/02\/F43-300x225.jpg 300w\" sizes=\"(max-width: 500px) 100vw, 500px\" \/><\/div><div class=\"vcex-image-slider vcex-module wpex-slider slider-pro wpex-clr no-stretch\" data-loop=\"true\" data-auto-play-delay=\"5000\" data-buttons=\"false\" data-fade-arrows=\"false\" data-animation-speed=\"600\" data-height-animation-duration=\"500\" data-thumbnail-height=\"70\" data-thumbnail-width=\"70\" data-reach-video-action=\"none\"><div class=\"wpex-slider-slides sp-slides\"><div class=\"wpex-slider-slide sp-slide\"><div class=\"wpex-slider-media wpex-relative\"><img width=\"500\" height=\"375\" src=\"https:\/\/market.citilab.eu\/wp-content\/uploads\/2020\/02\/F43.jpg\" class=\"skip-lazy\" alt=\"\" data-no-lazy=\"1\" srcset=\"https:\/\/market.citilab.eu\/wp-content\/uploads\/2020\/02\/F43.jpg 500w, https:\/\/market.citilab.eu\/wp-content\/uploads\/2020\/02\/F43-300x225.jpg 300w\" sizes=\"(max-width: 500px) 100vw, 500px\" \/><\/div><\/div><div class=\"wpex-slider-slide sp-slide\"><div class=\"wpex-slider-media wpex-relative\"><img width=\"500\" height=\"375\" src=\"https:\/\/market.citilab.eu\/wp-content\/uploads\/2020\/02\/F44.jpg\" class=\"skip-lazy\" alt=\"\" data-no-lazy=\"1\" srcset=\"https:\/\/market.citilab.eu\/wp-content\/uploads\/2020\/02\/F44.jpg 500w, https:\/\/market.citilab.eu\/wp-content\/uploads\/2020\/02\/F44-300x225.jpg 300w\" sizes=\"(max-width: 500px) 100vw, 500px\" \/><\/div><\/div><\/div><\/div>[\/vc_column][\/vc_row][\/vc_section][vc_section full_width=&#8221;stretch_row&#8221; css=&#8221;.vc_custom_1581321711171{background-color: #f07121 !important;}&#8221;][vc_row][vc_column]<div class=\"vcex-spacing wpex-w-100 wpex-clear\"><\/div>[\/vc_column][\/vc_row][vc_row][vc_column]<style>.vcex-heading.vcex_69e155977e411{border-color:#ffffff;font-size:28px;}<\/style><h3 class=\"vcex-heading vcex-heading-bottom-border-w-color vcex-module wpex-heading wpex-text-2xl wpex-border-b-2 wpex-border-solid wpex-border-main title-white vcex_69e155977e411\"><span class=\"vcex-heading-inner wpex-inline-block wpex-relative wpex-pb-5 wpex-border-b-2 wpex-border-solid wpex-border-accent\">Descargas<\/span><\/h3>[\/vc_column][\/vc_row][vc_row][vc_column]<div class=\"vcex-spacing wpex-w-100 wpex-clear\" style=\"height:15px;\"><\/div>[\/vc_column][\/vc_row][vc_row][vc_column width=&#8221;1\/2&#8243;]<style>.vcex-icon-box.vcex_69e155977f46c .vcex-icon-box-content{color:#ffffff;}.vcex-icon-box.vcex_69e155977f46c .vcex-icon-box-heading{color:#ffffff;font-size:22px;font-weight:500;}.vcex-icon-box.vcex_69e155977f46c .vcex-icon-box-icon{font-size:40px;color:#ffffff;border-radius:50%;width:50px;}<\/style><a class=\"vcex-module vcex-icon-box vcex-icon-box-two vcex-icon-box-has-link wpex-inherit-color wpex-no-underline wpex-block wpex-text-center vcex_69e155977f46c\" href=\"https:\/\/cloud.citilab.eu\/s\/AkzBTLnz4bfmESA#pdfviewer\" target=\"_blank\" rel=\"noopener noreferrer\"><div class=\"vcex-icon-box-symbol vcex-icon-box-symbol--icon wpex-mb-20\"><div class=\"vcex-icon-box-icon wpex-items-center wpex-justify-center wpex-child-inherit-color wpex-text-center wpex-leading-none wpex-inline-flex wpex-text-1\"><span class=\"wpex-flex far fa-file-alt\" aria-hidden=\"true\"><\/span><\/div><\/div><div class=\"vcex-icon-box-text\"><h2 class=\"vcex-icon-box-heading wpex-heading wpex-mb-10\">Placa ED1<\/h2><div class=\"vcex-icon-box-content wpex-last-mb-0 wpex-clr\"><p style=\"text-align: center\">Aqu\u00ed est\u00e1n disponibles los esquemas de la placa ED1<\/p>\n<\/div><\/div><\/a>[\/vc_column][vc_column width=&#8221;1\/2&#8243;]<style>.vcex-icon-box.vcex_69e155977fdbc .vcex-icon-box-content{color:#ffffff;}.vcex-icon-box.vcex_69e155977fdbc .vcex-icon-box-heading{color:#ffffff;font-size:22px;font-weight:500;}.vcex-icon-box.vcex_69e155977fdbc .vcex-icon-box-icon{font-size:40px;color:#ffffff;border-radius:50%;}<\/style><a class=\"vcex-module vcex-icon-box vcex-icon-box-two vcex-icon-box-has-link wpex-inherit-color wpex-no-underline wpex-block wpex-text-center vcex_69e155977fdbc\" href=\"https:\/\/cloud.citilab.eu\/s\/tdqGATHCJbZHiQx\" target=\"_blank\" rel=\"noopener noreferrer\"><div class=\"vcex-icon-box-symbol vcex-icon-box-symbol--icon wpex-mb-20\"><div class=\"vcex-icon-box-icon wpex-items-center wpex-justify-center wpex-child-inherit-color wpex-text-center wpex-leading-none wpex-inline-flex wpex-text-1\"><span class=\"wpex-flex far fa-file-alt\" aria-hidden=\"true\"><\/span><\/div><\/div><div class=\"vcex-icon-box-text\"><h2 class=\"vcex-icon-box-heading wpex-heading wpex-mb-10\">Documentaci\u00f3<\/h2><div class=\"vcex-icon-box-content wpex-last-mb-0 wpex-clr\"><p style=\"text-align: center\">Aqu\u00ed esta disponibles los dise\u00f1os del chasis y los complementos del robot<\/p>\n<\/div><\/div><\/a>[\/vc_column][\/vc_row][vc_row][vc_column]<div class=\"vcex-spacing wpex-w-100 wpex-clear\"><\/div>[\/vc_column][\/vc_row][\/vc_section]\n<\/div>","protected":false},"excerpt":{"rendered":"<p>[vc_section][vc_row content_placement=&#8221;middle&#8221;][vc_column width=&#8221;1\/2&#8243;][vc_column_text]El kit de rob\u00f3tica ED1 del Citilab se empez\u00f3 a dise\u00f1ar a partir de las necesidades detectadas durante el desarrollo del proyecto EduLab en las escuelas de Cornell\u00e0 de Llobregat. Ya exist\u00eda un precedente, el EDUKIT basado en Arduino, que se us\u00f3 en algunas escuelas e institutos. La idea era disponer de un&hellip;<\/p>\n","protected":false},"author":1,"featured_media":0,"parent":0,"menu_order":0,"comment_status":"closed","ping_status":"closed","template":"","meta":{"footnotes":""},"class_list":["post-834","page","type-page","status-publish","hentry","entry","no-media"],"_links":{"self":[{"href":"https:\/\/market.citilab.eu\/es\/wp-json\/wp\/v2\/pages\/834","targetHints":{"allow":["GET"]}}],"collection":[{"href":"https:\/\/market.citilab.eu\/es\/wp-json\/wp\/v2\/pages"}],"about":[{"href":"https:\/\/market.citilab.eu\/es\/wp-json\/wp\/v2\/types\/page"}],"author":[{"embeddable":true,"href":"https:\/\/market.citilab.eu\/es\/wp-json\/wp\/v2\/users\/1"}],"replies":[{"embeddable":true,"href":"https:\/\/market.citilab.eu\/es\/wp-json\/wp\/v2\/comments?post=834"}],"version-history":[{"count":8,"href":"https:\/\/market.citilab.eu\/es\/wp-json\/wp\/v2\/pages\/834\/revisions"}],"predecessor-version":[{"id":898,"href":"https:\/\/market.citilab.eu\/es\/wp-json\/wp\/v2\/pages\/834\/revisions\/898"}],"wp:attachment":[{"href":"https:\/\/market.citilab.eu\/es\/wp-json\/wp\/v2\/media?parent=834"}],"curies":[{"name":"wp","href":"https:\/\/api.w.org\/{rel}","templated":true}]}}