{"id":821,"date":"2020-01-28T10:45:41","date_gmt":"2020-01-28T10:45:41","guid":{"rendered":"https:\/\/market.citilab.eu\/producte\/placa-ed1\/"},"modified":"2020-09-09T06:59:57","modified_gmt":"2020-09-09T06:59:57","slug":"placa-ed1","status":"publish","type":"product","link":"https:\/\/market.citilab.eu\/es\/producte\/placa-ed1\/","title":{"rendered":"Placa ED1"},"content":{"rendered":"<div class=\"wpb-content-wrapper\">[vc_row content_placement=&#8221;middle&#8221; css=&#8221;.vc_custom_1580289451023{margin-top: 60px !important;}&#8221;][vc_column width=&#8221;1\/2&#8243;]<style>.vcex-heading.vcex_69d15d41600d8{border-color:#f07121;}<\/style><h3 class=\"vcex-heading vcex-heading-bottom-border-w-color vcex-module wpex-heading wpex-text-2xl wpex-border-b-2 wpex-border-solid wpex-border-main subtitles-product vcex_69d15d41600d8\"><span class=\"vcex-heading-inner wpex-inline-block wpex-relative wpex-pb-5 wpex-border-b-2 wpex-border-solid wpex-border-accent\">Informaci\u00f3n general<\/span><\/h3><div class=\"vcex-spacing wpex-w-100 wpex-clear\"><\/div>[vc_column_text]<span style=\"font-weight: 400;\">La placa microcontroladora ED1 ha sido dise\u00f1ada en el Citilab con el objetivo de poder realizar proyectos educativos de rob\u00f3tica, electr\u00f3nica creativa, dom\u00f3tica e incluso Internet de las Cosas, gracias a las opciones de conectividad que incorpora. La ED1 ha obtenido la <span style=\"color: #000000;\">certificaci\u00f3n CE<\/span>.<\/span><\/p>\n<p><span style=\"font-weight: 400;\">La placa ED1 se basa en un procesador ESP32 de 32 bits. Incluye 6 botones t\u00e1ctiles, un sensor de luz, un sensor de aceleraci\u00f3n de 3 ejes, un receptor de infrarrojos y un sensor de temperatura. Dispone de pantalla a color de 1,44&#8243; y 128&#215;128 p\u00edxeles. Incluye dos conexiones para motores paso a paso del tipo <\/span><span style=\"font-weight: 400;\">28BYJ-48. <\/span><span style=\"font-weight: 400;\">Es posible conectar sensores y actuadores externos con 4 entradas\/salidas digitales, 4 entradas anal\u00f3gicas y conectores SPI y I2C.\u00a0 La placa utiliza una bater\u00eda recargable tipo 16340 o RC123A e incorpora un gestor de carga con indicaci\u00f3n de bater\u00eda llena. Para programar, alimentar y recargar la placa se utiliza un conector\u00a0 USB-C.\u00a0<\/span><\/p>\n<p><span style=\"font-weight: 400;\">La programaci\u00f3n de la placa ED1 se hace con microBlocks, un lenguaje de programaci\u00f3n visual para bloques similar a Scratch, que funciona dentro de la placa y permite trabajar tanto en proyectos interactivos como aut\u00f3nomos de forma transparente.<\/span>[\/vc_column_text][\/vc_column][vc_column width=&#8221;1\/2&#8243;]<div class=\"vcex-spacing wpex-w-100 wpex-clear\" style=\"height:10px;\"><\/div>[vc_video link=&#8221;https:\/\/www.youtube.com\/watch?time_continue=18&amp;v=ZGvE_8RV73w&#8221;]<div class=\"vcex-spacing wpex-w-100 wpex-clear\"><\/div><style>.vcex-button.vcex_69d15d41614b5{background:#f07121;color:#ffffff!important;padding-block:15px;padding-inline:100px;}<\/style><div class=\"theme-button-wrap textcenter theme-button-block-wrap wpex-block wpex-clear wpex-clr\"><a href=\"https:\/\/www.youtube.com\/channel\/UCN-E583ha902JhhQwQ3Xq_g\" class=\"vcex-button theme-button medium align-center block button-youtube vcex_69d15d41614b5\" target=\"_blank\" rel=\"nofollow noopener noreferrer\"><span class=\"vcex-button-inner theme-button-inner wpex-flex wpex-flex-wrap wpex-items-center wpex-justify-center\">Visita nuestro canal<\/span><\/a><\/div> [\/vc_column][\/vc_row][vc_row][vc_column width=&#8221;1\/2&#8243;]<style>.vcex-heading.vcex_69d15d4161cb5{border-color:#f07121;color:#f07121;}<\/style><h3 class=\"vcex-heading vcex-heading-bottom-border-w-color vcex-module wpex-heading wpex-text-2xl wpex-border-b-2 wpex-border-solid wpex-border-main subtitles-product vcex_69d15d4161cb5\"><span class=\"vcex-heading-inner wpex-inline-block wpex-relative wpex-pb-5 wpex-border-b-2 wpex-border-solid wpex-border-accent\">Caracter\u00edsticas<\/span><\/h3><div class=\"vcex-spacing wpex-w-100 wpex-clear\"><\/div>[vc_column_text el_class=&#8221;text-product&#8221;]\n<h4><span  style=\"color:f07121;margin-right:15px;font-size:24px;\" class=\"wpex-icon\" aria-hidden=\"true\"><svg xmlns=\"http:\/\/www.w3.org\/2000\/svg\" viewBox=\"0 0 512 512\"><path d=\"M176 24c0-13.3-10.7-24-24-24s-24 10.7-24 24V64c-35.3 0-64 28.7-64 64H24c-13.3 0-24 10.7-24 24s10.7 24 24 24H64v56H24c-13.3 0-24 10.7-24 24s10.7 24 24 24H64v56H24c-13.3 0-24 10.7-24 24s10.7 24 24 24H64c0 35.3 28.7 64 64 64v40c0 13.3 10.7 24 24 24s24-10.7 24-24V448h56v40c0 13.3 10.7 24 24 24s24-10.7 24-24V448h56v40c0 13.3 10.7 24 24 24s24-10.7 24-24V448c35.3 0 64-28.7 64-64h40c13.3 0 24-10.7 24-24s-10.7-24-24-24H448V280h40c13.3 0 24-10.7 24-24s-10.7-24-24-24H448V176h40c13.3 0 24-10.7 24-24s-10.7-24-24-24H448c0-35.3-28.7-64-64-64V24c0-13.3-10.7-24-24-24s-24 10.7-24 24V64H280V24c0-13.3-10.7-24-24-24s-24 10.7-24 24V64H176V24zM160 128H352c17.7 0 32 14.3 32 32V352c0 17.7-14.3 32-32 32H160c-17.7 0-32-14.3-32-32V160c0-17.7 14.3-32 32-32zm192 32H160V352H352V160z\"\/><\/svg><\/span>Procesador<\/h4>\n<ul>\n<li>Procesador ESP32, doble processador 32-bit a 160 Mhz.<\/li>\n<li>448 KB ROM, 520 KB RAM.<\/li>\n<\/ul>\n<h4><span  style=\"color:f07121;margin-right:15px;font-size:24px;\" class=\"wpex-icon\" aria-hidden=\"true\"><svg xmlns=\"http:\/\/www.w3.org\/2000\/svg\" viewBox=\"0 0 640 512\"><path d=\"M54.2 202.9C123.2 136.7 216.8 96 320 96s196.8 40.7 265.8 106.9c12.8 12.2 33 11.8 45.2-.9s11.8-33-.9-45.2C549.7 79.5 440.4 32 320 32S90.3 79.5 9.8 156.7C-2.9 169-3.3 189.2 8.9 202s32.5 13.2 45.2 .9zM320 256c56.8 0 108.6 21.1 148.2 56c13.3 11.7 33.5 10.4 45.2-2.8s10.4-33.5-2.8-45.2C459.8 219.2 393 192 320 192s-139.8 27.2-190.5 72c-13.3 11.7-14.5 31.9-2.8 45.2s31.9 14.5 45.2 2.8c39.5-34.9 91.3-56 148.2-56zm64 160a64 64 0 1 0 -128 0 64 64 0 1 0 128 0z\"\/><\/svg><\/span><b>Conectividad<\/b><\/h4>\n<ul>\n<li>Wi-Fi: 802.11 b\/g\/n con antena 3D.<\/li>\n<li>Bluetooth: v4.2 BR\/EDR and BLE.<\/li>\n<\/ul>\n<h4><span  style=\"color:f07121;margin-right:15px;font-size:24px;\" class=\"wpex-icon\" aria-hidden=\"true\"><svg xmlns=\"http:\/\/www.w3.org\/2000\/svg\" viewBox=\"0 0 448 512\"><path d=\"M80 104a24 24 0 1 0 0-48 24 24 0 1 0 0 48zm80-24c0 32.8-19.7 61-48 73.3V192c0 17.7 14.3 32 32 32H304c17.7 0 32-14.3 32-32V153.3C307.7 141 288 112.8 288 80c0-44.2 35.8-80 80-80s80 35.8 80 80c0 32.8-19.7 61-48 73.3V192c0 53-43 96-96 96H256v70.7c28.3 12.3 48 40.5 48 73.3c0 44.2-35.8 80-80 80s-80-35.8-80-80c0-32.8 19.7-61 48-73.3V288H144c-53 0-96-43-96-96V153.3C19.7 141 0 112.8 0 80C0 35.8 35.8 0 80 0s80 35.8 80 80zm208 24a24 24 0 1 0 0-48 24 24 0 1 0 0 48zM248 432a24 24 0 1 0 -48 0 24 24 0 1 0 48 0z\"\/><\/svg><\/span><b>Conexiones<\/b><\/h4>\n<ul>\n<li><span style=\"font-weight: 400;\">4 entradas \/ salidas digitales (dos a 3,3V max. 0.5 A &#8211; dos a 5.0V max. 1A.).<\/span><\/li>\n<li><span style=\"font-weight: 400;\">4 entradas anal\u00f3gicas de 10 bits de resoluci\u00f3n.<\/span><\/li>\n<li><span style=\"font-weight: 400;\">Conector expansi\u00f3n I2C y conector SPI.<\/span><\/li>\n<\/ul>\n<h4><span  style=\"color:f07121;margin-right:15px;font-size:24px;\" class=\"wpex-icon\" aria-hidden=\"true\"><svg xmlns=\"http:\/\/www.w3.org\/2000\/svg\" viewBox=\"0 0 32 32\"><path d=\"M22.857 18.286h5.446q-0.089 0.107-0.179 0.188t-0.161 0.134l-0.054 0.071-11.125 10.714q-0.321 0.321-0.786 0.321t-0.786-0.321l-11.143-10.75q-0.089-0.036-0.375-0.357h6.589q0.393 0 0.705-0.241t0.402-0.616l1.25-5.018 3.393 11.911q0.107 0.357 0.411 0.589t0.696 0.232q0.375 0 0.679-0.232t0.411-0.589l2.607-8.661 1 2q0.321 0.625 1.018 0.625zM32 10.643q0 2.589-1.839 5.357h-6.589l-1.982-3.946q-0.143-0.304-0.455-0.482t-0.652-0.143q-0.804 0.089-1 0.821l-2.304 7.679-3.5-12.25q-0.107-0.357-0.42-0.589t-0.705-0.232-0.696 0.241-0.393 0.616l-2.071 8.286h-7.554q-1.839-2.768-1.839-5.357 0-3.929 2.268-6.143t6.268-2.214q1.107 0 2.259 0.384t2.143 1.036 1.705 1.223 1.357 1.214q0.643-0.643 1.357-1.214t1.705-1.223 2.143-1.036 2.259-0.384q4 0 6.268 2.214t2.268 6.143z\"><\/path><\/svg><\/span> <b>Sensores<\/b><\/h4>\n<ul>\n<li><span style=\"font-weight: 400;\">6 botones t\u00e1ctiles (con posibilidad de a\u00f1adir botones mec\u00e1nicos).<\/span><\/li>\n<li><span style=\"font-weight: 400;\">Aceler\u00f3metro 3 ejes LIS3DH.<\/span><\/li>\n<li><span style=\"font-weight: 400;\">Sensor de luz ambiental A-PT19.<\/span><\/li>\n<li><span style=\"font-weight: 400;\">Receptor Infrarrojo TSOP754.<\/span><\/li>\n<\/ul>\n<h4><span  style=\"color:f07121;margin-right:15px;font-size:24px;\" class=\"wpex-icon\" aria-hidden=\"true\"><svg xmlns=\"http:\/\/www.w3.org\/2000\/svg\" viewBox=\"0 0 512 512\"><path d=\"M495.9 166.6c3.2 8.7 .5 18.4-6.4 24.6l-43.3 39.4c1.1 8.3 1.7 16.8 1.7 25.4s-.6 17.1-1.7 25.4l43.3 39.4c6.9 6.2 9.6 15.9 6.4 24.6c-4.4 11.9-9.7 23.3-15.8 34.3l-4.7 8.1c-6.6 11-14 21.4-22.1 31.2c-5.9 7.2-15.7 9.6-24.5 6.8l-55.7-17.7c-13.4 10.3-28.2 18.9-44 25.4l-12.5 57.1c-2 9.1-9 16.3-18.2 17.8c-13.8 2.3-28 3.5-42.5 3.5s-28.7-1.2-42.5-3.5c-9.2-1.5-16.2-8.7-18.2-17.8l-12.5-57.1c-15.8-6.5-30.6-15.1-44-25.4L83.1 425.9c-8.8 2.8-18.6 .3-24.5-6.8c-8.1-9.8-15.5-20.2-22.1-31.2l-4.7-8.1c-6.1-11-11.4-22.4-15.8-34.3c-3.2-8.7-.5-18.4 6.4-24.6l43.3-39.4C64.6 273.1 64 264.6 64 256s.6-17.1 1.7-25.4L22.4 191.2c-6.9-6.2-9.6-15.9-6.4-24.6c4.4-11.9 9.7-23.3 15.8-34.3l4.7-8.1c6.6-11 14-21.4 22.1-31.2c5.9-7.2 15.7-9.6 24.5-6.8l55.7 17.7c13.4-10.3 28.2-18.9 44-25.4l12.5-57.1c2-9.1 9-16.3 18.2-17.8C227.3 1.2 241.5 0 256 0s28.7 1.2 42.5 3.5c9.2 1.5 16.2 8.7 18.2 17.8l12.5 57.1c15.8 6.5 30.6 15.1 44 25.4l55.7-17.7c8.8-2.8 18.6-.3 24.5 6.8c8.1 9.8 15.5 20.2 22.1 31.2l4.7 8.1c6.1 11 11.4 22.4 15.8 34.3zM256 336a80 80 0 1 0 0-160 80 80 0 1 0 0 160z\"\/><\/svg><\/span> <b>Actuadores<\/b><\/h4>\n<ul>\n<li><span style=\"font-weight: 400;\">Pantalla LCD color 128&#215;128 p\u00edxels.<\/span><\/li>\n<li>\u00a02 conectores para motores paso a paso 28BYJ-48 5V. (driver integrat a la placa).<\/li>\n<li>\u00a0Mini altavoz (buzzer).<\/li>\n<\/ul>\n<h4><span  style=\"color:f07121;margin-right:15px;font-size:24px;\" class=\"wpex-icon\" aria-hidden=\"true\"><svg xmlns=\"http:\/\/www.w3.org\/2000\/svg\" viewBox=\"0 0 384 512\"><path d=\"M96 0C78.3 0 64 14.3 64 32v96h64V32c0-17.7-14.3-32-32-32zM288 0c-17.7 0-32 14.3-32 32v96h64V32c0-17.7-14.3-32-32-32zM32 160c-17.7 0-32 14.3-32 32s14.3 32 32 32v32c0 77.4 55 142 128 156.8V480c0 17.7 14.3 32 32 32s32-14.3 32-32V412.8C297 398 352 333.4 352 256V224c17.7 0 32-14.3 32-32s-14.3-32-32-32H32z\"\/><\/svg><\/span> <b>Alimentaci\u00f3n\/conexi\u00f3n<\/b><\/h4>\n<ul>\n<li><span style=\"font-weight: 400;\">Conector USB-C.<\/span><\/li>\n<li>\u00a0Soporte para\u00a0 bater\u00eda recargable 16340 o RCR123A.<\/li>\n<li>\u00a0Gestor de carga de bater\u00eda integrada, con indicaci\u00f3n de carga e interruptor para desconexi\u00f3n de la bater\u00eda .<\/li>\n<\/ul>\n<h4><span  style=\"color:f07121;margin-right:15px;font-size:24px;\" class=\"wpex-icon\" aria-hidden=\"true\"><svg xmlns=\"http:\/\/www.w3.org\/2000\/svg\" viewBox=\"0 0 576 512\"><path d=\"M290.8 48.6l78.4 29.7L288 109.5 206.8 78.3l78.4-29.7c1.8-.7 3.8-.7 5.7 0zM136 92.5V204.7c-1.3 .4-2.6 .8-3.9 1.3l-96 36.4C14.4 250.6 0 271.5 0 294.7V413.9c0 22.2 13.1 42.3 33.5 51.3l96 42.2c14.4 6.3 30.7 6.3 45.1 0L288 457.5l113.5 49.9c14.4 6.3 30.7 6.3 45.1 0l96-42.2c20.3-8.9 33.5-29.1 33.5-51.3V294.7c0-23.3-14.4-44.1-36.1-52.4l-96-36.4c-1.3-.5-2.6-.9-3.9-1.3V92.5c0-23.3-14.4-44.1-36.1-52.4l-96-36.4c-12.8-4.8-26.9-4.8-39.7 0l-96 36.4C150.4 48.4 136 69.3 136 92.5zM392 210.6l-82.4 31.2V152.6L392 121v89.6zM154.8 250.9l78.4 29.7L152 311.7 70.8 280.6l78.4-29.7c1.8-.7 3.8-.7 5.7 0zm18.8 204.4V354.8L256 323.2v95.9l-82.4 36.2zM421.2 250.9c1.8-.7 3.8-.7 5.7 0l78.4 29.7L424 311.7l-81.2-31.1 78.4-29.7zM523.2 421.2l-77.6 34.1V354.8L528 323.2v90.7c0 3.2-1.9 6-4.8 7.3z\"\/><\/svg><\/span> <b>Programaci\u00f3n<\/b><\/h4>\n<ul>\n<li><span style=\"font-weight: 400;\">Programable amb\u00a0 l\u2019entorn de programaci\u00f3 Microblocks.<\/span><\/li>\n<li><span style=\"font-weight: 400;\">Suport de connexi\u00f3 mitjan\u00e7ant protocolo HTTP y Mozilla Web of Things.<\/span><\/li>\n<li><span style=\"font-weight: 400;\">En desarrollo la conexi\u00f3n com Snap! y Scratch.<\/span><\/li>\n<\/ul>\n[\/vc_column_text][\/vc_column][vc_column width=&#8221;1\/2&#8243;]<style>.vcex-heading.vcex_69d15d4162465{border-color:#f07121;}<\/style><h3 class=\"vcex-heading vcex-heading-bottom-border-w-color vcex-module wpex-heading wpex-text-2xl wpex-border-b-2 wpex-border-solid wpex-border-main subtitles-product vcex_69d15d4162465\"><span class=\"vcex-heading-inner wpex-inline-block wpex-relative wpex-pb-5 wpex-border-b-2 wpex-border-solid wpex-border-accent\">Partes desglosadas de la placa<\/span><\/h3><div class=\"vcex-spacing wpex-w-100 wpex-clear\" style=\"height:100px;\"><\/div>[vc_single_image image=&#8221;360&#8243;]<div class=\"vcex-spacing wpex-w-100 wpex-clear\" style=\"height:60px;\"><\/div>[vc_single_image image=&#8221;361&#8243;][\/vc_column][\/vc_row][vc_row][vc_column]<style>.vcex-heading.vcex_69d15d4162af0{border-color:#f07121;color:#f07121;}<\/style><h3 class=\"vcex-heading vcex-heading-bottom-border-w-color vcex-module wpex-heading wpex-text-2xl wpex-border-b-2 wpex-border-solid wpex-border-main subtitles-product vcex_69d15d4162af0\"><span class=\"vcex-heading-inner wpex-inline-block wpex-relative wpex-pb-5 wpex-border-b-2 wpex-border-solid wpex-border-accent\">Seguridad<\/span><\/h3><div class=\"vcex-spacing wpex-w-100 wpex-clear\"><\/div>[vc_column_text]<strong>Indicaciones de seguridad<\/strong><\/p>\n<ol>\n<li><span style=\"font-weight: 400;\"> El kit ED1 est\u00e1 dise\u00f1ado con fines pedag\u00f3gicos y debe utilizarse bajo la supervisi\u00f3n de instructores adultos.<\/span><\/li>\n<li><span style=\"font-weight: 400;\"> La placa ED1 incluida en el kit no puede ser utilizada por menores de 8 a\u00f1os.<\/span><\/li>\n<li><span style=\"font-weight: 400;\"> No colocar objetos met\u00e1licos sobre ninguna de las dos caras de la placa ED1, ni utilizar sobre superficies met\u00e1licas.<\/span><\/li>\n<li><span style=\"font-weight: 400;\"> No utilizar la placa estando en contacto con l\u00edquidos o con las manos mojadas.<\/span><\/li>\n<li><span style=\"font-weight: 400;\"> No dejar la placa conectada a ning\u00fan dispositivo sin supervisi\u00f3n.<\/span><\/li>\n<li><span style=\"font-weight: 400;\"> En caso de conectar dispositivos a la placa ED1 respetar las polaridades y valores el\u00e9ctricos soportados por la placa. Para las salidas la intensidad m\u00e1xima es de 100mA y para las entradas la tensi\u00f3n m\u00e1xima es de 5V.<\/span><\/li>\n<li><span style=\"font-weight: 400;\"> Desconectar el interruptor de encendido de la placa siempre que se guarde o no se utilice.<\/span><\/li>\n<\/ol>\n[\/vc_column_text][\/vc_column][\/vc_row]\n<\/div>","protected":false},"excerpt":{"rendered":"<p>[vc_row content_placement=&#8221;middle&#8221; css=&#8221;.vc_custom_1580289451023{margin-top: 60px !important;}&#8221;][vc_column width=&#8221;1\/2&#8243;][vc_column_text]La placa microcontroladora ED1 ha sido dise\u00f1ada en el Citilab con el objetivo de poder realizar proyectos educativos de rob\u00f3tica, electr\u00f3nica creativa, dom\u00f3tica e incluso Internet de las Cosas, gracias a las opciones de conectividad que incorpora. La ED1 ha obtenido la certificaci\u00f3n CE. La placa ED1 se basa en&hellip;<\/p>\n","protected":false},"featured_media":686,"template":"","meta":[],"product_brand":[],"product_cat":[33],"product_tag":[],"class_list":{"0":"post-821","1":"product","2":"type-product","3":"status-publish","4":"has-post-thumbnail","6":"product_cat-robotica-es","7":"entry","8":"has-media","10":"first","11":"instock","12":"taxable","13":"shipping-taxable","14":"purchasable","15":"product-type-variable","16":"has-default-attributes"},"_links":{"self":[{"href":"https:\/\/market.citilab.eu\/es\/wp-json\/wp\/v2\/product\/821","targetHints":{"allow":["GET"]}}],"collection":[{"href":"https:\/\/market.citilab.eu\/es\/wp-json\/wp\/v2\/product"}],"about":[{"href":"https:\/\/market.citilab.eu\/es\/wp-json\/wp\/v2\/types\/product"}],"wp:featuredmedia":[{"embeddable":true,"href":"https:\/\/market.citilab.eu\/es\/wp-json\/wp\/v2\/media\/686"}],"wp:attachment":[{"href":"https:\/\/market.citilab.eu\/es\/wp-json\/wp\/v2\/media?parent=821"}],"wp:term":[{"taxonomy":"product_brand","embeddable":true,"href":"https:\/\/market.citilab.eu\/es\/wp-json\/wp\/v2\/product_brand?post=821"},{"taxonomy":"product_cat","embeddable":true,"href":"https:\/\/market.citilab.eu\/es\/wp-json\/wp\/v2\/product_cat?post=821"},{"taxonomy":"product_tag","embeddable":true,"href":"https:\/\/market.citilab.eu\/es\/wp-json\/wp\/v2\/product_tag?post=821"}],"curies":[{"name":"wp","href":"https:\/\/api.w.org\/{rel}","templated":true}]}}