{"id":824,"date":"2020-01-23T15:32:56","date_gmt":"2020-01-23T15:32:56","guid":{"rendered":"https:\/\/market.citilab.eu\/producte\/kit-robotica-ed1\/"},"modified":"2020-09-09T06:59:32","modified_gmt":"2020-09-09T06:59:32","slug":"kit-robotica-ed1","status":"publish","type":"product","link":"https:\/\/market.citilab.eu\/es\/producte\/kit-robotica-ed1\/","title":{"rendered":"Kit rob\u00f3tica ED1"},"content":{"rendered":"<div class=\"wpb-content-wrapper\">[vc_row content_placement=&#8221;middle&#8221; css=&#8221;.vc_custom_1580289548072{margin-top: 60px !important;}&#8221;][vc_column width=&#8221;1\/2&#8243;]<style>.vcex-heading.vcex_69ded676eb51f{border-color:#f07121;}<\/style><h3 class=\"vcex-heading vcex-heading-bottom-border-w-color vcex-module wpex-heading wpex-text-2xl wpex-border-b-2 wpex-border-solid wpex-border-main subtitles-product vcex_69ded676eb51f\"><span class=\"vcex-heading-inner wpex-inline-block wpex-relative wpex-pb-5 wpex-border-b-2 wpex-border-solid wpex-border-accent\">Informaci\u00f3n general e imagen<\/span><\/h3><div class=\"vcex-spacing wpex-w-100 wpex-clear\"><\/div>[vc_column_text]<span style=\"font-weight: 400;\">Citilab promueve que las ni\u00f1as y los ni\u00f1os sean competentes en las habilidades del siglo XXI, buscando la creatividad, el pensamiento anal\u00edtico y la co-innovaci\u00f3n.<\/span><\/p>\n<p><span style=\"font-weight: 400;\">La creaci\u00f3n del kit de rob\u00f3tica Citilab ED1 es fruto de la necesidad de transformar algunas de las practicas habituales en las aulas, en el marco del proyecto EduLab.\u00a0 \u00a0 \u00a0 \u00a0 \u00a0 \u00a0 \u00a0 \u00a0 \u00a0 \u00a0 \u00a0 \u00a0 \u00a0 En relaci\u00f3n al documento \u201c<\/span><a href=\"https:\/\/www.oecd.org\/education\/2030-project\/\"><i><span style=\"font-weight: 400;\">The Future of Education and Skills: Education 2030<\/span><\/i><i><span style=\"font-weight: 400;\">\u201d<\/span><\/i><\/a><span style=\"font-weight: 400;\">, en el que se identifican numerosos retos a los que se afronta la sociedad actual, se ha querido dise\u00f1ar una herramienta que ayude a promover este cambio.<\/span><\/p>\n<p><span style=\"font-weight: 400;\">As\u00ed mismo, el Kit Citilab ED1 facilita la experimentaci\u00f3n de las disciplinas STEAM, pero tambi\u00e9n es una buena herramienta para desarrollar actividades interdisciplinares combinadas con otros contenidos curriculares de forma motivadora e innovadora.<\/span><\/p>\n<p><span style=\"font-weight: 400;\">La placa ED1, se programa con el entorno de programaci\u00f3n<\/span><a href=\"http:\/\/microblocks.fun\/\"> <span style=\"font-weight: 400;\">microBlocks<\/span><\/a><span style=\"font-weight: 400;\">, un nuevo lenguaje de programaci\u00f3n visual por bloques similar a Scratch, que funciona dentro de la placa y permite trabajar proyectos interactivos y aut\u00f3nomos de forma transparente.<\/span><\/p>\n<p><span style=\"font-weight: 400;\">El kit incluye los materiales necesarios para realizar el montaje del robot <\/span><i><span style=\"font-weight: 400;\">Fant\u00e0stic<\/span><\/i><span style=\"font-weight: 400;\">; la placa ED1, los motores, el cabe USB y la bater\u00eda. Adem\u00e1s, dispone de la posibilidad de personalizar el robot a trav\u00e9s de un patr\u00f3n que facilita la creaci\u00f3n de un vestido.<\/span><\/p>\n<p><span style=\"font-weight: 400;\">Su aplicaci\u00f3n es muy amplia, debido que se trata de un robot con posibilidades de ser utilizado des de ni\u00f1os de tres a\u00f1os hasta la etapa adulta. Dispone de diferentes niveles de uso que es obligatorio consultar antes de utilizar-lo.<\/span><\/p>\n<p><span style=\"font-weight: 400;\">En definitiva resaltar que la placa ED1 y el dise\u00f1o del robot son abiertos permitiendo as\u00ed mejorar el producto y hacer modificaciones al gusto. Tambi\u00e9n se ha ajustado al m\u00e1ximo su coste econ\u00f3mico en su dise\u00f1o, con el fin de llegar al mayor p\u00fablico posible.<\/span>[\/vc_column_text][\/vc_column][vc_column width=&#8221;1\/2&#8243;]<div class=\"vcex-spacing wpex-w-100 wpex-clear\" style=\"height:20px;\"><\/div>[vc_video link=&#8221;https:\/\/www.youtube.com\/watch?v=ZGvE_8RV73w&#8221;]<div class=\"vcex-spacing wpex-w-100 wpex-clear\"><\/div><style>.vcex-button.vcex_69ded676ec920{background:#f07121;color:#ffffff!important;padding-block:15px;padding-inline:100px;}<\/style><div class=\"theme-button-wrap textcenter theme-button-block-wrap wpex-block wpex-clear wpex-clr\"><a href=\"https:\/\/www.youtube.com\/channel\/UCN-E583ha902JhhQwQ3Xq_g\" class=\"vcex-button theme-button medium align-center block button-youtube vcex_69ded676ec920\" target=\"_blank\" rel=\"nofollow noopener noreferrer\"><span class=\"vcex-button-inner theme-button-inner wpex-flex wpex-flex-wrap wpex-items-center wpex-justify-center\">Visita nuestro canal<\/span><\/a><\/div> [\/vc_column][\/vc_row][vc_row][vc_column width=&#8221;1\/2&#8243;]<style>.vcex-heading.vcex_69ded676ecefa{border-color:#f07121;color:#f07121;}<\/style><h3 class=\"vcex-heading vcex-heading-bottom-border-w-color vcex-module wpex-heading wpex-text-2xl wpex-border-b-2 wpex-border-solid wpex-border-main subtitles-product vcex_69ded676ecefa\"><span class=\"vcex-heading-inner wpex-inline-block wpex-relative wpex-pb-5 wpex-border-b-2 wpex-border-solid wpex-border-accent\">Caracter\u00edsticas<\/span><\/h3><div class=\"vcex-spacing wpex-w-100 wpex-clear\"><\/div>[vc_column_text el_class=&#8221;text-product&#8221;]\n<h4><span  style=\"color:f07121;margin-right:15px;font-size:24px;\" class=\"wpex-icon\" aria-hidden=\"true\"><svg xmlns=\"http:\/\/www.w3.org\/2000\/svg\" viewBox=\"0 0 448 512\"><path d=\"M349.4 44.6c5.9-13.7 1.5-29.7-10.6-38.5s-28.6-8-39.9 1.8l-256 224c-10 8.8-13.6 22.9-8.9 35.3S50.7 288 64 288H175.5L98.6 467.4c-5.9 13.7-1.5 29.7 10.6 38.5s28.6 8 39.9-1.8l256-224c10-8.8 13.6-22.9 8.9-35.3s-16.6-20.7-30-20.7H272.5L349.4 44.6z\"\/><\/svg><\/span><b>Componentes electr\u00f3nicos<\/b><\/h4>\n<ul style=\"margin-bottom: 60px;\">\n<li><span style=\"font-weight: 400;\">Placa Citilab ED1.\u00a0 <\/span><\/li>\n<li><span style=\"font-weight: 400;\">Dos motores paso a paso, modelo 28BYJ-48.<\/span><\/li>\n<li><span style=\"font-weight: 400;\">Cable USB-C de carga y datos de longitud entre 0,8m y 1m. <\/span><\/li>\n<li><span style=\"font-weight: 400;\">Bater\u00eda recargable de 3,7V tipo 16340 o RCR 123.<\/span><\/li>\n<\/ul>\n<h4><span  style=\"color:f07121;margin-right:15px;font-size:24px;\" class=\"wpex-icon\" aria-hidden=\"true\"><svg xmlns=\"http:\/\/www.w3.org\/2000\/svg\" viewBox=\"0 0 512 512\"><path d=\"M184 48H328c4.4 0 8 3.6 8 8V96H176V56c0-4.4 3.6-8 8-8zm-56 8V96H64C28.7 96 0 124.7 0 160v96H192 320 512V160c0-35.3-28.7-64-64-64H384V56c0-30.9-25.1-56-56-56H184c-30.9 0-56 25.1-56 56zM512 288H320v32c0 17.7-14.3 32-32 32H224c-17.7 0-32-14.3-32-32V288H0V416c0 35.3 28.7 64 64 64H448c35.3 0 64-28.7 64-64V288z\"\/><\/svg><\/span><b>Chasis y montaje<\/b><\/h4>\n<ul style=\"margin-bottom: 60px;\">\n<li><span style=\"font-weight: 400;\">Tres piezas para el montaje del chasis en metacrilato cortado con laser.<\/span><\/li>\n<li>Cuatro separadores hexagonales M3 25 FF, aluminio.<\/li>\n<li><span style=\"font-weight: 400;\">Dos separadores hexagonales M3 25 FF, aluminio.<\/span><\/li>\n<li><span style=\"font-weight: 400;\">Seis tornillos M3, cabeza tipo Allen y longitud 10mm, acero.<\/span><\/li>\n<li>Dos roscas M3 3mm, acero.<\/li>\n<li>Llave Allen 2,5 56mm.<\/li>\n<\/ul>\n<h4><span  style=\"color:f07121;margin-right:15px;font-size:24px;\" class=\"wpex-icon\" aria-hidden=\"true\"><svg xmlns=\"http:\/\/www.w3.org\/2000\/svg\" viewBox=\"0 0 512 512\"><path d=\"M32 32H480c17.7 0 32 14.3 32 32V96c0 17.7-14.3 32-32 32H32C14.3 128 0 113.7 0 96V64C0 46.3 14.3 32 32 32zm0 128H480V416c0 35.3-28.7 64-64 64H96c-35.3 0-64-28.7-64-64V160zm128 80c0 8.8 7.2 16 16 16H336c8.8 0 16-7.2 16-16s-7.2-16-16-16H176c-8.8 0-16 7.2-16 16z\"\/><\/svg><\/span><b>Caja y otros<\/b><\/h4>\n<ul style=\"margin-bottom: 60px;\">\n<li><span style=\"font-weight: 400;\">Caja de cart\u00f3n en formato DIN A4, de 5cm de altura.<\/span><\/li>\n<li><span style=\"font-weight: 400;\">Plancha de espuma interior para ordenar los componentes.<\/span><\/li>\n<li><span style=\"font-weight: 400;\">Bolsa para guardar tornillos, tuercas, separadores y llave.<\/span><\/li>\n<li>Instrucciones de montaje en la tapa interior.<\/li>\n<li>Hoja interior en formato DINA4 a doble cara con instrucciones b\u00e1sicas para la programaci\u00f3n del robot.<\/li>\n<\/ul>\n[\/vc_column_text][\/vc_column][vc_column width=&#8221;1\/2&#8243;]<style>.vcex-heading.vcex_69ded676ed4b4{border-color:#f07121;}<\/style><h3 class=\"vcex-heading vcex-heading-bottom-border-w-color vcex-module wpex-heading wpex-text-2xl wpex-border-b-2 wpex-border-solid wpex-border-main subtitles-product vcex_69ded676ed4b4\"><span class=\"vcex-heading-inner wpex-inline-block wpex-relative wpex-pb-5 wpex-border-b-2 wpex-border-solid wpex-border-accent\">Partes desglosadas del kit<\/span><\/h3><div class=\"wpex-slider-preloaderimg wpex-relative\"><img width=\"500\" height=\"359\" src=\"https:\/\/market.citilab.eu\/wp-content\/uploads\/2020\/01\/512-376-max-2.jpg\" class=\"skip-lazy\" alt=\"\" data-no-lazy=\"1\" srcset=\"https:\/\/market.citilab.eu\/wp-content\/uploads\/2020\/01\/512-376-max-2.jpg 500w, https:\/\/market.citilab.eu\/wp-content\/uploads\/2020\/01\/512-376-max-2-300x215.jpg 300w\" sizes=\"(max-width: 500px) 100vw, 500px\" \/><\/div><div class=\"vcex-image-slider vcex-module wpex-slider slider-pro wpex-clr slider-products\" data-auto-play-delay=\"5000\" data-buttons=\"false\" data-fade-arrows=\"false\" data-animation-speed=\"600\" data-height-animation-duration=\"500\" data-thumbnail-height=\"70\" data-thumbnail-width=\"70\" data-reach-video-action=\"none\"><div class=\"wpex-slider-slides sp-slides\"><div class=\"wpex-slider-slide sp-slide\"><div class=\"wpex-slider-media wpex-relative\"><img width=\"500\" height=\"359\" src=\"https:\/\/market.citilab.eu\/wp-content\/uploads\/2020\/01\/512-376-max-2.jpg\" class=\"skip-lazy\" alt=\"\" data-no-lazy=\"1\" srcset=\"https:\/\/market.citilab.eu\/wp-content\/uploads\/2020\/01\/512-376-max-2.jpg 500w, https:\/\/market.citilab.eu\/wp-content\/uploads\/2020\/01\/512-376-max-2-300x215.jpg 300w\" sizes=\"(max-width: 500px) 100vw, 500px\" \/><\/div><\/div><div class=\"wpex-slider-slide sp-slide\"><div class=\"wpex-slider-media wpex-relative\"><img width=\"500\" height=\"359\" src=\"https:\/\/market.citilab.eu\/wp-content\/uploads\/2020\/01\/512-376-max-1.jpg\" class=\"skip-lazy\" alt=\"\" data-no-lazy=\"1\" srcset=\"https:\/\/market.citilab.eu\/wp-content\/uploads\/2020\/01\/512-376-max-1.jpg 500w, https:\/\/market.citilab.eu\/wp-content\/uploads\/2020\/01\/512-376-max-1-300x215.jpg 300w\" sizes=\"(max-width: 500px) 100vw, 500px\" \/><\/div><\/div><\/div><\/div><div class=\"vcex-spacing wpex-w-100 wpex-clear\" style=\"height:35px;\"><\/div><div class=\"wpex-slider-preloaderimg wpex-relative\"><img width=\"960\" height=\"720\" src=\"https:\/\/market.citilab.eu\/wp-content\/uploads\/2020\/01\/Caixa-CAT.png\" class=\"skip-lazy\" alt=\"\" data-no-lazy=\"1\" srcset=\"https:\/\/market.citilab.eu\/wp-content\/uploads\/2020\/01\/Caixa-CAT.png 960w, https:\/\/market.citilab.eu\/wp-content\/uploads\/2020\/01\/Caixa-CAT-300x225.png 300w, https:\/\/market.citilab.eu\/wp-content\/uploads\/2020\/01\/Caixa-CAT-768x576.png 768w, https:\/\/market.citilab.eu\/wp-content\/uploads\/2020\/01\/Caixa-CAT-600x450.png 600w\" sizes=\"(max-width: 960px) 100vw, 960px\" \/><\/div><div class=\"vcex-image-slider vcex-module wpex-slider slider-pro wpex-clr\" data-auto-play-delay=\"5000\" data-buttons=\"false\" data-fade-arrows=\"false\" data-animation-speed=\"600\" data-height-animation-duration=\"500\" data-thumbnail-height=\"70\" data-thumbnail-width=\"70\" data-reach-video-action=\"none\"><div class=\"wpex-slider-slides sp-slides\"><div class=\"wpex-slider-slide sp-slide\"><div class=\"wpex-slider-media wpex-relative\"><img width=\"960\" height=\"720\" src=\"https:\/\/market.citilab.eu\/wp-content\/uploads\/2020\/01\/Caixa-CAT.png\" class=\"skip-lazy\" alt=\"\" data-no-lazy=\"1\" srcset=\"https:\/\/market.citilab.eu\/wp-content\/uploads\/2020\/01\/Caixa-CAT.png 960w, https:\/\/market.citilab.eu\/wp-content\/uploads\/2020\/01\/Caixa-CAT-300x225.png 300w, https:\/\/market.citilab.eu\/wp-content\/uploads\/2020\/01\/Caixa-CAT-768x576.png 768w, https:\/\/market.citilab.eu\/wp-content\/uploads\/2020\/01\/Caixa-CAT-600x450.png 600w\" sizes=\"(max-width: 960px) 100vw, 960px\" \/><\/div><\/div><div class=\"wpex-slider-slide sp-slide\"><div class=\"wpex-slider-media wpex-relative\"><img width=\"1280\" height=\"803\" src=\"https:\/\/market.citilab.eu\/wp-content\/uploads\/2020\/01\/Caja_con_Tapa.jpg\" class=\"skip-lazy\" alt=\"\" data-no-lazy=\"1\" srcset=\"https:\/\/market.citilab.eu\/wp-content\/uploads\/2020\/01\/Caja_con_Tapa.jpg 1280w, https:\/\/market.citilab.eu\/wp-content\/uploads\/2020\/01\/Caja_con_Tapa-300x188.jpg 300w, https:\/\/market.citilab.eu\/wp-content\/uploads\/2020\/01\/Caja_con_Tapa-1024x642.jpg 1024w, https:\/\/market.citilab.eu\/wp-content\/uploads\/2020\/01\/Caja_con_Tapa-768x482.jpg 768w, https:\/\/market.citilab.eu\/wp-content\/uploads\/2020\/01\/Caja_con_Tapa-600x376.jpg 600w\" sizes=\"(max-width: 1280px) 100vw, 1280px\" \/><\/div><\/div><div class=\"wpex-slider-slide sp-slide\"><div class=\"wpex-slider-media wpex-relative\"><img width=\"900\" height=\"647\" src=\"https:\/\/market.citilab.eu\/wp-content\/uploads\/2020\/01\/Caja_con_Componentes.jpg\" class=\"skip-lazy\" alt=\"\" data-no-lazy=\"1\" srcset=\"https:\/\/market.citilab.eu\/wp-content\/uploads\/2020\/01\/Caja_con_Componentes.jpg 900w, https:\/\/market.citilab.eu\/wp-content\/uploads\/2020\/01\/Caja_con_Componentes-300x216.jpg 300w, https:\/\/market.citilab.eu\/wp-content\/uploads\/2020\/01\/Caja_con_Componentes-768x552.jpg 768w, https:\/\/market.citilab.eu\/wp-content\/uploads\/2020\/01\/Caja_con_Componentes-600x431.jpg 600w\" sizes=\"(max-width: 900px) 100vw, 900px\" \/><\/div><\/div><\/div><\/div>[\/vc_column][\/vc_row][vc_row][vc_column]<style>.vcex-heading.vcex_69ded676f136f{border-color:#f07121;color:#f07121;}<\/style><h3 class=\"vcex-heading vcex-heading-bottom-border-w-color vcex-module wpex-heading wpex-text-2xl wpex-border-b-2 wpex-border-solid wpex-border-main subtitles-product vcex_69ded676f136f\"><span class=\"vcex-heading-inner wpex-inline-block wpex-relative wpex-pb-5 wpex-border-b-2 wpex-border-solid wpex-border-accent\">Seguridad<\/span><\/h3><div class=\"vcex-spacing wpex-w-100 wpex-clear\"><\/div>[vc_column_text]<strong>Indicaciones de seguridad<\/strong><\/p>\n<ol>\n<li><span style=\"font-weight: 400;\">El kit ED1 est\u00e1 dise\u00f1ado con fines pedag\u00f3gicos y se debe utilizar bajo la supervisi\u00f3n de instructores adultos.<\/span><\/li>\n<li><span style=\"font-weight: 400;\">La placa ED1 incluida en el kit no puede ser utilizada por menores de 8 a\u00f1os.<\/span><\/li>\n<li><span style=\"font-weight: 400;\">No colocar objetos met\u00e1licos sobre ninguna de la dos caras de la placa ED1, ni utilizar sobre superficies met\u00e1licas.<\/span><\/li>\n<li><span style=\"font-weight: 400;\">No utilizar la placa estando en contacto con l\u00edquidos o con las manos mojadas.<\/span><\/li>\n<li><span style=\"font-weight: 400;\">No dejar la placa conectada a ning\u00fan dispositivos sin supervisi\u00f3n.<\/span><\/li>\n<li><span style=\"font-weight: 400;\">En caso de conectar dispositivos a la placa ED1, respetar las polaridades y valores el\u00e9ctricos soportados por la placa. Para la salida la intensidad m\u00e1xima es de 100mA i para las entradas la tensi\u00f3n m\u00e1xima es de 5V.<\/span><\/li>\n<li><span style=\"font-weight: 400;\">Desconectar el interruptor de encendida de la placa siempre que se guarde o no se utilice.<\/span><\/li>\n<\/ol>\n[\/vc_column_text][\/vc_column][\/vc_row]\n<\/div>","protected":false},"excerpt":{"rendered":"<p>[vc_row content_placement=&#8221;middle&#8221; css=&#8221;.vc_custom_1580289548072{margin-top: 60px !important;}&#8221;][vc_column width=&#8221;1\/2&#8243;][vc_column_text]Citilab promueve que las ni\u00f1as y los ni\u00f1os sean competentes en las habilidades del siglo XXI, buscando la creatividad, el pensamiento anal\u00edtico y la co-innovaci\u00f3n. La creaci\u00f3n del kit de rob\u00f3tica Citilab ED1 es fruto de la necesidad de transformar algunas de las practicas habituales en las aulas, en el&hellip;<\/p>\n","protected":false},"featured_media":570,"template":"","meta":[],"product_brand":[],"product_cat":[33],"product_tag":[],"class_list":{"0":"post-824","1":"product","2":"type-product","3":"status-publish","4":"has-post-thumbnail","6":"product_cat-robotica-es","7":"entry","8":"has-media","10":"first","11":"instock","12":"taxable","13":"shipping-taxable","14":"purchasable","15":"product-type-variable"},"_links":{"self":[{"href":"https:\/\/market.citilab.eu\/es\/wp-json\/wp\/v2\/product\/824","targetHints":{"allow":["GET"]}}],"collection":[{"href":"https:\/\/market.citilab.eu\/es\/wp-json\/wp\/v2\/product"}],"about":[{"href":"https:\/\/market.citilab.eu\/es\/wp-json\/wp\/v2\/types\/product"}],"wp:featuredmedia":[{"embeddable":true,"href":"https:\/\/market.citilab.eu\/es\/wp-json\/wp\/v2\/media\/570"}],"wp:attachment":[{"href":"https:\/\/market.citilab.eu\/es\/wp-json\/wp\/v2\/media?parent=824"}],"wp:term":[{"taxonomy":"product_brand","embeddable":true,"href":"https:\/\/market.citilab.eu\/es\/wp-json\/wp\/v2\/product_brand?post=824"},{"taxonomy":"product_cat","embeddable":true,"href":"https:\/\/market.citilab.eu\/es\/wp-json\/wp\/v2\/product_cat?post=824"},{"taxonomy":"product_tag","embeddable":true,"href":"https:\/\/market.citilab.eu\/es\/wp-json\/wp\/v2\/product_tag?post=824"}],"curies":[{"name":"wp","href":"https:\/\/api.w.org\/{rel}","templated":true}]}}